{"id":69876,"date":"2022-11-28T11:05:22","date_gmt":"2022-11-28T10:05:22","guid":{"rendered":"https:\/\/secureus.se\/produkt\/kameradetektor-husdjur-12m-tradlos-vit\/"},"modified":"2026-04-20T14:24:16","modified_gmt":"2026-04-20T12:24:16","slug":"ajax-motioncam-kameradetektor-husdjur-vit","status":"publish","type":"product","link":"https:\/\/secureus.se\/pl\/ajax-motioncam-kameradetektor-husdjur-vit\/","title":{"rendered":"Detektor kamery Ajax MotionCam Funkcja zwierzaka Bia\u0142y"},"content":{"rendered":"<h3><strong>Ajax MotionCam \u2013 bezprzewodowy czujnik ruchu z odporno\u015bci\u0105 na kamer\u0119 i zwierz\u0119ta<\/strong><\/h3>\n<p>Ajax MotionCam to bezprzewodowa czujka ruchu, kt\u00f3ra w przypadku alarmu wykonuje zdj\u0119cia, umo\u017cliwiaj\u0105c natychmiastow\u0105 weryfikacj\u0119 zdarze\u0144.<\/p>\n<p>Dzi\u0119ki wbudowanej odporno\u015bci na zwierz\u0119ta i zaawansowanej technologii minimalizuj\u0105cej fa\u0142szywe alarmy, jest to najlepsze rozwi\u0105zanie systemu bezpiecze\u0144stwa.<\/p>\n<p>MotionCam to nie tylko detektor, ale pot\u0119\u017cne narz\u0119dzie do szybkiej i niezawodnej weryfikacji alarm\u00f3w.<\/p>\n<p><strong>G\u0142\u00f3wne cechy:<\/strong><\/p>\n<ol>\n<li><strong>Szybka weryfikacja zdj\u0119\u0107 (9 sekund):<\/strong> Po w\u0142\u0105czeniu czujnika ruchu MotionCam natychmiast wykonuje zdj\u0119cia i wysy\u0142a je do smartfona lub centrum bezpiecze\u0144stwa.<\/li>\n<li>Dzi\u0119ki temu mo\u017cna uzyska\u0107 natychmiastowe wizualne potwierdzenie tego, co si\u0119 wydarzy\u0142o, bez konieczno\u015bci czekania na dodatkowe dane.<\/li>\n<li><strong>Odporno\u015b\u0107 na zwierz\u0119ta:<\/strong> MotionCam jest odporny na zwierz\u0119ta o wadze do 20 kg i 50 cm.<\/li>\n<li>Oznacza to, \u017ce mo\u017cesz mie\u0107 w\u0142\u0105czony system bezpiecze\u0144stwa, nie martwi\u0105c si\u0119 o fa\u0142szywe alarmy spowodowane przez Twoje zwierz\u0119ta.<\/li>\n<li><strong>Regulowana rozdzielczo\u015b\u0107 obrazu:<\/strong> Aby dostosowa\u0107 si\u0119 do r\u00f3\u017cnych potrzeb, rozdzielczo\u015b\u0107 obrazu mo\u017cna dostosowa\u0107, aby zaoszcz\u0119dzi\u0107 przepustowo\u015b\u0107 i miejsce na dysku.<\/li>\n<li>W razie potrzeby mo\u017cna zastosowa\u0107 wy\u017csz\u0105 rozdzielczo\u015b\u0107 w celu uzyskania bardziej szczeg\u00f3\u0142owych obraz\u00f3w.<\/li>\n<li><strong>O\u015bwietlenie IR w ciemnych warunkach:<\/strong> Dzi\u0119ki wbudowanemu o\u015bwietleniu IR MotionCam mo\u017ce robi\u0107 zdj\u0119cia nawet w ciemnych pomieszczeniach, dzi\u0119ki czemu mo\u017cesz mie\u0107 pewno\u015b\u0107, \u017ce nic nie umknie niezauwa\u017cone nawet w nocy.<\/li>\n<li><strong>Funkcja kompensacji temperatury:<\/strong> MotionCam dostosowuje ustawienia wykrywania w oparciu o temperatur\u0119 otoczenia, dzi\u0119ki czemu jest skuteczny zar\u00f3wno w gor\u0105cym, jak i zimnym otoczeniu.<\/li>\n<\/ol>\n<p><strong>Dane techniczne:<\/strong><\/p>\n<ul>\n<li><strong>Odleg\u0142o\u015b\u0107 wykrywania:<\/strong> Do 12 metr\u00f3w<\/li>\n<li><strong>Odporno\u015b\u0107 na zwierz\u0119ta:<\/strong> Do 20 kg i 50 cm<\/li>\n<li><strong>Czas weryfikacji zdj\u0119cia:<\/strong> 9 sekund<\/li>\n<li><strong>\u017bywotno\u015b\u0107 baterii:<\/strong> Do 4 lat w zale\u017cno\u015bci od u\u017cytkowania<\/li>\n<li><strong>Obszar komunikacyjny z hubem:<\/strong> Do 1300 metr\u00f3w (w otwartym terenie)<\/li>\n<li><strong>Zasilanie:<\/strong> 1 bateria CR123A<\/li>\n<li><strong>Mierzy\u0107:<\/strong> 130 x 70 x 60 mm<\/li>\n<li><strong>Waga:<\/strong> 200 gr<\/li>\n<li><strong>Klasa ochrony:<\/strong> IP50<\/li>\n<li><strong>Kompensacja temperatury:<\/strong> Tak<\/li>\n<li><strong>O\u015bwietlenie IR:<\/strong> Tak<\/li>\n<\/ul>\n<p><strong>Ochrona prywatno\u015bci i danych:<\/strong><\/p>\n<ul>\n<li><strong>Szyfrowanie i zgodno\u015b\u0107 z RODO:<\/strong> Wszystkie obrazy i dane s\u0105 szyfrowane, aby nikt nieupowa\u017cniony nie m\u00f3g\u0142 uzyska\u0107 dost\u0119pu do poufnych informacji.<\/li>\n<li>Tylko autoryzowani u\u017cytkownicy mog\u0105 przegl\u0105da\u0107 obrazy za po\u015brednictwem aplikacji Ajax, a transmisja danych jest bezpieczna dzi\u0119ki zastosowaniu szyfrowania blokowego i przeskakiwania cz\u0119stotliwo\u015bci.<\/li>\n<\/ul>\n<p><strong>Technologia bezprzewodowa:<\/strong><\/p>\n<ul>\n<li><strong>Protok\u00f3\u0142 jubilera i skrzyde\u0142:<\/strong> MotionCam wykorzystuje protoko\u0142y bezprzewodowe Jeweler i Wing do szybkiej i niezawodnej komunikacji.<\/li>\n<li>Jubiler zapewnia bezpieczn\u0105 transmisj\u0119 alarm\u00f3w, natomiast Wings zapewnia szybk\u0105 transmisj\u0119 zdj\u0119\u0107.<\/li>\n<\/ul>\n<p><strong>Funkcje antysabota\u017cowe:<\/strong><\/p>\n<ul>\n<li>MotionCam wykrywa sabota\u017c urz\u0105dzenia lub utrat\u0119 komunikacji i natychmiast wysy\u0142a alert.<\/li>\n<li>Dzi\u0119ki temu urz\u0105dzenie pozostaje bezpieczne i funkcjonalne, nawet w przypadku pr\u00f3b manipulacji.<\/li>\n<\/ul>\n<p><strong>Instalacja i integracja:<\/strong> MotionCam mo\u017cna \u0142atwo zainstalowa\u0107 za pomoc\u0105 aplikacji Ajax.<\/p>\n<p>Skanuj\u0105c kod QR, mo\u017cesz szybko doda\u0107 urz\u0105dzenie do systemu, bez konieczno\u015bci demonta\u017cu czegokolwiek.<\/p>\n<p>Czujka jest instalowana na wsporniku SmartBracket i jest gotowa do u\u017cycia w ci\u0105gu kilku minut.<\/p>\n<p><strong>Zalety:<\/strong><\/p>\n<ul>\n<li><strong>Szybka weryfikacja alarmu:<\/strong> Uzyskaj natychmiastowy wgl\u0105d w zdarzenia zwi\u0105zane z bezpiecze\u0144stwem.<\/li>\n<li><strong>Redukuje fa\u0142szywe alarmy:<\/strong> Odporno\u015b\u0107 na zwierz\u0119ta i zaawansowana filtracja programowa pozwalaj\u0105 mie\u0107 pewno\u015b\u0107, \u017ce system reaguje prawid\u0142owo.<\/li>\n<li><strong>Zwi\u0119kszone bezpiecze\u0144stwo:<\/strong> Wi\u0119ksze bezpiecze\u0144stwo poprzez wizualn\u0105 weryfikacj\u0119 zdarze\u0144.<\/li>\n<li><strong>\u0141atwo\u015b\u0107 obs\u0142ugi i instalacji:<\/strong> \u0141atwa instalacja i konfiguracja za pomoc\u0105 aplikacji.<\/li>\n<li><strong>Wy\u017csza ochrona prywatno\u015bci i danych:<\/strong> Szyfrowanie i \u015bcis\u0142a kontrola dost\u0119pu chroni\u0105 Twoje informacje.<\/li>\n<\/ul>\n<p><strong>Obszary zastosowania:<\/strong><\/p>\n<ul>\n<li><strong>Dom:<\/strong> Weryfikuj w\u0142amania i uzyskaj natychmiastowe potwierdzenie wizualne w systemie smartfona.<\/li>\n<li><strong>Biznes:<\/strong> Monitoruj teren swojej firmy i uzyskaj szybk\u0105 informacj\u0119 o zagro\u017ceniach bezpiecze\u0144stwa.<\/li>\n<li><strong>Cele ubezpieczenia:<\/strong> Uzyskaj dokumentacj\u0119 zdarze\u0144 zwi\u0105zanych z bezpiecze\u0144stwem w celu udowodnienia narusze\u0144 i szk\u00f3d.<\/li>\n<\/ul>","protected":false},"excerpt":{"rendered":"<p>Ajax MotionCam to bezprzewodowa czujka ruchu z wbudowan\u0105 kamer\u0105, kt\u00f3ra umo\u017cliwia szybk\u0105 weryfikacj\u0119 zdj\u0119\u0107 w 9 sekund.<\/p>\n<p>Jest wyposa\u017cony w odporno\u015b\u0107 na zwierz\u0119ta, regulowan\u0105 rozdzielczo\u015b\u0107 obrazu i o\u015bwietlenie w podczerwieni, aby rejestrowa\u0107 obrazy nawet w ciemnych warunkach.<\/p>\n<p>Niezawodne rozwi\u0105zanie ograniczaj\u0105ce liczb\u0119 fa\u0142szywych alarm\u00f3w i zapewniaj\u0105ce szybki wgl\u0105d w przypadki w\u0142ama\u0144.<\/p>","protected":false},"featured_media":155437,"template":"","meta":{"_acf_changed":false},"product_brand":[],"product_cat":[3156,1319,3155],"product_tag":[3127,2137,4863],"class_list":{"0":"post-69876","1":"product","2":"type-product","3":"status-publish","4":"has-post-thumbnail","6":"product_cat-rorelse-och-kamera","7":"product_cat-ajax-larm","8":"product_cat-larmenheter","9":"product_tag-kontrollprodukt","10":"product_tag-lager-ajax","11":"product_tag-pf","12":"product_shipping_class-postnord-varubrev","13":"pa_ajax-tradlosa-larm-kameradetektor","14":"pa_brands-ajax-systems","15":"pa_color-vit","16":"pa_farg-vit","17":"tm-no-options","19":"first","20":"instock","21":"sale","22":"featured","23":"taxable","24":"shipping-taxable","25":"purchasable","26":"product-type-simple"},"acf":[],"_links":{"self":[{"href":"https:\/\/secureus.se\/pl\/wp-json\/wp\/v2\/product\/69876","targetHints":{"allow":["GET"]}}],"collection":[{"href":"https:\/\/secureus.se\/pl\/wp-json\/wp\/v2\/product"}],"about":[{"href":"https:\/\/secureus.se\/pl\/wp-json\/wp\/v2\/types\/product"}],"wp:featuredmedia":[{"embeddable":true,"href":"https:\/\/secureus.se\/pl\/wp-json\/wp\/v2\/media\/155437"}],"wp:attachment":[{"href":"https:\/\/secureus.se\/pl\/wp-json\/wp\/v2\/media?parent=69876"}],"wp:term":[{"taxonomy":"product_brand","embeddable":true,"href":"https:\/\/secureus.se\/pl\/wp-json\/wp\/v2\/product_brand?post=69876"},{"taxonomy":"product_cat","embeddable":true,"href":"https:\/\/secureus.se\/pl\/wp-json\/wp\/v2\/product_cat?post=69876"},{"taxonomy":"product_tag","embeddable":true,"href":"https:\/\/secureus.se\/pl\/wp-json\/wp\/v2\/product_tag?post=69876"}],"curies":[{"name":"wp","href":"https:\/\/api.w.org\/{rel}","templated":true}]}}