{"id":69881,"date":"2022-11-28T11:05:22","date_gmt":"2022-11-28T10:05:22","guid":{"rendered":"https:\/\/secureus.se\/produkt\/manoverpanel-tradlos-vit\/"},"modified":"2026-03-16T15:57:17","modified_gmt":"2026-03-16T14:57:17","slug":"ajax-keypad-manoverpanel-vit","status":"publish","type":"product","link":"https:\/\/secureus.se\/pl\/ajax-keypad-manoverpanel-vit\/","title":{"rendered":"Panel sterowania Ajax KeyPad w kolorze bia\u0142ym"},"content":{"rendered":"<h3>Ajax KeyPad to zaawansowany bezprzewodowy panel sterowania zaprojektowany z my\u015bl\u0105 o \u0142atwym i bezpiecznym sterowaniu systemem bezpiecze\u0144stwa Ajax.<\/h3>\n<p>Wyposa\u017cony jest w pojemno\u015bciow\u0105 klawiatur\u0119 dotykow\u0105, kt\u00f3ra umo\u017cliwia \u0142atw\u0105 aktywacj\u0119 i dezaktywacj\u0119 systemu bezpiecze\u0144stwa poprzez wprowadzenie kodu.<\/p>\n<p>KeyPad jest r\u00f3wnie\u017c wyposa\u017cony w szereg zaawansowanych funkcji, takich jak uwierzytelnianie zapobiegaj\u0105ce fa\u0142szerstwu i manipulacji, co czyni go niezawodnym wyborem zapewniaj\u0105cym bezpiecze\u0144stwo Twojego domu lub firmy.<\/p>\n<p>Dzi\u0119ki Ajax KeyPad u\u017cytkownik mo\u017ce efektywnie kontrolowa\u0107 r\u00f3\u017cne tryby bezpiecze\u0144stwa. Posiada specjalny przycisk alarmowy, kt\u00f3ry mo\u017ce uruchomi\u0107 alarm awaryjny w przypadku podejrzenia w\u0142amania lub sytuacji awaryjnych.<\/p>\n<p>Aby zapobiec nieautoryzowanemu dost\u0119powi i chroni\u0107 przed potencjalnymi zagro\u017ceniami, KeyPad automatycznie blokuje, je\u015bli w kr\u00f3tkim czasie dokonanych zostanie zbyt wiele b\u0142\u0119dnych wpis\u00f3w.<\/p>\n<p>KeyPad posiada tak\u017ce funkcj\u0119 cichego alarmu, kt\u00f3ra pozwala u\u017cytkownikowi aktywowa\u0107 sygna\u0142 alarmowy bez ujawniania swojej pozycji potencjalnym intruzom.<\/p>\n<p>Obs\u0142uguje do 99 kod\u00f3w u\u017cytkownik\u00f3w i umo\u017cliwia zdalne tworzenie i edycj\u0119 kod\u00f3w za po\u015brednictwem aplikacji Ajax.<\/p>\n<p>Wsp\u00f3\u0142pracuje r\u00f3wnie\u017c z unikalnym \u201ekodem pod przymusem\u201d, kt\u00f3ry umo\u017cliwia dyskretne uruchomienie alarmu, je\u015bli u\u017cytkownik zostanie zmuszony do wy\u0142\u0105czenia systemu bezpiecze\u0144stwa pod przymusem.<\/p>\n<p>KeyPad jest kompatybilny ze wszystkimi koncentratorami i przed\u0142u\u017caczami zasi\u0119gu Ajax, dzi\u0119ki czemu mo\u017cna go u\u017cywa\u0107 w r\u00f3\u017cnych scenariuszach instalacji.<\/p>\n<p>Jest r\u00f3wnie\u017c \u0142atwy w instalacji i konfiguracji, a dzi\u0119ki fabrycznie zainstalowanym akumulatorom mo\u017cesz od razu rozpocz\u0105\u0107 prac\u0119.<\/p>\n<p>Wykorzystuje technologi\u0119 radiow\u0105 Jeweler, aby zapewni\u0107 stabiln\u0105 i bezpieczn\u0105 komunikacj\u0119 pomi\u0119dzy urz\u0105dzeniami a jednostk\u0105 centraln\u0105, z imponuj\u0105cym zasi\u0119giem komunikacji a\u017c do 1700 metr\u00f3w.<\/p>\n<p><strong>Dane techniczne<\/strong>:<\/p>\n<ul>\n<li><strong>Komunikacja<\/strong>: Bezprzewodowe z technologi\u0105 radiow\u0105 Jeweler<\/li>\n<li><strong>Zasilanie<\/strong>: 4 baterie AAA, \u017cywotno\u015b\u0107 baterii do 2 lat<\/li>\n<li><strong>Obszar komunikacyjny<\/strong>: Do 2700 mil otwartej przestrzeni<\/li>\n<li><strong>Zakres temperatur<\/strong>: -10\u00b0C do +40\u00b0C<\/li>\n<li><strong>Wilgotno\u015b\u0107<\/strong>: Do 75%<\/li>\n<li><strong>Ochrona<\/strong>: Ochrona przed fa\u0142szerstwem, wykrywanie zak\u0142\u00f3ce\u0144<\/li>\n<li><strong>Rozmiar<\/strong>: 150 \u00d7 103 \u00d7 14 mm<\/li>\n<li><strong>Waga<\/strong>: 197 gr<\/li>\n<li><strong>Gwarancja<\/strong>: 24 miesi\u0105ce<\/li>\n<\/ul>\n<p><strong>Pakiet zawiera<\/strong>:<\/p>\n<ul>\n<li>Klawiatura Ajax<\/li>\n<li>Panel monta\u017cowy SmartBracket<\/li>\n<li>4 \u00d7 baterie AAA (wst\u0119pnie zainstalowane)<\/li>\n<li>Zestaw instalacyjny<\/li>\n<li>Skr\u00f3cona instrukcja obs\u0142ugi<\/li>\n<\/ul>","protected":false},"excerpt":{"rendered":"<p>Ajax KeyPad to bezprzewodowy panel przycisk\u00f3w, kt\u00f3ry zapewnia u\u017cytkownikom \u0142atw\u0105 i bezpieczn\u0105 kontrol\u0119 nad systemem bezpiecze\u0144stwa Ajax.<\/p>\n<p>Dzi\u0119ki funkcjom takim jak uwierzytelnianie, przycisk alarmowy i alarm sabota\u017cowy zapewnia zar\u00f3wno bezpiecze\u0144stwo, jak i \u0142atwo\u015b\u0107 obs\u0142ugi.<\/p>\n<p>Instalacja jest \u0142atwa i dzia\u0142a w ka\u017cdym \u015brodowisku wewn\u0119trznym.<\/p>\n<p>Dzi\u0119ki obs\u0142udze wielu kod\u00f3w u\u017cytkownik\u00f3w i mo\u017cliwo\u015bci tworzenia kod\u00f3w przymusu, Ajax KeyPad zapewnia maksymalne bezpiecze\u0144stwo w domach i firmach.<\/p>","protected":false},"featured_media":155503,"template":"","meta":{"_acf_changed":false},"product_brand":[],"product_cat":[3164,1319],"product_tag":[3127,2137,4863],"class_list":{"0":"post-69881","1":"product","2":"type-product","3":"status-publish","4":"has-post-thumbnail","6":"product_cat-larmstyrning","7":"product_cat-ajax-larm","8":"product_tag-kontrollprodukt","9":"product_tag-lager-ajax","10":"product_tag-pf","11":"product_shipping_class-tunga-paket","12":"pa_ajax-tradlosa-larm-knapssats-manoverpanel","13":"pa_brands-ajax-systems","14":"pa_color-vit","15":"pa_farg-vit","16":"tm-no-options","18":"first","19":"instock","20":"sale","21":"featured","22":"taxable","23":"shipping-taxable","24":"purchasable","25":"product-type-simple"},"acf":[],"_links":{"self":[{"href":"https:\/\/secureus.se\/pl\/wp-json\/wp\/v2\/product\/69881","targetHints":{"allow":["GET"]}}],"collection":[{"href":"https:\/\/secureus.se\/pl\/wp-json\/wp\/v2\/product"}],"about":[{"href":"https:\/\/secureus.se\/pl\/wp-json\/wp\/v2\/types\/product"}],"wp:featuredmedia":[{"embeddable":true,"href":"https:\/\/secureus.se\/pl\/wp-json\/wp\/v2\/media\/155503"}],"wp:attachment":[{"href":"https:\/\/secureus.se\/pl\/wp-json\/wp\/v2\/media?parent=69881"}],"wp:term":[{"taxonomy":"product_brand","embeddable":true,"href":"https:\/\/secureus.se\/pl\/wp-json\/wp\/v2\/product_brand?post=69881"},{"taxonomy":"product_cat","embeddable":true,"href":"https:\/\/secureus.se\/pl\/wp-json\/wp\/v2\/product_cat?post=69881"},{"taxonomy":"product_tag","embeddable":true,"href":"https:\/\/secureus.se\/pl\/wp-json\/wp\/v2\/product_tag?post=69881"}],"curies":[{"name":"wp","href":"https:\/\/api.w.org\/{rel}","templated":true}]}}