{"id":69895,"date":"2022-11-28T11:05:22","date_gmt":"2022-11-28T10:05:22","guid":{"rendered":"https:\/\/secureus.se\/produkt\/manoverpanel-plus-desfire-tradlos-vit\/"},"modified":"2026-04-21T19:30:19","modified_gmt":"2026-04-21T17:30:19","slug":"ajax-keypad-plus-rfid-desfire-vit","status":"publish","type":"product","link":"https:\/\/secureus.se\/pl\/ajax-keypad-plus-rfid-desfire-vit\/","title":{"rendered":"Ajax KeyPad Plus Panel sterowania DESFire bia\u0142y - Wbudowany czytnik RFID"},"content":{"rendered":"<h3>Ajax KeyPad Plus to najlepsze rozwi\u0105zanie do zarz\u0105dzania bezpiecze\u0144stwem, umo\u017cliwiaj\u0105ce u\u017cytkownikom \u0142atwe i bezpieczne uzbrajanie i rozbrajanie systemu, zarz\u0105dzanie okre\u015blonymi grupami i w\u0142\u0105czanie trybu nocnego poprzez dost\u0119p zbli\u017ceniowy.<\/h3>\n<p>Jest wyposa\u017cony w najnowsz\u0105 technologi\u0119 DESFire\u00ae, kt\u00f3ra wykorzystuje 128-bitowe szyfrowanie, aby zapobiec nieautoryzowanemu dost\u0119powi i zapewni\u0107, \u017ce Twoje bezpiecze\u0144stwo nie zostanie naruszone.<\/p>\n<p><strong>Cechy i funkcje:<\/strong><\/p>\n<ol>\n<li><strong>Dost\u0119p bezdotykowy z RFID:<\/strong><br \/>\nKeyPad Plus wykorzystuje technologi\u0119 RFID DESFire do bezdotykowej identyfikacji za pomoc\u0105 kart dost\u0119pu lub brelok\u00f3w. Technologia ta opiera si\u0119 na normie ISO 14443 i \u0142\u0105czy w sobie wysokie bezpiecze\u0144stwo z \u0142atwo\u015bci\u0105 obs\u0142ugi. Wystarczy przy\u0142o\u017cy\u0107 kart\u0119 lub breloczek do czytnika, aby u\u017cytkownicy mogli szybko i \u0142atwo uzbroi\u0107 lub rozbroi\u0107 sw\u00f3j system bez konieczno\u015bci wprowadzania kodu.<\/li>\n<li><strong>D\u0142ugi czas pracy baterii i \u0142atwa instalacja:<\/strong><br \/>\nDzi\u0119ki \u017cywotno\u015bci baterii do 4,5 roku i \u0142atwej instalacji za pomoc\u0105 kodu QR, KeyPad Plus jest idealny do u\u017cytku zar\u00f3wno w domu, jak i w firmie. Instalacja jest szybka i nie wymaga skomplikowanych krok\u00f3w. Jest tak\u017ce kompatybilny z Ajax Hub 2, Hub 2 Plus i Hub Hybrid.<\/li>\n<li><strong>Niestandardowe ustawienia zabezpiecze\u0144:<\/strong><br \/>\nKeyPad Plus umo\u017cliwia administratorowi systemu tworzenie osobistych kod\u00f3w i przydzielanie dost\u0119pu konkretnym u\u017cytkownikom za po\u015brednictwem aplikacji Ajax. U\u0142atwia to zarz\u0105dzanie uprawnieniami dost\u0119pu zar\u00f3wno dla u\u017cytkownik\u00f3w sta\u0142ych, jak i tymczasowych. U\u017cytkownik\u00f3w mo\u017cna \u0142atwo usun\u0105\u0107 lub ograniczy\u0107 ich uprawnienia, a wszelkie zmiany s\u0105 rejestrowane w dzienniku zdarze\u0144 systemu.<\/li>\n<li><strong>Bezpiecze\u0144stwo i sabota\u017c:<\/strong><br \/>\nKeyPad Plus posiada wbudowan\u0105 ochron\u0119 sabota\u017cow\u0105 i maskuj\u0105c\u0105. Je\u015bli kto\u015b podejmie pr\u00f3b\u0119 manipulacji przy urz\u0105dzeniu, uruchamia si\u0119 alarm, dzi\u0119ki czemu wszelkie nieuprawnione pr\u00f3by usuni\u0119cia lub manipulacji przy urz\u0105dzeniu zostan\u0105 natychmiast wykryte.<\/li>\n<li><strong>Elastyczne zastosowanie z wieloma kodami u\u017cytkownika:<\/strong><br \/>\nObs\u0142uguje do 200 kart dost\u0119pu lub brelok\u00f3w i do 99 kod\u00f3w u\u017cytkownik\u00f3w, dzi\u0119ki czemu idealnie nadaje si\u0119 zar\u00f3wno do ma\u0142ych, jak i du\u017cych obiekt\u00f3w. Dla wi\u0119kszego bezpiecze\u0144stwa mo\u017cna u\u017cy\u0107 kodu awaryjnego, aby po cichu rozbroi\u0107 system bez ujawniania to\u017csamo\u015bci u\u017cytkownika.<\/li>\n<li><strong>Cichy alarm i dwukierunkowa komunikacja:<\/strong><br \/>\nKeyPad Plus umo\u017cliwia cich\u0105 aktywacj\u0119 alarmu w razie potrzeby, umo\u017cliwiaj\u0105c rozbrojenie alarmu bez alarmowania intruza. Wszystkie alarmy i zmiany s\u0105 rejestrowane w dzienniku zdarze\u0144 systemu i mo\u017cna je monitorowa\u0107 za pomoc\u0105 aplikacji Ajax. Komunikacja pomi\u0119dzy urz\u0105dzeniem a hubem odbywa si\u0119 poprzez bezpieczny protok\u00f3\u0142 Jeweler, kt\u00f3ry gwarantuje, \u017ce wszystkie przesy\u0142ane dane s\u0105 szyfrowane i zabezpieczone przed w\u0142amaniem.<\/li>\n<\/ol>\n<p><strong>Dane techniczne:<\/strong><\/p>\n<ul>\n<li><strong>Zgodno\u015b\u0107:<\/strong> Piasta 2, Piasta 2 Plus, Piasta hybrydowa, Piasta Plus<\/li>\n<li><strong>Zasilanie:<\/strong> 4 baterie litowe AA, \u017cywotno\u015b\u0107 baterii do 4,5 roku<\/li>\n<li><strong>Zakres temperatur:<\/strong> -10\u00b0C do +40\u00b0C<\/li>\n<li><strong>Komunikacja:<\/strong> Protok\u00f3\u0142 radiowy jubilera, zasi\u0119g do 1700 m bez przeszk\u00f3d<\/li>\n<li><strong>Ochrona:<\/strong> Antysabota\u017c i uwierzytelnianie przed nieuprawnionym u\u017cyciem<\/li>\n<li><strong>Mierzy\u0107:<\/strong> 165 \u00d7 113 \u00d7 20 mm<\/li>\n<li><strong>Waga:<\/strong> 267 gr<\/li>\n<li><strong>Orzecznictwo:<\/strong> EN 50131, certyfikat CE<\/li>\n<li><strong>Cechy:<\/strong> Sterowanie alarmem, tryb nocny, komunikacja dwukierunkowa, odczyt karty dost\u0119pu i pilota<\/li>\n<\/ul>","protected":false},"excerpt":{"rendered":"<p>Ajax KeyPad Plus to bezprzewodowa centrala alarmowa z czytnikiem RFID DESFire umo\u017cliwiaj\u0105ca \u0142atwe i bezpieczne zarz\u0105dzanie Twoim alarmem.<\/p>\n<p>Oferuje bezdotykowy dost\u0119p za pomoc\u0105 kart dost\u0119pu i brelok\u00f3w, przy zachowaniu najwy\u017cszego poziomu bezpiecze\u0144stwa dzi\u0119ki zaawansowanej technologii szyfrowania.<\/p>\n<p>Idealny zar\u00f3wno do domu jak i firmy.<\/p>","protected":false},"featured_media":155502,"template":"","meta":{"_acf_changed":false},"product_brand":[],"product_cat":[3164,1319],"product_tag":[3127,2137,4863],"class_list":{"0":"post-69895","1":"product","2":"type-product","3":"status-publish","4":"has-post-thumbnail","6":"product_cat-larmstyrning","7":"product_cat-ajax-larm","8":"product_tag-kontrollprodukt","9":"product_tag-lager-ajax","10":"product_tag-pf","11":"pa_ajax-tradlosa-larm-knapssats-manoverpanel","12":"pa_brands-ajax-systems","13":"pa_color-vit","14":"pa_farg-vit","15":"tm-no-options","17":"first","18":"instock","19":"sale","20":"featured","21":"taxable","22":"shipping-taxable","23":"purchasable","24":"product-type-simple"},"acf":[],"_links":{"self":[{"href":"https:\/\/secureus.se\/pl\/wp-json\/wp\/v2\/product\/69895","targetHints":{"allow":["GET"]}}],"collection":[{"href":"https:\/\/secureus.se\/pl\/wp-json\/wp\/v2\/product"}],"about":[{"href":"https:\/\/secureus.se\/pl\/wp-json\/wp\/v2\/types\/product"}],"wp:featuredmedia":[{"embeddable":true,"href":"https:\/\/secureus.se\/pl\/wp-json\/wp\/v2\/media\/155502"}],"wp:attachment":[{"href":"https:\/\/secureus.se\/pl\/wp-json\/wp\/v2\/media?parent=69895"}],"wp:term":[{"taxonomy":"product_brand","embeddable":true,"href":"https:\/\/secureus.se\/pl\/wp-json\/wp\/v2\/product_brand?post=69895"},{"taxonomy":"product_cat","embeddable":true,"href":"https:\/\/secureus.se\/pl\/wp-json\/wp\/v2\/product_cat?post=69895"},{"taxonomy":"product_tag","embeddable":true,"href":"https:\/\/secureus.se\/pl\/wp-json\/wp\/v2\/product_tag?post=69895"}],"curies":[{"name":"wp","href":"https:\/\/api.w.org\/{rel}","templated":true}]}}