{"id":69909,"date":"2022-11-28T11:02:16","date_gmt":"2022-11-28T10:02:16","guid":{"rendered":"https:\/\/secureus.se\/produkt\/magnetkontakt-extern-ingang-tradlos-vit\/"},"modified":"2026-03-30T23:38:16","modified_gmt":"2026-03-30T21:38:16","slug":"ajax-doorprotect-extern-ingang-vit","status":"publish","type":"product","link":"https:\/\/secureus.se\/pl\/ajax-doorprotect-extern-ingang-vit\/","title":{"rendered":"Ajax DoorProtect Styk magnetyczny Wej\u015bcie zewn\u0119trzne czujnika drzwiowego Bia\u0142y"},"content":{"rendered":"<h3><strong>Ajax DoorProtect Czujnik magnetyczny drzwi<\/strong> to wysokiej jako\u015bci, bezprzewodowy czujnik otwarcia s\u0142u\u017c\u0105cy do szybkiego wykrywania w\u0142ama\u0144 przez drzwi i okna.<\/h3>\n<p>Po otwarciu drzwi lub okna czujnik natychmiast wysy\u0142a sygna\u0142 do systemu bezpiecze\u0144stwa Ajax, uruchamiaj\u0105c alarm i natychmiast powiadamiaj\u0105c u\u017cytkownika.<\/p>\n<p>DoorProtect zosta\u0142 specjalnie zaprojektowany, aby mo\u017cna go by\u0142o \u0142atwo zintegrowa\u0107 z systemem bezpiecze\u0144stwa Ajax. Idealnie nadaje si\u0119 do monta\u017cu na wszystkich rodzajach drzwi, tak\u017ce z o\u015bcie\u017cnicami metalowymi.<\/p>\n<p>Czujka wykorzystuje pole magnetyczne do wykrywania otwarcia i wy\u0142\u0105cza si\u0119 po zamkni\u0119ciu drzwi.<\/p>\n<h3>Funkcje i zalety:<\/h3>\n<ul>\n<li><strong>Wysokie bezpiecze\u0144stwo dzi\u0119ki uwierzytelnianiu:<\/strong> DoorProtect ma wbudowane uwierzytelnianie, kt\u00f3re zapobiega nieautoryzowanemu dost\u0119powi i fa\u0142szowaniu sygna\u0142\u00f3w, dzi\u0119ki czemu jest bardzo bezpieczne.<\/li>\n<li><strong>Wykrywanie zag\u0142uszania:<\/strong> Wyposa\u017cony jest w funkcj\u0119 wykrywania zak\u0142\u00f3ce\u0144 i zablokowanych sygna\u0142\u00f3w, co zabezpiecza system przed pr\u00f3bami sabota\u017cu.<\/li>\n<li><strong>Zabezpieczenie przed manipulacj\u0105:<\/strong> Je\u015bli kto\u015b spr\u00f3buje manipulowa\u0107 czujnikiem lub usun\u0105\u0107 go z miejsca monta\u017cu, aktywowany zostanie alarm sabota\u017cowy, kt\u00f3ry natychmiast zaalarmuje u\u017cytkownika.<\/li>\n<li><strong>Kontakty zewn\u0119trzne:<\/strong> Wej\u015bcie zewn\u0119trzne umo\u017cliwia pod\u0142\u0105czenie czujek innych producent\u00f3w, co zwi\u0119ksza elastyczno\u015b\u0107 systemu.<\/li>\n<li><strong>D\u0142ugi czas pracy baterii:<\/strong> Dzi\u0119ki efektywnemu zarz\u0105dzaniu bateri\u0105 DoorProtect mo\u017ce dzia\u0142a\u0107 nawet przez 7 lat bez wymiany baterii, co ogranicza konserwacj\u0119 i przestoje.<\/li>\n<li><strong>\u0141atwa instalacja:<\/strong> Czujnik jest \u0142atwy w instalacji, a dzi\u0119ki do\u0142\u0105czonemu panelowi monta\u017cowemu SmartBracket jego konfiguracja jest szybka i \u0142atwa, bez konieczno\u015bci demonta\u017cu jakiejkolwiek cz\u0119\u015bci czujki.<\/li>\n<li><strong>Detekcja magnetyczna:<\/strong> Wykorzystuj\u0105c wysokiej jako\u015bci kontaktrony wyprodukowane w Wielkiej Brytanii, DoorProtect reaguje na zmiany pola magnetycznego i sygnalizuje otwarcie drzwi lub okna.<\/li>\n<li><strong>Wysoka kompatybilno\u015b\u0107:<\/strong> Bezproblemowo wsp\u00f3\u0142pracuje ze wszystkimi koncentratorami i przed\u0142u\u017caczami zasi\u0119gu Ajax, zapewniaj\u0105c stabilne po\u0142\u0105czenie i niezawodny alarm.<\/li>\n<\/ul>\n<h3>Dane techniczne:<\/h3>\n<ul>\n<li><strong>Klasyfikacja:<\/strong> Punktowy magnetyczny i kontaktowy detektor bezpiecze\u0144stwa kana\u0142u radiowego.<\/li>\n<li><strong>Zasilanie:<\/strong> Bateria CR123A (3 V).<\/li>\n<li><strong>\u017bywotno\u015b\u0107 baterii:<\/strong> Do 7 lat.<\/li>\n<li><strong>Obszar komunikacji:<\/strong> Do 2200 mil otwartego terenu.<\/li>\n<li><strong>Zakres temperatur:<\/strong> Od -10\u00b0C do +40\u00b0C.<\/li>\n<li><strong>Wilgotno\u015b\u0107:<\/strong> Do 75%.<\/li>\n<li><strong>Klasa ochrony:<\/strong> IP50.<\/li>\n<li><strong>Mierzy\u0107:<\/strong> \u0158 20 \u00d7 90 mm.<\/li>\n<li><strong>Waga:<\/strong> 29 gr.<\/li>\n<li><strong>Gwarancja:<\/strong> 24 miesi\u0105ce od daty sprzeda\u017cy (gwarancja nie obejmuje akumulator\u00f3w).<\/li>\n<\/ul>\n<p><strong>Pakiet zawiera:<\/strong><\/p>\n<ul>\n<li>Czujnik otwarcia DoorProtect<\/li>\n<li>Panel monta\u017cowy SmartBracket<\/li>\n<li>Dwa magnesy (du\u017cy i ma\u0142y)<\/li>\n<li>Bateria CR123A (wst\u0119pnie zainstalowana)<\/li>\n<li>Kontakt zewn\u0119trzny<\/li>\n<li>Zestaw instalacyjny<\/li>\n<li>Instrukcja obs\u0142ugi<\/li>\n<\/ul>","protected":false},"excerpt":{"rendered":"<p>Ajax DoorProtect to bezprzewodowy czujnik otwarcia drzwi i okien, kt\u00f3ry zapewnia natychmiastowe powiadomienie przy pierwszych oznakach w\u0142amania.<\/p>\n<p>Czujnik jest \u0142atwy w instalacji i zapewnia d\u0142ugi czas pracy baterii, co czyni go niezawodnym wyborem zar\u00f3wno dla domu, jak i firmy.<\/p>\n<p>Dzi\u0119ki zewn\u0119trznemu z\u0142\u0105czu do detektor\u00f3w innych firm i zaawansowanemu uwierzytelnianiu zapewnione jest wysokie bezpiecze\u0144stwo i niezawodno\u015b\u0107.<\/p>","protected":false},"featured_media":155458,"template":"","meta":{"_acf_changed":false},"product_brand":[],"product_cat":[3160,1319,3161],"product_tag":[3152,3127,2137,4863],"class_list":{"0":"post-69909","1":"product","2":"type-product","3":"status-publish","4":"has-post-thumbnail","6":"product_cat-skalskydd","7":"product_cat-ajax-larm","8":"product_cat-dorrbrytare","9":"product_tag-cr123-tillbehor","10":"product_tag-kontrollprodukt","11":"product_tag-lager-ajax","12":"product_tag-pf","13":"product_shipping_class-postnord-varubrev","14":"pa_ajax-tradlosa-larm-magnetkontakter","15":"pa_brands-ajax-systems","16":"pa_color-vit","17":"pa_farg-vit","18":"tm-no-options","20":"first","21":"instock","22":"sale","23":"featured","24":"taxable","25":"shipping-taxable","26":"purchasable","27":"product-type-simple"},"acf":[],"_links":{"self":[{"href":"https:\/\/secureus.se\/pl\/wp-json\/wp\/v2\/product\/69909","targetHints":{"allow":["GET"]}}],"collection":[{"href":"https:\/\/secureus.se\/pl\/wp-json\/wp\/v2\/product"}],"about":[{"href":"https:\/\/secureus.se\/pl\/wp-json\/wp\/v2\/types\/product"}],"wp:featuredmedia":[{"embeddable":true,"href":"https:\/\/secureus.se\/pl\/wp-json\/wp\/v2\/media\/155458"}],"wp:attachment":[{"href":"https:\/\/secureus.se\/pl\/wp-json\/wp\/v2\/media?parent=69909"}],"wp:term":[{"taxonomy":"product_brand","embeddable":true,"href":"https:\/\/secureus.se\/pl\/wp-json\/wp\/v2\/product_brand?post=69909"},{"taxonomy":"product_cat","embeddable":true,"href":"https:\/\/secureus.se\/pl\/wp-json\/wp\/v2\/product_cat?post=69909"},{"taxonomy":"product_tag","embeddable":true,"href":"https:\/\/secureus.se\/pl\/wp-json\/wp\/v2\/product_tag?post=69909"}],"curies":[{"name":"wp","href":"https:\/\/api.w.org\/{rel}","templated":true}]}}