{"id":70929,"date":"2023-01-04T16:17:15","date_gmt":"2023-01-04T15:17:15","guid":{"rendered":"https:\/\/secureus.se\/produkt\/123493155\/"},"modified":"2025-12-31T20:42:04","modified_gmt":"2025-12-31T19:42:04","slug":"123493155","status":"publish","type":"product","link":"https:\/\/secureus.se\/pl\/123493155\/","title":{"rendered":"Box Classic JB701 \u2013 5 \u015brubek + 2 do sabota\u017cu"},"content":{"rendered":"<p>Skrzynka przy\u0142\u0105czeniowa dla alarmu. Wybijany otw\u00f3r na kabel.<\/p>\n<p>Dane techniczne<\/p>\n<p>Ilo\u015b\u0107 zacisk\u00f3w: 5 + 2 sabota\u017ce<\/p>\n<p>Instalacja: Natynkowa<\/p>\n<p>Materia\u0142\/obudowa: tworzywo sztuczne<\/p>\n<p>Kolor: bia\u0142y<\/p>\n<p>Wymiary: 80x18x24mm<\/p>","protected":false},"excerpt":{"rendered":"<p>Skrzynka alarmowa \u2013 Skrzynka alarmowa \u2013 Puszka przy\u0142\u0105czeniowa 5 \u015brub + 2 do sabota\u017cu<\/p>","protected":false},"featured_media":140743,"template":"","meta":{"_acf_changed":false},"product_brand":[],"product_cat":[1545],"product_tag":[2421,2958],"class_list":{"0":"post-70929","1":"product","2":"type-product","3":"status-publish","4":"has-post-thumbnail","6":"product_cat-kopplingsdosa-larmdosa","7":"product_tag-rel-installationstillbehor","8":"product_tag-stonehouse-produkt","9":"product_shipping_class-postnord-varubrev","10":"pa_brands-stonehouse-security","11":"tm-no-options","13":"first","14":"onbackorder","15":"sale","16":"featured","17":"taxable","18":"shipping-taxable","19":"purchasable","20":"product-type-simple"},"acf":[],"_links":{"self":[{"href":"https:\/\/secureus.se\/pl\/wp-json\/wp\/v2\/product\/70929","targetHints":{"allow":["GET"]}}],"collection":[{"href":"https:\/\/secureus.se\/pl\/wp-json\/wp\/v2\/product"}],"about":[{"href":"https:\/\/secureus.se\/pl\/wp-json\/wp\/v2\/types\/product"}],"wp:featuredmedia":[{"embeddable":true,"href":"https:\/\/secureus.se\/pl\/wp-json\/wp\/v2\/media\/140743"}],"wp:attachment":[{"href":"https:\/\/secureus.se\/pl\/wp-json\/wp\/v2\/media?parent=70929"}],"wp:term":[{"taxonomy":"product_brand","embeddable":true,"href":"https:\/\/secureus.se\/pl\/wp-json\/wp\/v2\/product_brand?post=70929"},{"taxonomy":"product_cat","embeddable":true,"href":"https:\/\/secureus.se\/pl\/wp-json\/wp\/v2\/product_cat?post=70929"},{"taxonomy":"product_tag","embeddable":true,"href":"https:\/\/secureus.se\/pl\/wp-json\/wp\/v2\/product_tag?post=70929"}],"curies":[{"name":"wp","href":"https:\/\/api.w.org\/{rel}","templated":true}]}}