{"id":70933,"date":"2023-01-04T16:26:06","date_gmt":"2023-01-04T15:26:06","guid":{"rendered":"https:\/\/secureus.se\/produkt\/oppnaknapp-touch-exklusive-svart-abs-plast\/"},"modified":"2026-04-27T14:30:31","modified_gmt":"2026-04-27T12:30:31","slug":"oppnaknapp-touch-exklusive-svart-abs-plast","status":"publish","type":"product","link":"https:\/\/secureus.se\/pl\/oppnaknapp-touch-exklusive-svart-abs-plast\/","title":{"rendered":"Przycisk otwierania Touch Black \u2013 czu\u0142y na dotyk 12\u201324 V, IP65"},"content":{"rendered":"<p data-start=\"796\" data-end=\"1100\"><strong data-start=\"796\" data-end=\"834\">Przycisk otwierania Dotknij Czarny \u2013<\/strong>\u00a0jest elektronicznym przyciskiem otwieraj\u0105cym, wra\u017cliwym na dotyk, przeznaczonym do profesjonalnej kontroli dost\u0119pu i drzwi.<br data-start=\"943\" data-end=\"946\" \/>Przycisk jest aktywowany lekkim naci\u015bni\u0119ciem palca i dzia\u0142a zar\u00f3wno <strong data-start=\"1007\" data-end=\"1021\">niezale\u017cny<\/strong> I <strong data-start=\"1026\" data-end=\"1057\">pod\u0142\u0105czony do kontrolera<\/strong> aby umo\u017cliwi\u0107 otwarcie drzwi z zabezpieczonych obszar\u00f3w.<\/p>\n<p data-start=\"1102\" data-end=\"1362\">Dzi\u0119ki temu <strong data-start=\"1116\" data-end=\"1154\">kompaktowa konstrukcja i stopie\u0144 ochrony IP65<\/strong> Idealnie nadaje si\u0119 do stosowania wewn\u0105trz i na zewn\u0105trz.<br data-start=\"1205\" data-end=\"1208\" \/>Model wykonany jest w <strong data-start=\"1233\" data-end=\"1256\">tworzywo sztuczne ABS odporne na uderzenia<\/strong>, z <strong data-start=\"1262\" data-end=\"1285\">formowana elektronika<\/strong> I <strong data-start=\"1290\" data-end=\"1308\">wype\u0142nienie \u017cywic\u0105<\/strong> dla dodatkowej ochrony przed wilgoci\u0105, kurzem i skokami napi\u0119cia.<\/p>\n<p data-start=\"1364\" data-end=\"1594\"><strong data-start=\"1364\" data-end=\"1384\">Wska\u017anik LED<\/strong> prze\u0142\u0105cza si\u0119 mi\u0119dzy kolorem czerwonym (czuwanie) i zielonym (aktywacja) oraz <strong data-start=\"1443\" data-end=\"1465\">wbudowany d\u017awi\u0119k brz\u0119czyka<\/strong> zapewnia jasn\u0105 informacj\u0119 zwrotn\u0105 po aktywacji.<br data-start=\"1501\" data-end=\"1504\" \/>MTTBK mo\u017cna stosowa\u0107 w <strong data-start=\"1525\" data-end=\"1550\">tryb impulsowy lub zatrzaskowy<\/strong>, kt\u00f3ry jest ustawiany za pomoc\u0105 prze\u0142\u0105cznik\u00f3w DIP znajduj\u0105cych si\u0119 z ty\u0142u.<\/p>\n<hr data-start=\"1596\" data-end=\"1599\" \/>\n<h3 data-start=\"1601\" data-end=\"1636\"><strong data-start=\"1608\" data-end=\"1636\">Specyfikacje techniczne<\/strong><\/h3>\n<div class=\"_tableContainer_1rjym_1\">\n<div class=\"group _tableWrapper_1rjym_13 flex w-fit flex-col-reverse\">\n<table class=\"w-fit min-w-(--thread-content-width)\" data-start=\"1637\" data-end=\"2236\">\n<thead data-start=\"1637\" data-end=\"1657\">\n<tr data-start=\"1637\" data-end=\"1657\">\n<th data-start=\"1637\" data-end=\"1648\" data-col-size=\"sm\">Nieruchomo\u015b\u0107<\/th>\n<th data-start=\"1648\" data-end=\"1657\" data-col-size=\"md\">Warto\u015b\u0107<\/th>\n<\/tr>\n<\/thead>\n<tbody data-start=\"1681\" data-end=\"2236\">\n<tr data-start=\"1681\" data-end=\"1703\">\n<td data-start=\"1681\" data-end=\"1690\" data-col-size=\"sm\">Model<\/td>\n<td data-start=\"1690\" data-end=\"1703\" data-col-size=\"md\">XPR MTTBK<\/td>\n<\/tr>\n<tr data-start=\"1704\" data-end=\"1728\">\n<td data-start=\"1704\" data-end=\"1715\" data-col-size=\"sm\">Tworzywo<\/td>\n<td data-col-size=\"md\" data-start=\"1715\" data-end=\"1728\">Plastik ABS<\/td>\n<\/tr>\n<tr data-start=\"1729\" data-end=\"1745\">\n<td data-start=\"1729\" data-end=\"1736\" data-col-size=\"sm\">Farba<\/td>\n<td data-col-size=\"md\" data-start=\"1736\" data-end=\"1745\">Czarny<\/td>\n<\/tr>\n<tr data-start=\"1746\" data-end=\"1784\">\n<td data-start=\"1746\" data-end=\"1757\" data-col-size=\"sm\">Wolta\u017c<\/td>\n<td data-start=\"1757\" data-end=\"1784\" data-col-size=\"md\">12-24 V pr\u0105du sta\u0142ego \/ 15-24 V pr\u0105du przemiennego<\/td>\n<\/tr>\n<tr data-start=\"1785\" data-end=\"1818\">\n<td data-start=\"1785\" data-end=\"1804\" data-col-size=\"sm\">Zu\u017cycie energii<\/td>\n<td data-col-size=\"md\" data-start=\"1804\" data-end=\"1818\">maks. 65 mA<\/td>\n<\/tr>\n<tr data-start=\"1819\" data-end=\"1877\">\n<td data-start=\"1819\" data-end=\"1832\" data-col-size=\"sm\">Wyj\u015bcie przeka\u017anikowe<\/td>\n<td data-col-size=\"md\" data-start=\"1832\" data-end=\"1877\">NO \/ NC \/ C (2A przy 24 V DC lub 120 V AC)<\/td>\n<\/tr>\n<tr data-start=\"1878\" data-end=\"1934\">\n<td data-start=\"1878\" data-end=\"1891\" data-col-size=\"sm\">Wskazanie<\/td>\n<td data-col-size=\"md\" data-start=\"1891\" data-end=\"1934\">Dioda LED \u2013 czerwona (tryb u\u015bpienia) \/ zielona (aktywowana)<\/td>\n<\/tr>\n<tr data-start=\"1935\" data-end=\"1975\">\n<td data-start=\"1935\" data-end=\"1948\" data-col-size=\"sm\">Sygna\u0142 d\u017awi\u0119kowy<\/td>\n<td data-col-size=\"md\" data-start=\"1948\" data-end=\"1975\">Tak, brz\u0119czyk po dotkni\u0119ciu<\/td>\n<\/tr>\n<tr data-start=\"1976\" data-end=\"2038\">\n<td data-start=\"1976\" data-end=\"1987\" data-col-size=\"sm\">Funkcjonowa\u0107<\/td>\n<td data-col-size=\"md\" data-start=\"1987\" data-end=\"2038\">Tryb impulsowy lub zatrzaskowy (3, 5, 10 s) za pomoc\u0105 prze\u0142\u0105cznika DIP<\/td>\n<\/tr>\n<tr data-start=\"2039\" data-end=\"2061\">\n<td data-start=\"2039\" data-end=\"2053\" data-col-size=\"sm\">Klasa ochrony<\/td>\n<td data-col-size=\"md\" data-start=\"2053\" data-end=\"2061\">IP65<\/td>\n<\/tr>\n<tr data-start=\"2062\" data-end=\"2088\">\n<td data-start=\"2062\" data-end=\"2069\" data-col-size=\"sm\">Mierzy\u0107<\/td>\n<td data-col-size=\"md\" data-start=\"2069\" data-end=\"2088\">92 \u00d7 51 \u00d7 27 mm<\/td>\n<\/tr>\n<tr data-start=\"2089\" data-end=\"2105\">\n<td data-start=\"2089\" data-end=\"2096\" data-col-size=\"sm\">Waga<\/td>\n<td data-col-size=\"md\" data-start=\"2096\" data-end=\"2105\">130 gr<\/td>\n<\/tr>\n<tr data-start=\"2106\" data-end=\"2147\">\n<td data-start=\"2106\" data-end=\"2125\" data-col-size=\"sm\">Temperatura robocza<\/td>\n<td data-col-size=\"md\" data-start=\"2125\" data-end=\"2147\">\u201320\u00b0C do +50\u00b0C<\/td>\n<\/tr>\n<tr data-start=\"2148\" data-end=\"2202\">\n<td data-start=\"2148\" data-end=\"2164\" data-col-size=\"sm\">Wilgotno\u015b\u0107<\/td>\n<td data-col-size=\"md\" data-start=\"2164\" data-end=\"2202\">Do 95 % (bez kondensacji)<\/td>\n<\/tr>\n<tr data-start=\"2203\" data-end=\"2236\">\n<td data-start=\"2203\" data-end=\"2216\" data-col-size=\"sm\">Certyfikat<\/td>\n<td data-col-size=\"md\" data-start=\"2216\" data-end=\"2236\">CE, RoHS2, RoHS3<\/td>\n<\/tr>\n<\/tbody>\n<\/table>\n<\/div>\n<\/div>\n<hr data-start=\"2238\" data-end=\"2241\" \/>\n<h3 data-start=\"2243\" data-end=\"2262\"><strong data-start=\"2250\" data-end=\"2262\">Korzy\u015bci<\/strong><\/h3>\n<ul data-start=\"2263\" data-end=\"2601\">\n<li data-start=\"2263\" data-end=\"2331\">\n<p data-start=\"2265\" data-end=\"2331\">W pe\u0142ni elektroniczny, <strong data-start=\"2283\" data-end=\"2305\">brak ruchomych cz\u0119\u015bci<\/strong> \u2192 bardzo d\u0142uga \u017cywotno\u015b\u0107<\/p>\n<\/li>\n<li data-start=\"2332\" data-end=\"2382\">\n<p data-start=\"2334\" data-end=\"2382\"><strong data-start=\"2334\" data-end=\"2350\">Stopie\u0144 ochrony IP65<\/strong> i chronione przed wilgoci\u0105 i kurzem<\/p>\n<\/li>\n<li data-start=\"2383\" data-end=\"2425\">\n<p data-start=\"2385\" data-end=\"2425\">Mo\u017cliwo\u015b\u0107 monta\u017cu na \u015bcianie (bez wpuszczania)<\/p>\n<\/li>\n<li data-start=\"2426\" data-end=\"2480\">\n<p data-start=\"2428\" data-end=\"2480\">Wizualne potwierdzenie LED (czerwony\/zielony) i sygna\u0142 d\u017awi\u0119kowy<\/p>\n<\/li>\n<li data-start=\"2481\" data-end=\"2537\">\n<p data-start=\"2483\" data-end=\"2537\">Nadaje si\u0119 do <strong data-start=\"2495\" data-end=\"2535\">zar\u00f3wno nowe, jak i istniej\u0105ce systemy kontroli dost\u0119pu<\/strong><\/p>\n<\/li>\n<li data-start=\"2538\" data-end=\"2601\">\n<p data-start=\"2540\" data-end=\"2601\">Elegancki czarny design z symbolem strza\u0142ki do nowoczesnej instalacji<\/p>\n<\/li>\n<\/ul>\n<hr data-start=\"2603\" data-end=\"2606\" \/>\n<h3 data-start=\"2608\" data-end=\"2637\"><strong data-start=\"2615\" data-end=\"2637\">Obszary zastosowa\u0144<\/strong><\/h3>\n<ul data-start=\"2638\" data-end=\"2796\">\n<li data-start=\"2638\" data-end=\"2677\">\n<p data-start=\"2640\" data-end=\"2677\">Sterowanie drzwiami w systemach kontroli dost\u0119pu<\/p>\n<\/li>\n<li data-start=\"2678\" data-end=\"2709\">\n<p data-start=\"2680\" data-end=\"2709\">Wej\u015bcia, bramy i drzwi<\/p>\n<\/li>\n<li data-start=\"2710\" data-end=\"2752\">\n<p data-start=\"2712\" data-end=\"2752\">Szpitale, biura, szko\u0142y i przemys\u0142<\/p>\n<\/li>\n<li data-start=\"2753\" data-end=\"2796\">\n<p data-start=\"2755\" data-end=\"2796\">Panele windowe i systemy sterowania przemys\u0142owego<\/p>\n<\/li>\n<\/ul>","protected":false},"excerpt":{"rendered":"<p>Dotykowy przycisk otwierania wykonany z czarnego tworzywa ABS, s\u0142u\u017c\u0105cy do kontroli dost\u0119pu i sterowania drzwiami.<br data-start=\"564\" data-end=\"567\" \/>Konstrukcja zgodna z norm\u0105 IP65 i odporna na akty wandalizmu.<br data-start=\"607\" data-end=\"610\" \/>Aktywowane lekkim dotkni\u0119ciem, wyposa\u017cone w sygnalizacj\u0119 wizualn\u0105 (czerwona\/zielona dioda LED).<br data-start=\"680\" data-end=\"683\" \/>Zasilany pr\u0105dem sta\u0142ym\/przemiennym 12\u201324 V, pasuje do wszystkich standardowych sterownik\u00f3w (przeka\u017anik NO\/NC).<\/p>","protected":false},"featured_media":159134,"template":"","meta":{"_acf_changed":false},"product_brand":[],"product_cat":[4867],"product_tag":[3068,2958],"class_list":{"0":"post-70933","1":"product","2":"type-product","3":"status-publish","4":"has-post-thumbnail","6":"product_cat-oppnaknappar-kategorier","7":"product_tag-oppnaknapp-beroringsfria","8":"product_tag-stonehouse-produkt","9":"product_shipping_class-postnord-varubrev","10":"pa_brands-stonehouse-security","11":"tm-no-options","13":"first","14":"instock","15":"sale","16":"featured","17":"taxable","18":"shipping-taxable","19":"purchasable","20":"product-type-simple"},"acf":[],"_links":{"self":[{"href":"https:\/\/secureus.se\/pl\/wp-json\/wp\/v2\/product\/70933","targetHints":{"allow":["GET"]}}],"collection":[{"href":"https:\/\/secureus.se\/pl\/wp-json\/wp\/v2\/product"}],"about":[{"href":"https:\/\/secureus.se\/pl\/wp-json\/wp\/v2\/types\/product"}],"wp:featuredmedia":[{"embeddable":true,"href":"https:\/\/secureus.se\/pl\/wp-json\/wp\/v2\/media\/159134"}],"wp:attachment":[{"href":"https:\/\/secureus.se\/pl\/wp-json\/wp\/v2\/media?parent=70933"}],"wp:term":[{"taxonomy":"product_brand","embeddable":true,"href":"https:\/\/secureus.se\/pl\/wp-json\/wp\/v2\/product_brand?post=70933"},{"taxonomy":"product_cat","embeddable":true,"href":"https:\/\/secureus.se\/pl\/wp-json\/wp\/v2\/product_cat?post=70933"},{"taxonomy":"product_tag","embeddable":true,"href":"https:\/\/secureus.se\/pl\/wp-json\/wp\/v2\/product_tag?post=70933"}],"curies":[{"name":"wp","href":"https:\/\/api.w.org\/{rel}","templated":true}]}}