{"id":71565,"date":"2023-01-16T15:07:05","date_gmt":"2023-01-16T14:07:05","guid":{"rendered":"https:\/\/secureus.se\/?post_type=product&#038;p=71565"},"modified":"2026-03-13T18:58:27","modified_gmt":"2026-03-13T17:58:27","slug":"dc-dc-omvandlare-12v-dc-till-24-dc-2-5-ampere","status":"publish","type":"product","link":"https:\/\/secureus.se\/pl\/dc-dc-omvandlare-12v-dc-till-24-dc-2-5-ampere\/","title":{"rendered":"Przetwornica DC\/DC 12 V DC na 24 DC 2,5 Ampera"},"content":{"rendered":"<h1>Przetwornica DC\/DC 12 V na 24 V 2,5 A \u2013 zapewnia niezawodn\u0105 i wydajn\u0105 konwersj\u0119 mocy<\/h1>\n<p>Z wiosn\u0105 <strong>Przetwornica DC\/DC 12V na 24V 2,5A<\/strong> mo\u017cesz \u0142atwo podnie\u015b\u0107 napi\u0119cie, aby dostosowa\u0107 je do potrzeb swoich urz\u0105dze\u0144.<\/p>\n<p>Ten konwerter podwy\u017cszaj\u0105cy zosta\u0142 zaprojektowany w celu zapewnienia stabilnej mocy w zastosowaniach wymagaj\u0105cych wysokiej niezawodno\u015bci i mo\u017cliwo\u015bci adaptacji.<\/p>\n<h5>G\u0142\u00f3wne funkcje<\/h5>\n<ul>\n<li><strong>Regulowane napi\u0119cie wyj\u015bciowe<\/strong>: Zwi\u0119ksz napi\u0119cie z 9,5\u201316 V DC do 18\u201328 V DC, ustawienie fabryczne to 24 V.<\/li>\n<li><strong>Maksymalna wydajno\u015b\u0107<\/strong>: Pr\u0105d wyj\u015bciowy do 2,5 A i maksymalna moc 60 W.<\/li>\n<li><strong>Wysoka wydajno\u015b\u0107<\/strong>: Energia jest optymalnie wykorzystywana z wydajno\u015bci\u0105 do 94%.<\/li>\n<li><strong>Funkcje ochronne<\/strong>: Zabezpieczenie przed zwarciem (SCP) i zabezpieczenie przed przeci\u0105\u017ceniem (OLP) zapewniaj\u0105 bezpieczn\u0105 prac\u0119.<\/li>\n<li><strong>Sygnalizacja LED<\/strong>: Wyczy\u015b\u0107 diody LED dla wej\u015bcia, wyj\u015bcia i statusu b\u0142\u0119du.<\/li>\n<\/ul>\n<h5>Korzy\u015bci<\/h5>\n<ul>\n<li><strong>Wszechstronne zastosowanie<\/strong>: Idealny do system\u00f3w telekomunikacyjnych, sprz\u0119tu zabezpieczaj\u0105cego i zastosowa\u0144 przemys\u0142owych.<\/li>\n<li><strong>Solidna konstrukcja<\/strong>: Wykonane tak, aby wytrzyma\u0107 wymagaj\u0105ce \u015brodowiska o temperaturze roboczej od -10\u00b0C do +40\u00b0C.<\/li>\n<li><strong>\u0141atwa instalacja<\/strong>: W zestawie ta\u015bma monta\u017cowa i \u015bruby umo\u017cliwiaj\u0105ce elastyczny monta\u017c.<\/li>\n<\/ul>\n<h5>Dane techniczne<\/h5>\n<ul>\n<li><strong>Napi\u0119cie zasilania<\/strong>: 9,5\u201316 V pr\u0105du sta\u0142ego<\/li>\n<li><strong>Napi\u0119cie wyj\u015bciowe<\/strong>: 18-28 V DC, fabrycznie ustawione na 24 V<\/li>\n<li><strong>Pr\u0105d wyj\u015bciowy<\/strong>: 2,5A<\/li>\n<li><strong>Wymiary<\/strong>: 140 x 43 x 45 mm<\/li>\n<\/ul>\n<p>Wybierz nasz <strong>Przetwornica DC\/DC<\/strong> dla niezawodnego rozwi\u0105zania, kt\u00f3re dopasuje si\u0119 do Twoich wymaga\u0144 i zapewni p\u0142ynn\u0105 i bezpieczn\u0105 prac\u0119.<\/p>","protected":false},"excerpt":{"rendered":"<p>Wydajna przetwornica DC\/DC podnosz\u0105ca napi\u0119cie z 12V do 24V.<\/p>\n<p>Regulowane napi\u0119cie wyj\u015bciowe i wbudowane funkcje zabezpieczaj\u0105ce zapewniaj\u0105 niezawodn\u0105 prac\u0119.<\/p>","protected":false},"featured_media":141822,"template":"","meta":{"_acf_changed":false},"product_brand":[],"product_cat":[4150,3198,1548],"product_tag":[2427,2235],"class_list":{"0":"post-71565","1":"product","2":"type-product","3":"status-publish","4":"has-post-thumbnail","6":"product_cat-omvandlare-dc-dc","7":"product_cat-omvandlare-12-24v","8":"product_cat-relaer-elektronik","9":"product_tag-rel-relaelektonik","10":"product_tag-rela-omvandlare","11":"product_shipping_class-postnord-varubrev","12":"pa_brands-pulsar","13":"tm-no-options","15":"first","16":"outofstock","17":"sale","18":"featured","19":"taxable","20":"shipping-taxable","21":"purchasable","22":"product-type-simple"},"acf":[],"_links":{"self":[{"href":"https:\/\/secureus.se\/pl\/wp-json\/wp\/v2\/product\/71565","targetHints":{"allow":["GET"]}}],"collection":[{"href":"https:\/\/secureus.se\/pl\/wp-json\/wp\/v2\/product"}],"about":[{"href":"https:\/\/secureus.se\/pl\/wp-json\/wp\/v2\/types\/product"}],"wp:featuredmedia":[{"embeddable":true,"href":"https:\/\/secureus.se\/pl\/wp-json\/wp\/v2\/media\/141822"}],"wp:attachment":[{"href":"https:\/\/secureus.se\/pl\/wp-json\/wp\/v2\/media?parent=71565"}],"wp:term":[{"taxonomy":"product_brand","embeddable":true,"href":"https:\/\/secureus.se\/pl\/wp-json\/wp\/v2\/product_brand?post=71565"},{"taxonomy":"product_cat","embeddable":true,"href":"https:\/\/secureus.se\/pl\/wp-json\/wp\/v2\/product_cat?post=71565"},{"taxonomy":"product_tag","embeddable":true,"href":"https:\/\/secureus.se\/pl\/wp-json\/wp\/v2\/product_tag?post=71565"}],"curies":[{"name":"wp","href":"https:\/\/api.w.org\/{rel}","templated":true}]}}