{"id":71571,"date":"2023-01-17T10:58:23","date_gmt":"2023-01-17T09:58:23","guid":{"rendered":"https:\/\/secureus.se\/produkt\/korthallare-transparent-staende-portratt-saljs-i-100-pack\/"},"modified":"2026-02-19T14:39:13","modified_gmt":"2026-02-19T13:39:13","slug":"korthallare-transparent-staende-portratt-saljs-i-100-pack","status":"publish","type":"product","link":"https:\/\/secureus.se\/pl\/korthallare-transparent-staende-portratt-saljs-i-100-pack\/","title":{"rendered":"Przezroczysty, ochronny uchwyt na dow\u00f3d osobisty \u2013 portret (sprzedawany w opakowaniu 100 szt.)"},"content":{"rendered":"<p>Przezroczysty, do\u0142\u0105czony uchwyt na dow\u00f3d osobisty idealnie nadaje si\u0119 do bezpiecznego eksponowania kart klient\u00f3w. Posiada klips blokuj\u0105cy, kt\u00f3ry zapobiega zsuwaniu si\u0119 karty, oraz otw\u00f3r na kciuk u\u0142atwiaj\u0105cy wyjmowanie w razie potrzeby.<\/p>\n<p>Sprzedawane w opakowaniach po 100 sztuk<\/p>\n<p>Dost\u0119pne w wersji poziomej i pionowej<\/p>\n<p>Mo\u017cna go u\u017cywa\u0107 z klipsem identyfikacyjnym, metalowym \u0142a\u0144cuszkiem z koralikami, paskiem lub szpul\u0105 na identyfikator<\/p>\n<p>Przezroczysty uchwyt<\/p>\n<p>Portret: Rozmiar wk\u0142adki: 54 mm (szer.) x 86 mm (wys.) \/ Rozmiar zewn\u0119trzny: 62 mm (szer.) x 90 mm (wys.)<\/p>\n<p>Waga produktu: 1,80 kg<\/p>","protected":false},"excerpt":{"rendered":"<p>Przezroczysty, do\u0142\u0105czony uchwyt na dow\u00f3d osobisty idealnie nadaje si\u0119 do bezpiecznego eksponowania kart klient\u00f3w. Posiada klips blokuj\u0105cy, kt\u00f3ry zapobiega zsuwaniu si\u0119 karty, oraz otw\u00f3r na kciuk u\u0142atwiaj\u0105cy wyjmowanie<\/p>","protected":false},"featured_media":141046,"template":"","meta":{"_acf_changed":false},"product_brand":[],"product_cat":[4888],"product_tag":[2850,3069],"class_list":{"0":"post-71571","1":"product","2":"type-product","3":"status-publish","4":"has-post-thumbnail","6":"product_cat-enkelsidig-staende-korthallare","7":"product_tag-korthallare-med-clips-staende","8":"product_tag-trade-produkt","9":"product_shipping_class-postnord-varubrev","10":"pa_farg-transparent","11":"tm-no-options","13":"first","14":"instock","15":"taxable","16":"shipping-taxable","17":"purchasable","18":"product-type-simple"},"acf":[],"_links":{"self":[{"href":"https:\/\/secureus.se\/pl\/wp-json\/wp\/v2\/product\/71571","targetHints":{"allow":["GET"]}}],"collection":[{"href":"https:\/\/secureus.se\/pl\/wp-json\/wp\/v2\/product"}],"about":[{"href":"https:\/\/secureus.se\/pl\/wp-json\/wp\/v2\/types\/product"}],"wp:featuredmedia":[{"embeddable":true,"href":"https:\/\/secureus.se\/pl\/wp-json\/wp\/v2\/media\/141046"}],"wp:attachment":[{"href":"https:\/\/secureus.se\/pl\/wp-json\/wp\/v2\/media?parent=71571"}],"wp:term":[{"taxonomy":"product_brand","embeddable":true,"href":"https:\/\/secureus.se\/pl\/wp-json\/wp\/v2\/product_brand?post=71571"},{"taxonomy":"product_cat","embeddable":true,"href":"https:\/\/secureus.se\/pl\/wp-json\/wp\/v2\/product_cat?post=71571"},{"taxonomy":"product_tag","embeddable":true,"href":"https:\/\/secureus.se\/pl\/wp-json\/wp\/v2\/product_tag?post=71571"}],"curies":[{"name":"wp","href":"https:\/\/api.w.org\/{rel}","templated":true}]}}