{"id":71717,"date":"2023-01-19T16:06:26","date_gmt":"2023-01-19T15:06:26","guid":{"rendered":"https:\/\/secureus.se\/produkt\/sjalvhaftande-krokodilklammor-i-plast-10-pack\/"},"modified":"2026-04-23T12:31:10","modified_gmt":"2026-04-23T10:31:10","slug":"sjalvhaftande-krokodilklammor-i-plast-10-pack","status":"publish","type":"product","link":"https:\/\/secureus.se\/pl\/sjalvhaftande-krokodilklammor-i-plast-10-pack\/","title":{"rendered":"Samoprzylepne plastikowe krokodylki (10 szt.)"},"content":{"rendered":"<p>Te samoprzylepne plastikowe zaciski krokodylkowe s\u0105 doskona\u0142ym rozwi\u0105zaniem do bezpo\u015bredniego mocowania kart plastikowych.<\/p>\n<p>Zacisk krokodylkowy mo\u017cna bezpiecznie przymocowa\u0107 do wszystkich rodzaj\u00f3w materia\u0142\u00f3w, dzi\u0119ki czemu mo\u017cna go \u0142atwo przymocowa\u0107 do ubrania u\u017cytkownika.<\/p>\n<p>Samoprzylepne podk\u0142adki mo\u017cna \u0142atwo przymocowa\u0107 do kart, tworz\u0105c op\u0142acaln\u0105 alternatyw\u0119 dla eksponowania kart plastikowych.<\/p>\n<p>Sprzedawane w opakowaniach po 100 szt<\/p>\n<p>Podk\u0142adka samoprzylepna o wymiarach 23 x 14 mm<\/p>","protected":false},"excerpt":{"rendered":"<p>Te samoprzylepne plastikowe zaciski krokodylkowe s\u0105 doskona\u0142ym rozwi\u0105zaniem do bezpo\u015bredniego mocowania kart plastikowych. Zacisk krokodylkowy mo\u017cna bezpiecznie przymocowa\u0107 do wszystkich rodzaj\u00f3w materia\u0142\u00f3w, dzi\u0119ki czemu mo\u017cna go \u0142atwo przymocowa\u0107 do cia\u0142a u\u017cytkownika<\/p>","protected":false},"featured_media":140715,"template":"","meta":{"_acf_changed":false},"product_brand":[],"product_cat":[1692],"product_tag":[3069],"class_list":{"0":"post-71717","1":"product","2":"type-product","3":"status-publish","4":"has-post-thumbnail","6":"product_cat-kortklamma-montering","7":"product_tag-trade-produkt","8":"product_shipping_class-postnord-varubrev","9":"tm-no-options","11":"first","12":"instock","13":"taxable","14":"shipping-taxable","15":"purchasable","16":"product-type-simple"},"acf":[],"_links":{"self":[{"href":"https:\/\/secureus.se\/pl\/wp-json\/wp\/v2\/product\/71717","targetHints":{"allow":["GET"]}}],"collection":[{"href":"https:\/\/secureus.se\/pl\/wp-json\/wp\/v2\/product"}],"about":[{"href":"https:\/\/secureus.se\/pl\/wp-json\/wp\/v2\/types\/product"}],"wp:featuredmedia":[{"embeddable":true,"href":"https:\/\/secureus.se\/pl\/wp-json\/wp\/v2\/media\/140715"}],"wp:attachment":[{"href":"https:\/\/secureus.se\/pl\/wp-json\/wp\/v2\/media?parent=71717"}],"wp:term":[{"taxonomy":"product_brand","embeddable":true,"href":"https:\/\/secureus.se\/pl\/wp-json\/wp\/v2\/product_brand?post=71717"},{"taxonomy":"product_cat","embeddable":true,"href":"https:\/\/secureus.se\/pl\/wp-json\/wp\/v2\/product_cat?post=71717"},{"taxonomy":"product_tag","embeddable":true,"href":"https:\/\/secureus.se\/pl\/wp-json\/wp\/v2\/product_tag?post=71717"}],"curies":[{"name":"wp","href":"https:\/\/api.w.org\/{rel}","templated":true}]}}