{"id":71893,"date":"2023-01-20T13:15:23","date_gmt":"2023-01-20T12:15:23","guid":{"rendered":"https:\/\/secureus.se\/produkt\/sandare-for-tredjepartsdetektorer\/"},"modified":"2026-04-07T13:01:18","modified_gmt":"2026-04-07T11:01:18","slug":"ajax-transmitter-sandare-for-tredjepart","status":"publish","type":"product","link":"https:\/\/secureus.se\/pl\/ajax-transmitter-sandare-for-tredjepart\/","title":{"rendered":"Nadajnik Ajax Nadajnik do detektor\u00f3w innych firm \/ Jubiler z nadajnikami"},"content":{"rendered":"<h3><strong>Nadajnik Ajax \u2013 nadajnik dla detektor\u00f3w innych firm<\/strong><\/h3>\n<p>Nadajnik Ajax to bezprzewodowe urz\u0105dzenie transmituj\u0105ce, kt\u00f3re umo\u017cliwia pod\u0142\u0105czenie detektor\u00f3w i innych urz\u0105dze\u0144 innych firm do systemu bezpiecze\u0144stwa Ajax.<\/p>\n<p>Ten innowacyjny produkt zapewnia u\u017cytkownikowi elastyczno\u015b\u0107 i precyzj\u0119, zapewniaj\u0105c wsp\u00f3\u0142prac\u0119 wszystkich cz\u0119\u015bci systemu bezpiecze\u0144stwa w celu ochrony mienia przed intruzami, po\u017carem, wyciekami gazu i innymi zagro\u017ceniami.<\/p>\n<p><strong>Prosta integracja z systemem Ajax<\/strong><\/p>\n<p>Nadajnik zaprojektowano tak, aby \u0142atwo integrowa\u0142 si\u0119 ze wszystkimi koncentratorami i wzmacniaczami Ajax, daj\u0105c u\u017cytkownikom mo\u017cliwo\u015b\u0107 pod\u0142\u0105czenia zar\u00f3wno czujek przewodowych, jak i bezprzewodowych.<\/p>\n<p>Dzi\u0119ki zasi\u0119gowi bezprzewodowemu do 1600 metr\u00f3w na otwartym terenie, nadajnik Ajax mo\u017cna umie\u015bci\u0107 w r\u00f3\u017cnych strategicznych lokalizacjach, aby zmaksymalizowa\u0107 zasi\u0119g i zapewni\u0107 ochron\u0119 ca\u0142ego obszaru.<\/p>\n<p><strong>Funkcje alarmowe i elastyczno\u015b\u0107<\/strong><\/p>\n<p>Nadajnik Ajax ma kilka regulowanych typ\u00f3w alarm\u00f3w na swoich wej\u015bciach, co czyni go elastycznym rozwi\u0105zaniem dla wszystkich typ\u00f3w potrzeb bezpiecze\u0144stwa. Mo\u017cesz wybiera\u0107 pomi\u0119dzy:<\/p>\n<ul>\n<li><strong>Alarm antyw\u0142amaniowy<\/strong> - Aby wykry\u0107 niechciane wtargni\u0119cie.<\/li>\n<li><strong>Alarm po\u017carowy<\/strong> \u2013 Aby wykry\u0107 rozw\u00f3j po\u017caru lub dymu.<\/li>\n<li><strong>Alarm awaryjny<\/strong> \u2013 Aby wys\u0142a\u0107 alarm w sytuacji awaryjnej.<\/li>\n<li><strong>Alarm napadowy<\/strong> - Aby szybko ostrzec, je\u015bli nast\u0105pi atak.<\/li>\n<li><strong>Alarm gazowy<\/strong> - Do wykrywania niebezpiecznych wyciek\u00f3w gazu w otoczeniu.<\/li>\n<\/ul>\n<p>Regulowany charakter typ\u00f3w alarm\u00f3w umo\u017cliwia u\u017cytkownikowi skonfigurowanie systemu wed\u0142ug w\u0142asnych potrzeb, dzi\u0119ki czemu nadajnik Ajax idealnie nadaje si\u0119 do stosowania zar\u00f3wno w \u015brodowiskach prywatnych, jak i komercyjnych.<\/p>\n<p><strong>Monitorowanie temperatury i d\u0142uga \u017cywotno\u015b\u0107 baterii<\/strong><\/p>\n<p>Wbudowany czujnik temperatury w nadajniku Ajax mierzy temperatur\u0119 otoczenia, zapewniaj\u0105c dodatkow\u0105 warstw\u0119 bezpiecze\u0144stwa.<\/p>\n<p>Temperatura jest stale monitorowana i mo\u017ce pom\u00f3c wykry\u0107 wszelkie zagro\u017cenia, kt\u00f3re mog\u0105 powsta\u0107 w wyniku ekstremalnych temperatur. Ta funkcja jest szczeg\u00f3lnie przydatna w \u015brodowiskach, w kt\u00f3rych kontrola temperatury ma kluczowe znaczenie, takich jak serwerownie lub magazyny.<\/p>\n<p>Je\u015bli chodzi o zasilanie, nadajnik Ajax wykorzystuje trzy baterie CR123A, kt\u00f3re znajduj\u0105 si\u0119 w zestawie.<\/p>\n<p>Baterie maj\u0105 d\u0142ug\u0105 \u017cywotno\u015b\u0107 a\u017c do pi\u0119ciu lat, wi\u0119c nie musisz si\u0119 martwi\u0107 o ich cz\u0119st\u0105 wymian\u0119. To sprawia, \u017ce nadajnik Ajax jest op\u0142acaln\u0105 opcj\u0105 zapewniaj\u0105c\u0105 d\u0142ugoterminowe bezpiecze\u0144stwo.<\/p>\n<p><strong>Trwa\u0142a i solidna konstrukcja<\/strong><\/p>\n<p>Nadajnik Ajax jest zbudowany tak, aby przetrwa\u0107 i dzia\u0142a\u0107 w szerokim zakresie temperatur od -25\u00b0C do +50\u00b0C, dzi\u0119ki czemu jest przydatny zar\u00f3wno w zimnym, jak i ciep\u0142ym klimacie.<\/p>\n<p>Solidna konstrukcja pozwala mu wytrzyma\u0107 trudne warunki \u015brodowiskowe i zapewnia\u0107 niezawodne bezpiecze\u0144stwo przez d\u0142ugi czas. Jest r\u00f3wnie\u017c przystosowany do pracy w wysokiej wilgotno\u015bci, dzi\u0119ki czemu idealnie nadaje si\u0119 do stosowania w wilgotnych obszarach.<\/p>\n<p><strong>\u0141atwa instalacja i u\u017cytkowanie<\/strong><\/p>\n<p>Instalacja nadajnika Ajax jest prosta i nie wymaga wiedzy technicznej. System mo\u017cna szybko skonfigurowa\u0107 za pomoc\u0105 aplikacji mobilnej Ajax, a czujki mo\u017cna \u0142atwo pod\u0142\u0105czy\u0107 jednym klikni\u0119ciem.<\/p>\n<p>Przyjazna dla u\u017cytkownika aplikacja umo\u017cliwia tak\u017ce zdalne monitorowanie i kontrol\u0119 systemu bezpiecze\u0144stwa, daj\u0105c u\u017cytkownikowi pe\u0142n\u0105 kontrol\u0119 nad bezpiecze\u0144stwem swojego domu lub firmy.<\/p>\n<p><strong>Kompatybilno\u015b\u0107 z systemem Ajax<\/strong><\/p>\n<p>Nadajnik Ajax jest kompatybilny ze wszystkimi koncentratorami i wzmacniaczami Ajax, co czyni go idealnym rozwi\u0105zaniem dla u\u017cytkownik\u00f3w, kt\u00f3rzy maj\u0105 ju\u017c zainstalowany system Ajax.<\/p>\n<p>Niezale\u017cnie od tego, czy u\u017cyjesz go do pod\u0142\u0105czenia dodatkowych detektor\u00f3w, czy do stworzenia ca\u0142kowicie niestandardowego systemu bezpiecze\u0144stwa, nadajnik Ajax b\u0119dzie idealnie pasowa\u0142 do Twojego istniej\u0105cego systemu.<\/p>\n<p><strong>Dane techniczne:<\/strong><\/p>\n<ul>\n<li><strong>Zasi\u0119g bezprzewodowy:<\/strong> Do 1600 metr\u00f3w w otwartym terenie<\/li>\n<li><strong>Zakres temperatur:<\/strong> -25\u00b0C do +50\u00b0C<\/li>\n<li><strong>Typ baterii:<\/strong> 3 \u00d7 CR123A (3V)<\/li>\n<li><strong>\u017bywotno\u015b\u0107 baterii:<\/strong> Do 5 lat<\/li>\n<li><strong>Typy alarm\u00f3w:<\/strong> W\u0142amanie, po\u017car, alarm, napad, gaz<\/li>\n<li><strong>Wilgotno\u015b\u0107:<\/strong> Do 75%<\/li>\n<li><strong>Zgodno\u015b\u0107:<\/strong> Wszystkie koncentratory i wzmacniacze Ajax<\/li>\n<li><strong>Rozmiar:<\/strong> 80 \u00d7 50 \u00d7 28 mm<\/li>\n<li><strong>Waga:<\/strong> 60 gr<\/li>\n<\/ul>\n<p><strong>Zawarto\u015b\u0107 pakietu:<\/strong><\/p>\n<ul>\n<li>Nadajnik Ajaxu<\/li>\n<li>3 baterie CR123A<\/li>\n<li>Instrukcja obs\u0142ugi<\/li>\n<\/ul>\n<p><strong>Wniosek:<\/strong><\/p>\n<p>Nadajnik Ajax to wszechstronne i niezawodne rozwi\u0105zanie umo\u017cliwiaj\u0105ce pod\u0142\u0105czenie detektor\u00f3w innych firm do systemu bezpiecze\u0144stwa Ajax.<\/p>\n<p>Dzi\u0119ki du\u017cemu zasi\u0119gowi, regulowanym typom alarm\u00f3w, wbudowanemu monitorowi temperatury i d\u0142ugiej \u017cywotno\u015bci baterii, nadajnik ten stanowi elastyczne i ekonomiczne rozwi\u0105zanie wzmacniaj\u0105ce system bezpiecze\u0144stwa.<\/p>","protected":false},"excerpt":{"rendered":"<p>Nadajnik Ajax to bezprzewodowy nadajnik, kt\u00f3ry umo\u017cliwia pod\u0142\u0105czenie detektor\u00f3w innych firm do systemu Ajax.<\/p>\n<p>Dzi\u0119ki wbudowanemu czujnikowi temperatury i regulowanym typom alarm\u00f3w mo\u017cesz stworzy\u0107 spersonalizowany system bezpiecze\u0144stwa.<\/p>\n<p>Zasi\u0119g do 2600 mil w terenie swobodnym.<\/p>","protected":false},"featured_media":151888,"template":"","meta":{"_acf_changed":false},"product_brand":[],"product_cat":[3170,1319],"product_tag":[3152,4863],"class_list":{"0":"post-71893","1":"product","2":"type-product","3":"status-publish","4":"has-post-thumbnail","6":"product_cat-integration","7":"product_cat-ajax-larm","8":"product_tag-cr123-tillbehor","9":"product_tag-pf","10":"product_shipping_class-tunga-paket","11":"pa_brands-ajax-systems","12":"pa_color-svart","13":"pa_farg-svart","14":"tm-no-options","16":"first","17":"instock","18":"sale","19":"featured","20":"taxable","21":"shipping-taxable","22":"purchasable","23":"product-type-simple"},"acf":[],"_links":{"self":[{"href":"https:\/\/secureus.se\/pl\/wp-json\/wp\/v2\/product\/71893","targetHints":{"allow":["GET"]}}],"collection":[{"href":"https:\/\/secureus.se\/pl\/wp-json\/wp\/v2\/product"}],"about":[{"href":"https:\/\/secureus.se\/pl\/wp-json\/wp\/v2\/types\/product"}],"wp:featuredmedia":[{"embeddable":true,"href":"https:\/\/secureus.se\/pl\/wp-json\/wp\/v2\/media\/151888"}],"wp:attachment":[{"href":"https:\/\/secureus.se\/pl\/wp-json\/wp\/v2\/media?parent=71893"}],"wp:term":[{"taxonomy":"product_brand","embeddable":true,"href":"https:\/\/secureus.se\/pl\/wp-json\/wp\/v2\/product_brand?post=71893"},{"taxonomy":"product_cat","embeddable":true,"href":"https:\/\/secureus.se\/pl\/wp-json\/wp\/v2\/product_cat?post=71893"},{"taxonomy":"product_tag","embeddable":true,"href":"https:\/\/secureus.se\/pl\/wp-json\/wp\/v2\/product_tag?post=71893"}],"curies":[{"name":"wp","href":"https:\/\/api.w.org\/{rel}","templated":true}]}}