{"id":72297,"date":"2023-01-23T09:55:41","date_gmt":"2023-01-23T08:55:41","guid":{"rendered":"https:\/\/secureus.se\/?post_type=product&#038;p=72297"},"modified":"2025-12-31T20:43:13","modified_gmt":"2025-12-31T19:43:13","slug":"dsc-tamper-switch-pc5003c","status":"publish","type":"product","link":"https:\/\/secureus.se\/pl\/dsc-tamper-switch-pc5003c\/","title":{"rendered":"W\u0142\u0105cznik sabota\u017cowy DSC \/ w\u0142\u0105cznik sabota\u017cowy obudowy PC5003C"},"content":{"rendered":"<p><b>Prze\u0142\u0105cznik sabota\u017cowy DSC PC5003C <\/b>\u00a0to wysokiej jako\u015bci prze\u0142\u0105cznik sabota\u017cowy, kt\u00f3ry zapewnia skuteczn\u0105 ochron\u0119 system\u00f3w bezpiecze\u0144stwa przed niepo\u017c\u0105dan\u0105 manipulacj\u0105.<\/p>\n<p>Ten uniwersalny prze\u0142\u0105cznik, zaprojektowany do u\u017cytku z systemami DSC NEO, mo\u017cna zainstalowa\u0107 na obudowach, aby zapewni\u0107 ich nienaruszenie i ochron\u0119.<\/p>\n<p>Gdy obudowa zostanie otwarta lub naruszona, prze\u0142\u0105cznik aktywuje alarm, zapewniaj\u0105c szybk\u0105 reakcj\u0119 na potencjalne w\u0142amania.<\/p>\n<p>Ten prze\u0142\u0105cznik sabota\u017cowy jest \u0142atwy w instalacji i skutecznie dzia\u0142a w r\u00f3\u017cnych \u015brodowiskach, co czyni go doskona\u0142ym wyborem zar\u00f3wno do zastosowa\u0144 mieszkaniowych, jak i komercyjnych.<\/p>\n<p>Bezproblemowo integruje si\u0119 z systemem PowerSeries Neo, umo\u017cliwiaj\u0105c monitorowanie a\u017c 128 stref i dostosowywanie rozwi\u0105za\u0144 bezpiecze\u0144stwa dla r\u00f3\u017cnych cz\u0119\u015bci nieruchomo\u015bci.<\/p>\n<p>Dzi\u0119ki solidnej konstrukcji i \u0142atwej instalacji prze\u0142\u0105cznik antysabota\u017cowy DSC PC5003C zapewnia niezawodn\u0105 ochron\u0119 system\u00f3w bezpiecze\u0144stwa, zapewniaj\u0105c dodatkowe bezpiecze\u0144stwo i spok\u00f3j ducha.<\/p>\n<p>&nbsp;<\/p>\n<p>&nbsp;<\/p>\n<p>&nbsp;<\/p>","protected":false},"excerpt":{"rendered":"<p>W\u0142\u0105cznik sabota\u017cowy DSC PC5003C to uniwersalny w\u0142\u0105cznik sabota\u017cowy przeznaczony do alarmowej ochrony obud\u00f3w system\u00f3w DSC NEO.<\/p>\n<p>Jest idealny do zapobiegania nieautoryzowanemu dost\u0119powi i zapewnienia, \u017ce Twoje urz\u0105dzenia zabezpieczaj\u0105ce s\u0105 zawsze chronione.<\/p>\n<p>Jest \u0142atwy w instalacji i dzia\u0142a niezawodnie w r\u00f3\u017cnych \u015brodowiskach.<\/p>","protected":false},"featured_media":140847,"template":"","meta":{"_acf_changed":false},"product_brand":[],"product_cat":[3332,1322,3323],"product_tag":[3311,3022,3031],"class_list":{"0":"post-72297","1":"product","2":"type-product","3":"status-publish","4":"has-post-thumbnail","6":"product_cat-tillbehor","7":"product_cat-dsc-larm-neo-power-hybridlarm","8":"product_cat-kapsling","9":"product_tag-dsc-neo-svensk-manual","10":"product_tag-neo-central-kapslingar","11":"product_tag-neo-ovriga-tillbehor","12":"product_shipping_class-tunga-paket","13":"pa_brands-4dsc","14":"tm-has-options","16":"first","17":"onbackorder","18":"sale","19":"featured","20":"taxable","21":"shipping-taxable","22":"purchasable","23":"product-type-simple"},"acf":[],"_links":{"self":[{"href":"https:\/\/secureus.se\/pl\/wp-json\/wp\/v2\/product\/72297","targetHints":{"allow":["GET"]}}],"collection":[{"href":"https:\/\/secureus.se\/pl\/wp-json\/wp\/v2\/product"}],"about":[{"href":"https:\/\/secureus.se\/pl\/wp-json\/wp\/v2\/types\/product"}],"wp:featuredmedia":[{"embeddable":true,"href":"https:\/\/secureus.se\/pl\/wp-json\/wp\/v2\/media\/140847"}],"wp:attachment":[{"href":"https:\/\/secureus.se\/pl\/wp-json\/wp\/v2\/media?parent=72297"}],"wp:term":[{"taxonomy":"product_brand","embeddable":true,"href":"https:\/\/secureus.se\/pl\/wp-json\/wp\/v2\/product_brand?post=72297"},{"taxonomy":"product_cat","embeddable":true,"href":"https:\/\/secureus.se\/pl\/wp-json\/wp\/v2\/product_cat?post=72297"},{"taxonomy":"product_tag","embeddable":true,"href":"https:\/\/secureus.se\/pl\/wp-json\/wp\/v2\/product_tag?post=72297"}],"curies":[{"name":"wp","href":"https:\/\/api.w.org\/{rel}","templated":true}]}}