{"id":72311,"date":"2023-01-26T17:57:48","date_gmt":"2023-01-26T16:57:48","guid":{"rendered":"https:\/\/secureus.se\/?post_type=product&#038;p=72311"},"modified":"2026-01-06T20:51:09","modified_gmt":"2026-01-06T19:51:09","slug":"dsc-power-supply-pgm-module-pc5204","status":"publish","type":"product","link":"https:\/\/secureus.se\/pl\/dsc-power-supply-pgm-module-pc5204\/","title":{"rendered":"Modu\u0142 PGM zasilacza DSC PC5204 (ten produkt jest na wyczerpaniu)"},"content":{"rendered":"<p><strong>Modu\u0142 PGM zasilacza DSC PC5204<\/strong> to zaawansowany modu\u0142 zasilania i wyj\u015bcia zaprojektowany w celu zapewnienia elastycznego i niezawodnego zarz\u0105dzania energi\u0105 w systemach DSC PowerSeries NEO.<\/p>\n<p>Dzi\u0119ki g\u0142\u00f3wnemu wyj\u015bciu 12 V DC i wydajno\u015bci 1 A modu\u0142 mo\u017ce z \u0142atwo\u015bci\u0105 zasila\u0107 syreny lub inne urz\u0105dzenia wymagaj\u0105ce du\u017cego pr\u0105du.<\/p>\n<p>Dodatkowo oferuje cztery programowalne wyj\u015bcia tranzystorowe, co pozwala na r\u00f3\u017cne funkcje i dostosowanie do konkretnych potrzeb bezpiecze\u0144stwa.<\/p>\n<p>Oddzielne wej\u015bcie sabota\u017cu obudowy zapewnia ochron\u0119 modu\u0142u przed nieuprawnionym dost\u0119pem, a dla \u0142atwej instalacji mo\u017cna go pod\u0142\u0105czy\u0107 czterema przewodami.<\/p>\n<p>Nale\u017cy pami\u0119ta\u0107, \u017ce modu\u0142 jest dostarczany bez obudowy, co czyni go elastycznym w przypadku r\u00f3\u017cnych \u015brodowisk instalacyjnych.<\/p>\n<p>Do zasilania modu\u0142u wymagany jest oddzielny akumulator zapasowy (7Ah) i transformator (17VAC).<\/p>\n<p>Dzi\u0119ki przyjaznej dla u\u017cytkownika konstrukcji i rozbudowanym funkcjom modu\u0142 PGM zasilacza DSC PC5204 jest doskona\u0142ym rozwi\u0105zaniem do optymalizacji wydajno\u015bci i niezawodno\u015bci systemu bezpiecze\u0144stwa.<\/p>","protected":false},"excerpt":{"rendered":"<p>Modu\u0142 PGM zasilacza DSC PC5204 to pot\u0119\u017cne akcesorium do PowerSeries NEO, z wyj\u015bciem 12 V i 1 A.<\/p>\n<p>Zawiera cztery programowalne wyj\u015bcia tranzystorowe do sterowania diodami LED lub przeka\u017anikami.<\/p>\n<p>Modu\u0142 wymaga osobnego akumulatora zasilania awaryjnego i idealnie nadaje si\u0119 do sterowania syrenami i innymi funkcjami systemu bezpiecze\u0144stwa.<\/p>","protected":false},"featured_media":141111,"template":"","meta":{"_acf_changed":false},"product_brand":[],"product_cat":[1322,3330],"product_tag":[3311,3027],"class_list":{"0":"post-72311","1":"product","2":"type-product","3":"status-publish","4":"has-post-thumbnail","6":"product_cat-dsc-larm-neo-power-hybridlarm","7":"product_cat-powerseries-1616-1864","8":"product_tag-dsc-neo-svensk-manual","9":"product_tag-power-pc1616-1864-aldre-versionen-av-neo","10":"product_shipping_class-postnord-varubrev","11":"pa_brands-4dsc","12":"tm-has-options","14":"first","15":"outofstock","16":"sale","17":"featured","18":"taxable","19":"shipping-taxable","20":"purchasable","21":"product-type-simple"},"acf":[],"_links":{"self":[{"href":"https:\/\/secureus.se\/pl\/wp-json\/wp\/v2\/product\/72311","targetHints":{"allow":["GET"]}}],"collection":[{"href":"https:\/\/secureus.se\/pl\/wp-json\/wp\/v2\/product"}],"about":[{"href":"https:\/\/secureus.se\/pl\/wp-json\/wp\/v2\/types\/product"}],"wp:featuredmedia":[{"embeddable":true,"href":"https:\/\/secureus.se\/pl\/wp-json\/wp\/v2\/media\/141111"}],"wp:attachment":[{"href":"https:\/\/secureus.se\/pl\/wp-json\/wp\/v2\/media?parent=72311"}],"wp:term":[{"taxonomy":"product_brand","embeddable":true,"href":"https:\/\/secureus.se\/pl\/wp-json\/wp\/v2\/product_brand?post=72311"},{"taxonomy":"product_cat","embeddable":true,"href":"https:\/\/secureus.se\/pl\/wp-json\/wp\/v2\/product_cat?post=72311"},{"taxonomy":"product_tag","embeddable":true,"href":"https:\/\/secureus.se\/pl\/wp-json\/wp\/v2\/product_tag?post=72311"}],"curies":[{"name":"wp","href":"https:\/\/api.w.org\/{rel}","templated":true}]}}