{"id":72375,"date":"2023-01-23T09:55:52","date_gmt":"2023-01-23T08:55:52","guid":{"rendered":"https:\/\/secureus.se\/produkt\/dsc-neo-power-g-wireless-temperaturdetektor-pg8905-2\/"},"modified":"2025-12-31T20:53:04","modified_gmt":"2025-12-31T19:53:04","slug":"dsc-temperature-detector-pg8905","status":"publish","type":"product","link":"https:\/\/secureus.se\/pl\/dsc-temperature-detector-pg8905\/","title":{"rendered":"Detektor temperatury DSC PG8905"},"content":{"rendered":"<p><strong>Detektor temperatury DSC PG8905<\/strong> to zaawansowany czujnik temperatury, kt\u00f3ry idealnie sprawdza si\u0119 zar\u00f3wno w \u015brodowiskach mieszkalnych, jak i komercyjnych.<\/p>\n<p>Wykorzystuje technologi\u0119 PowerG, aby zapewni\u0107 niezawodn\u0105 komunikacj\u0119 i mo\u017ce mierzy\u0107 temperatury w zakresie od -40\u00b0C do +85\u00b0C.<\/p>\n<p>Dzi\u0119ki mo\u017cliwo\u015bci wy\u015bwietlania danych o temperaturze na klawiaturze, PG8905 zapewnia u\u017cytkownikom proste i skuteczne rozwi\u0105zanie do monitorowania zmian temperatury w czasie rzeczywistym.<\/p>\n<p>Nadajnik posiada wbudowany wska\u017anik si\u0142y sygna\u0142u LED, kt\u00f3ry upraszcza proces instalacji, pomagaj\u0105c u\u017cytkownikowi wybra\u0107 optymalne miejsce instalacji bez konieczno\u015bci powrotu do manipulatora.<\/p>\n<p>PG8905 mo\u017cna r\u00f3wnie\u017c zaprogramowa\u0107 do wysy\u0142ania alarm\u00f3w zar\u00f3wno w przypadku wysokiej, jak i niskiej temperatury, co czyni go idealnym rozwi\u0105zaniem do ochrony wra\u017cliwych obszar\u00f3w, takich jak lod\u00f3wki i zamra\u017carki, lub do monitorowania temperatury w innych krytycznych \u015brodowiskach.<\/p>\n<p>Dzi\u0119ki \u017cywotno\u015bci baterii do 7 lat i wska\u017anikowi niskiego poziomu baterii, czujnik temperatury DSC PG8905 jest trwa\u0142ym i niezawodnym rozwi\u0105zaniem dla ka\u017cdego, kto potrzebuje dok\u0142adnego monitorowania temperatury.<\/p>","protected":false},"excerpt":{"rendered":"<p>Detektor temperatury DSC PG8905 to bezprzewodowy czujnik temperatury przeznaczony dla DSC PowerSeries Neo i Pro.<\/p>\n<p>Monitoruje temperatur\u0119 w pomieszczeniu i mo\u017cna go r\u00f3wnie\u017c pod\u0142\u0105czy\u0107 do czujnika zewn\u0119trznego w celu pomiaru temperatury na zewn\u0105trz lub w lod\u00f3wkach i zamra\u017carkach.<\/p>\n<p>Dzi\u0119ki \u017cywotno\u015bci baterii do 7 lat, PG8905 zapewnia niezawodne monitorowanie zar\u00f3wno w domach, jak i firmach.<\/p>","protected":false},"featured_media":140706,"template":"","meta":{"_acf_changed":false},"product_brand":[],"product_cat":[1322,3324],"product_tag":[3311],"class_list":{"0":"post-72375","1":"product","2":"type-product","3":"status-publish","4":"has-post-thumbnail","6":"product_cat-dsc-larm-neo-power-hybridlarm","7":"product_cat-vatten-och-temperaturlarm","8":"product_tag-dsc-neo-svensk-manual","9":"product_shipping_class-postnord-varubrev","10":"pa_brands-4dsc","11":"tm-has-options","13":"first","14":"instock","15":"sale","16":"featured","17":"taxable","18":"shipping-taxable","19":"purchasable","20":"product-type-simple"},"acf":[],"_links":{"self":[{"href":"https:\/\/secureus.se\/pl\/wp-json\/wp\/v2\/product\/72375","targetHints":{"allow":["GET"]}}],"collection":[{"href":"https:\/\/secureus.se\/pl\/wp-json\/wp\/v2\/product"}],"about":[{"href":"https:\/\/secureus.se\/pl\/wp-json\/wp\/v2\/types\/product"}],"wp:featuredmedia":[{"embeddable":true,"href":"https:\/\/secureus.se\/pl\/wp-json\/wp\/v2\/media\/140706"}],"wp:attachment":[{"href":"https:\/\/secureus.se\/pl\/wp-json\/wp\/v2\/media?parent=72375"}],"wp:term":[{"taxonomy":"product_brand","embeddable":true,"href":"https:\/\/secureus.se\/pl\/wp-json\/wp\/v2\/product_brand?post=72375"},{"taxonomy":"product_cat","embeddable":true,"href":"https:\/\/secureus.se\/pl\/wp-json\/wp\/v2\/product_cat?post=72375"},{"taxonomy":"product_tag","embeddable":true,"href":"https:\/\/secureus.se\/pl\/wp-json\/wp\/v2\/product_tag?post=72375"}],"curies":[{"name":"wp","href":"https:\/\/api.w.org\/{rel}","templated":true}]}}