{"id":72380,"date":"2023-01-23T09:55:51","date_gmt":"2023-01-23T08:55:51","guid":{"rendered":"https:\/\/secureus.se\/produkt\/dsc-neo-power-g-wireless-glaskrossdetektor-pg8922-2\/"},"modified":"2026-02-23T14:49:15","modified_gmt":"2026-02-23T13:49:15","slug":"dsc-glass-break-detector-pg8922","status":"publish","type":"product","link":"https:\/\/secureus.se\/pl\/dsc-glass-break-detector-pg8922\/","title":{"rendered":"Detektor st\u0142uczenia szk\u0142a DSC PowerG PG8922"},"content":{"rendered":"<p><strong>Detektor st\u0142uczenia szk\u0142a DSC PG8922<\/strong> to zaawansowana technologicznie czujka akustyczna przeznaczona do ochrony okien i powierzchni szklanych przed w\u0142amaniem. Dzi\u0119ki promieniowi wykrywania do 6 metr\u00f3w i obs\u0142udze r\u00f3\u017cnych rodzaj\u00f3w szk\u0142a, w tym zwyk\u0142ego szk\u0142a okiennego, szk\u0142a laminowanego i hartowanego, PG8922 oferuje kompleksowe rozwi\u0105zanie w zakresie bezpiecze\u0144stwa zar\u00f3wno dla obiekt\u00f3w mieszkalnych, jak i komercyjnych.<\/p>\n<p>Czujka ta wykorzystuje technologi\u0119 PowerG, aby zapewni\u0107 niezawodn\u0105 komunikacj\u0119 i ma zasi\u0119g do 2 km na otwartych przestrzeniach.<\/p>\n<p>PG8922 jest r\u00f3wnie\u017c wyposa\u017cony we wska\u017anik niskiego poziomu na\u0142adowania baterii i ma d\u0142ug\u0105 \u017cywotno\u015b\u0107 baterii do 4 lat, co czyni go ekonomicznym i \u0142atwym w utrzymaniu.<\/p>\n<p>Urz\u0105dzenie mo\u017cna skonfigurowa\u0107 bezpo\u015brednio z klawiatury, bez konieczno\u015bci otwierania czujki, dzi\u0119ki czemu instalacja jest szybka i \u0142atwa.<\/p>\n<p>Dodatkowo PG8922 zaprojektowano tak, aby minimalizowa\u0107 fa\u0142szywe alarmy, zwi\u0119kszaj\u0105c zaufanie u\u017cytkownika do systemu bezpiecze\u0144stwa.<\/p>\n<p>Mo\u017cna go \u0142atwo zintegrowa\u0107 z panelami DSC PowerSeries Neo, PowerSeries Pro i Qolsys, co czyni go elastycznym wyborem dla ka\u017cdego rozwi\u0105zania bezpiecze\u0144stwa.<\/p>","protected":false},"excerpt":{"rendered":"<p>Detektor st\u0142uczenia szk\u0142a DSC PG8922 to bezprzewodowy, akustyczny detektor st\u0142uczenia szk\u0142a, kompatybilny z urz\u0105dzeniami DSC PowerSeries Neo i Pro.<\/p>\n<p>Wykorzystuje zaawansowan\u0105 technologi\u0119 PowerG, aby zapewni\u0107 promie\u0144 wykrywania do 6 metr\u00f3w.<\/p>\n<p>Dzi\u0119ki \u017cywotno\u015bci baterii do 4 lat i mo\u017cliwo\u015bci wykrywania r\u00f3\u017cnych rodzaj\u00f3w szk\u0142a, PG8922 to niezawodny wyb\u00f3r do ochrony dom\u00f3w i firm przed w\u0142amaniem.<\/p>\n<p>&nbsp;<\/p>","protected":false},"featured_media":141155,"template":"","meta":{"_acf_changed":false},"product_brand":[],"product_cat":[1322,3336],"product_tag":[3152,3311,2472],"class_list":{"0":"post-72380","1":"product","2":"type-product","3":"status-publish","4":"has-post-thumbnail","6":"product_cat-dsc-larm-neo-power-hybridlarm","7":"product_cat-glaskrossdetektor-powerg-tradlosa-givare","8":"product_tag-cr123-tillbehor","9":"product_tag-dsc-neo-svensk-manual","10":"product_tag-sbsc-larmklassr","11":"product_shipping_class-postnord-varubrev","12":"pa_brands-4dsc","13":"tm-has-options","15":"first","16":"instock","17":"sale","18":"featured","19":"taxable","20":"shipping-taxable","21":"purchasable","22":"product-type-simple"},"acf":[],"_links":{"self":[{"href":"https:\/\/secureus.se\/pl\/wp-json\/wp\/v2\/product\/72380","targetHints":{"allow":["GET"]}}],"collection":[{"href":"https:\/\/secureus.se\/pl\/wp-json\/wp\/v2\/product"}],"about":[{"href":"https:\/\/secureus.se\/pl\/wp-json\/wp\/v2\/types\/product"}],"wp:featuredmedia":[{"embeddable":true,"href":"https:\/\/secureus.se\/pl\/wp-json\/wp\/v2\/media\/141155"}],"wp:attachment":[{"href":"https:\/\/secureus.se\/pl\/wp-json\/wp\/v2\/media?parent=72380"}],"wp:term":[{"taxonomy":"product_brand","embeddable":true,"href":"https:\/\/secureus.se\/pl\/wp-json\/wp\/v2\/product_brand?post=72380"},{"taxonomy":"product_cat","embeddable":true,"href":"https:\/\/secureus.se\/pl\/wp-json\/wp\/v2\/product_cat?post=72380"},{"taxonomy":"product_tag","embeddable":true,"href":"https:\/\/secureus.se\/pl\/wp-json\/wp\/v2\/product_tag?post=72380"}],"curies":[{"name":"wp","href":"https:\/\/api.w.org\/{rel}","templated":true}]}}