{"id":72383,"date":"2023-01-23T09:55:50","date_gmt":"2023-01-23T08:55:50","guid":{"rendered":"https:\/\/secureus.se\/produkt\/power-g-wireless-pir-utomhus-kamera-pg8944-2\/"},"modified":"2026-05-04T14:57:09","modified_gmt":"2026-05-04T12:57:09","slug":"dsc-detector-camera-utomhus-pg8944","status":"publish","type":"product","link":"https:\/\/secureus.se\/pl\/dsc-detector-camera-utomhus-pg8944\/","title":{"rendered":"Czujka DSC z kamer\u0105 Bezprzewodowa zewn\u0119trzna PIR PG8944"},"content":{"rendered":"<p><strong>Detektor DSC z kamer\u0105 zewn\u0119trzn\u0105 PG8944<\/strong> to zaawansowana technologicznie czujka bezprzewodowa, kt\u00f3ra \u0142\u0105czy w sobie detekcj\u0119 ruchu z wizualnym potwierdzeniem.<\/p>\n<p>Wyposa\u017cony w pot\u0119\u017cn\u0105 kamer\u0119, kt\u00f3ra natychmiast rejestruje obrazy w przypadku alarmu, PG8944 pozwala mened\u017cerom ds. bezpiecze\u0144stwa zobaczy\u0107, co dzieje si\u0119 w czasie rzeczywistym.<\/p>\n<p>Dzi\u0119ki zastosowaniu technologii PowerG zapewniony jest zasi\u0119g komunikacji do 2 km w otwartej przestrzeni.<\/p>\n<p>Detektor ma zasi\u0119g 12 metr\u00f3w przy k\u0105cie widzenia 90\u00b0 i jest przeznaczony do pracy w warunkach zewn\u0119trznych w zakresie temperatur od -35\u00b0C do +60\u00b0C.<\/p>\n<p>Dzi\u0119ki innowacyjnej technologii Octa-Quad i o\u015bmiu czujnikom podczerwieni potrafi niezawodnie rozr\u00f3\u017cnia\u0107 ludzi, poruszaj\u0105ce si\u0119 drzewa i mniejsze zwierz\u0119ta, minimalizuj\u0105c fa\u0142szywe alarmy.<\/p>\n<p>Jest \u0142atwy w instalacji i mo\u017cna go konfigurowa\u0107 za pomoc\u0105 panelu sterowania, bez konieczno\u015bci dokonywania regulacji na miejscu.<\/p>\n<p>Dzi\u0119ki d\u0142ugiej \u017cywotno\u015bci baterii, si\u0119gaj\u0105cej 3 lat, PG8944 jest op\u0142acalnym rozwi\u0105zaniem do monitorowania bezpiecze\u0144stwa w domu i firmie.<\/p>","protected":false},"excerpt":{"rendered":"<p>Detektor DSC z kamer\u0105 PG8944 to bezprzewodowa czujka zewn\u0119trzna z kamer\u0105, kt\u00f3ra umo\u017cliwia monitorowanie w czasie rzeczywistym i weryfikacj\u0119 alarm\u00f3w.<\/p>\n<p>Dzi\u0119ki zasi\u0119gowi nadzoru wynosz\u0105cemu 12 metr\u00f3w i zaawansowanej technologii Octa-Quad minimalizuje fa\u0142szywe alarmy i umo\u017cliwia niezawodne wykrywanie nieupowa\u017cnionych w\u0142ama\u0144.<\/p>\n<p>Wyposa\u017cony w kamer\u0119 na podczerwie\u0144 i bateri\u0119 o d\u0142ugim czasie pracy, idealnie nadaje si\u0119 zar\u00f3wno do zastosowa\u0144 mieszkaniowych, jak i komercyjnych.<\/p>","protected":false},"featured_media":140896,"template":"","meta":{"_acf_changed":false},"product_brand":[],"product_cat":[3325,1322],"product_tag":[3311,3016,2472],"class_list":{"0":"post-72383","1":"product","2":"type-product","3":"status-publish","4":"has-post-thumbnail","6":"product_cat-kameradetektor","7":"product_cat-dsc-larm-neo-power-hybridlarm","8":"product_tag-dsc-neo-svensk-manual","9":"product_tag-neo-detektorer","10":"product_tag-sbsc-larmklassr","11":"product_shipping_class-postnord-varubrev","12":"pa_brands-4dsc","13":"tm-has-options","15":"first","16":"onbackorder","17":"sale","18":"featured","19":"taxable","20":"shipping-taxable","21":"purchasable","22":"product-type-simple"},"acf":[],"_links":{"self":[{"href":"https:\/\/secureus.se\/pl\/wp-json\/wp\/v2\/product\/72383","targetHints":{"allow":["GET"]}}],"collection":[{"href":"https:\/\/secureus.se\/pl\/wp-json\/wp\/v2\/product"}],"about":[{"href":"https:\/\/secureus.se\/pl\/wp-json\/wp\/v2\/types\/product"}],"wp:featuredmedia":[{"embeddable":true,"href":"https:\/\/secureus.se\/pl\/wp-json\/wp\/v2\/media\/140896"}],"wp:attachment":[{"href":"https:\/\/secureus.se\/pl\/wp-json\/wp\/v2\/media?parent=72383"}],"wp:term":[{"taxonomy":"product_brand","embeddable":true,"href":"https:\/\/secureus.se\/pl\/wp-json\/wp\/v2\/product_brand?post=72383"},{"taxonomy":"product_cat","embeddable":true,"href":"https:\/\/secureus.se\/pl\/wp-json\/wp\/v2\/product_cat?post=72383"},{"taxonomy":"product_tag","embeddable":true,"href":"https:\/\/secureus.se\/pl\/wp-json\/wp\/v2\/product_tag?post=72383"}],"curies":[{"name":"wp","href":"https:\/\/api.w.org\/{rel}","templated":true}]}}