{"id":72384,"date":"2023-01-23T09:55:50","date_gmt":"2023-01-23T08:55:50","guid":{"rendered":"https:\/\/secureus.se\/produkt\/power-g-pg8994-ar-en-tradlos-utomhusdetektor-for-iotega-powerseries-neo-pro-2\/"},"modified":"2025-12-31T20:52:23","modified_gmt":"2025-12-31T19:52:23","slug":"dsc-outdoor-pir-motion-detector-pg8994","status":"publish","type":"product","link":"https:\/\/secureus.se\/pl\/dsc-outdoor-pir-motion-detector-pg8994\/","title":{"rendered":"Zewn\u0119trzna czujka ruchu PIR DSC PowerG Wireless PG8994"},"content":{"rendered":"<p><strong>Zewn\u0119trzna czujka ruchu PIR DSC PG8994<\/strong> to zaawansowana bezprzewodowa czujka zewn\u0119trzna zaprojektowana z my\u015bl\u0105 o skutecznej ochronie przed w\u0142amaniem. Wyposa\u017cony w prze\u0142omow\u0105 technologi\u0119 Octa-Quad, obejmuj\u0105c\u0105 osiem czujnik\u00f3w podczerwieni, zapewnia dok\u0142adne wykrywanie ruchu i minimalizuje ryzyko fa\u0142szywych alarm\u00f3w spowodowanych naturalnymi ruchami, takimi jak ko\u0142ysanie si\u0119 drzew.<\/p>\n<p>Detektor ma imponuj\u0105cy zasi\u0119g wykrywania do 12 metr\u00f3w i wodoodporn\u0105 konstrukcj\u0119, dzi\u0119ki czemu nadaje si\u0119 zar\u00f3wno do obiekt\u00f3w mieszkalnych, jak i komercyjnych.<\/p>\n<p>Dzi\u0119ki zakresowi temperatur od -40\u00b0C do +70\u00b0C i \u017cywotno\u015bci baterii do trzech lat w normalnych warunkach, PG8994 jest trwa\u0142y i niezawodny.<\/p>\n<p>Konfiguracja jest \u0142atwa dzi\u0119ki widocznemu wska\u017anikowi sygna\u0142u, kt\u00f3ry pomaga instalatorowi wybra\u0107 optymalne miejsce instalacji.<\/p>\n<p>PG8994 jest kompatybilny z panelami PowerSeries Neo, PowerSeries Pro i Qolsys, co czyni go elastycznym rozwi\u0105zaniem dla szerokiej gamy zastosowa\u0144 zwi\u0105zanych z bezpiecze\u0144stwem.<\/p>","protected":false},"excerpt":{"rendered":"<p>Zewn\u0119trzna czujka ruchu PIR DSC PG8994 to bezprzewodowa czujka zewn\u0119trzna wykorzystuj\u0105ca technologi\u0119 PowerG, aby zapewni\u0107 niezawodne wykrywanie ruchu przy minimalnym ryzyku fa\u0142szywych alarm\u00f3w.<\/p>\n<p>Dzi\u0119ki promieniowi detekcji wynosz\u0105cemu 12 metr\u00f3w i innowacyjnej technologii Octa-Quad potrafi rozr\u00f3\u017cnia\u0107 ludzi, ko\u0142ysz\u0105ce si\u0119 drzewa i ma\u0142e zwierz\u0119ta, dzi\u0119ki czemu idealnie nadaje si\u0119 do zapewnienia bezpiecze\u0144stwa w obszarach wra\u017cliwych.<\/p>\n<p>&nbsp;<\/p>","protected":false},"featured_media":141601,"template":"","meta":{"_acf_changed":false},"product_brand":[],"product_cat":[3326,1322],"product_tag":[3311,3016,2472],"class_list":{"0":"post-72384","1":"product","2":"type-product","3":"status-publish","4":"has-post-thumbnail","6":"product_cat-rorelsedetektor","7":"product_cat-dsc-larm-neo-power-hybridlarm","8":"product_tag-dsc-neo-svensk-manual","9":"product_tag-neo-detektorer","10":"product_tag-sbsc-larmklassr","11":"product_shipping_class-postnord-varubrev","12":"pa_brands-4dsc","13":"tm-has-options","15":"first","16":"onbackorder","17":"sale","18":"featured","19":"taxable","20":"shipping-taxable","21":"purchasable","22":"product-type-simple"},"acf":[],"_links":{"self":[{"href":"https:\/\/secureus.se\/pl\/wp-json\/wp\/v2\/product\/72384","targetHints":{"allow":["GET"]}}],"collection":[{"href":"https:\/\/secureus.se\/pl\/wp-json\/wp\/v2\/product"}],"about":[{"href":"https:\/\/secureus.se\/pl\/wp-json\/wp\/v2\/types\/product"}],"wp:featuredmedia":[{"embeddable":true,"href":"https:\/\/secureus.se\/pl\/wp-json\/wp\/v2\/media\/141601"}],"wp:attachment":[{"href":"https:\/\/secureus.se\/pl\/wp-json\/wp\/v2\/media?parent=72384"}],"wp:term":[{"taxonomy":"product_brand","embeddable":true,"href":"https:\/\/secureus.se\/pl\/wp-json\/wp\/v2\/product_brand?post=72384"},{"taxonomy":"product_cat","embeddable":true,"href":"https:\/\/secureus.se\/pl\/wp-json\/wp\/v2\/product_cat?post=72384"},{"taxonomy":"product_tag","embeddable":true,"href":"https:\/\/secureus.se\/pl\/wp-json\/wp\/v2\/product_tag?post=72384"}],"curies":[{"name":"wp","href":"https:\/\/api.w.org\/{rel}","templated":true}]}}