{"id":72385,"date":"2023-01-23T09:55:50","date_gmt":"2023-01-23T08:55:50","guid":{"rendered":"https:\/\/secureus.se\/produkt\/dsc-neo-power-g-wireless-detektor-mirror-pg8974-antimask-2\/"},"modified":"2025-12-31T20:44:45","modified_gmt":"2025-12-31T19:44:45","slug":"pir-motion-detector-pg8974","status":"publish","type":"product","link":"https:\/\/secureus.se\/pl\/pir-motion-detector-pg8974\/","title":{"rendered":"Detektor ruchu DSC PIR z lustrzan\u0105 optyk\u0105 PowerG PG8974"},"content":{"rendered":"<p><strong>Czujka ruchu DSC PIR PG8974<\/strong> to zaawansowany bezprzewodowy detektor podczerwieni wykorzystuj\u0105cy technologi\u0119 optyki lustrzanej, zapewniaj\u0105cy wyj\u0105tkow\u0105 czu\u0142o\u015b\u0107 detekcji i wysok\u0105 odporno\u015b\u0107 na fa\u0142szywe alarmy.<\/p>\n<p>Detektor ten jest cz\u0119\u015bci\u0105 systemu PowerSeries NEO i PRO i posiada zasi\u0119g detekcji do 15 metr\u00f3w przy k\u0105cie monitorowania 90 stopni.<\/p>\n<p>Zosta\u0142 zaprojektowany z cyfrow\u0105 kompensacj\u0105 temperatury, kt\u00f3ra dostosowuje czu\u0142o\u015b\u0107 w zale\u017cno\u015bci od temperatury otoczenia, zapewniaj\u0105c niezawodne wykrywanie nawet w ekstremalnych temperaturach.<\/p>\n<p>Dzi\u0119ki \u017cywotno\u015bci baterii do 7 lat i odporno\u015bci na zwierz\u0119ta do 18 kg, PG8974 idealnie nadaje si\u0119 zar\u00f3wno do instalacji mieszkalnych, jak i komercyjnych.<\/p>\n<p>Detektor ma eleganck\u0105 i solidn\u0105 konstrukcj\u0119, dzi\u0119ki czemu idealnie nadaje si\u0119 do ka\u017cdego rodzaju \u015brodowiska.<\/p>\n<p>Instalacja jest \u0142atwa i nie wymaga regulacji w pionie, a dzi\u0119ki opatentowanej technologii jest r\u00f3wnie\u017c odporna na wandalizm.<\/p>","protected":false},"excerpt":{"rendered":"<p>Czujka ruchu DSC PIR PG8974 to bezprzewodowa czujka podczerwieni z optyk\u0105 lustrzan\u0105, charakteryzuj\u0105ca si\u0119 wysok\u0105 czu\u0142o\u015bci\u0105 i odporno\u015bci\u0105 na fa\u0142szywe alarmy.<\/p>\n<p>Jest przeznaczony dla PowerSeries NEO i PRO i mo\u017ce obs\u0142ugiwa\u0107 odleg\u0142o\u015bci do 2 km.<\/p>\n<p>Dzi\u0119ki zasi\u0119gowi wykrywania wynosz\u0105cemu 15 metr\u00f3w i funkcji zwierzaka dla zwierz\u0105t o wadze do 18 kg idealnie nadaje si\u0119 zar\u00f3wno do u\u017cytku domowego, jak i komercyjnego.<\/p>","protected":false},"featured_media":141612,"template":"","meta":{"_acf_changed":false},"product_brand":[],"product_cat":[3326,1322],"product_tag":[3152,3311,3016,2472],"class_list":{"0":"post-72385","1":"product","2":"type-product","3":"status-publish","4":"has-post-thumbnail","6":"product_cat-rorelsedetektor","7":"product_cat-dsc-larm-neo-power-hybridlarm","8":"product_tag-cr123-tillbehor","9":"product_tag-dsc-neo-svensk-manual","10":"product_tag-neo-detektorer","11":"product_tag-sbsc-larmklassr","12":"product_shipping_class-postnord-varubrev","13":"pa_brands-4dsc","14":"tm-has-options","16":"first","17":"instock","18":"sale","19":"featured","20":"taxable","21":"shipping-taxable","22":"purchasable","23":"product-type-simple"},"acf":[],"_links":{"self":[{"href":"https:\/\/secureus.se\/pl\/wp-json\/wp\/v2\/product\/72385","targetHints":{"allow":["GET"]}}],"collection":[{"href":"https:\/\/secureus.se\/pl\/wp-json\/wp\/v2\/product"}],"about":[{"href":"https:\/\/secureus.se\/pl\/wp-json\/wp\/v2\/types\/product"}],"wp:featuredmedia":[{"embeddable":true,"href":"https:\/\/secureus.se\/pl\/wp-json\/wp\/v2\/media\/141612"}],"wp:attachment":[{"href":"https:\/\/secureus.se\/pl\/wp-json\/wp\/v2\/media?parent=72385"}],"wp:term":[{"taxonomy":"product_brand","embeddable":true,"href":"https:\/\/secureus.se\/pl\/wp-json\/wp\/v2\/product_brand?post=72385"},{"taxonomy":"product_cat","embeddable":true,"href":"https:\/\/secureus.se\/pl\/wp-json\/wp\/v2\/product_cat?post=72385"},{"taxonomy":"product_tag","embeddable":true,"href":"https:\/\/secureus.se\/pl\/wp-json\/wp\/v2\/product_tag?post=72385"}],"curies":[{"name":"wp","href":"https:\/\/api.w.org\/{rel}","templated":true}]}}