{"id":72389,"date":"2023-01-23T09:55:50","date_gmt":"2023-01-23T08:55:50","guid":{"rendered":"https:\/\/secureus.se\/produkt\/powerg-wireless-pir-mw-pg8984\/"},"modified":"2025-12-31T20:45:04","modified_gmt":"2025-12-31T19:45:04","slug":"dsc-dual-technology-pir-motion-detector-pg8984","status":"publish","type":"product","link":"https:\/\/secureus.se\/pl\/dsc-dual-technology-pir-motion-detector-pg8984\/","title":{"rendered":"Podw\u00f3jna technologia DSC PowerG PG8984"},"content":{"rendered":"<p><strong>Podw\u00f3jna technologia DSC PowerG PG8984<\/strong> \u0142\u0105czy zaawansowane algorytmy detekcji PIR z technologi\u0105 mikrofalow\u0105 pasma K, aby radykalnie zmniejszy\u0107 fa\u0142szywe alarmy i koszty operacyjne.<\/p>\n<p>Wykorzystuje wiod\u0105c\u0105 na rynku optyk\u0119 lustrzan\u0105, kt\u00f3ra zapewnia wyj\u0105tkow\u0105 czu\u0142o\u015b\u0107 wykrywania i odporno\u015b\u0107 na fa\u0142szywe alarmy, dzi\u0119ki czemu idealnie nadaje si\u0119 zar\u00f3wno do instalacji komercyjnych, jak i trudnych w instalacjach mieszkalnych.<\/p>\n<p>Dzi\u0119ki k\u0105towi wykrywania 90\u00b0 i zasi\u0119gowi wykrywania do 15 metr\u00f3w, PG8984 idealnie nadaje si\u0119 do du\u017cych przestrzeni.<\/p>\n<p>Jest r\u00f3wnie\u017c wyposa\u017cony w opatentowan\u0105 technologi\u0119 V-Slot zapewniaj\u0105c\u0105 odporno\u015b\u0107 na wandalizm oraz niestandardow\u0105 technologi\u0119 antymaskingu, kt\u00f3ra chroni przed pr\u00f3bami zablokowania czujki.<\/p>\n<p>Urz\u0105dzenie PG8984 jest odporne na zwierz\u0119ta, co oznacza, \u017ce potrafi odr\u00f3\u017cni\u0107 ludzi od zwierz\u0105t domowych o wadze do 40 kg, minimalizuj\u0105c ryzyko fa\u0142szywych alarm\u00f3w spowodowanych przez zwierz\u0119ta.<\/p>\n<p>Czujka jest \u0142atwa w monta\u017cu, nie wymaga regulacji w pionie, a \u017cywotno\u015b\u0107 baterii wynosi do 5 lat przy standardowym u\u017cytkowaniu.<\/p>","protected":false},"excerpt":{"rendered":"<p>DSC Dual Technology PowerG PG8984 to zaawansowana bezprzewodowa czujka PIR z kombinowan\u0105 technologi\u0105 mikrofalow\u0105, kt\u00f3ra ogranicza liczb\u0119 fa\u0142szywych alarm\u00f3w i zapewnia wysok\u0105 precyzj\u0119 detekcji.<\/p>\n<p>Ma k\u0105t wykrywania 90\u00b0 i wykrywa ruch w odleg\u0142o\u015bci do 15 metr\u00f3w.<\/p>\n<p>Dzi\u0119ki \u017cywotno\u015bci baterii do 5 lat i funkcji odporno\u015bci na zwierz\u0119ta domowe dla zwierz\u0105t o wadze do 40 kg, idealnie nadaje si\u0119 zar\u00f3wno do instalacji komercyjnych, jak i mieszkaniowych.<\/p>","protected":false},"featured_media":140934,"template":"","meta":{"_acf_changed":false},"product_brand":[],"product_cat":[3326,1322],"product_tag":[3152,3311,3016,2472],"class_list":{"0":"post-72389","1":"product","2":"type-product","3":"status-publish","4":"has-post-thumbnail","6":"product_cat-rorelsedetektor","7":"product_cat-dsc-larm-neo-power-hybridlarm","8":"product_tag-cr123-tillbehor","9":"product_tag-dsc-neo-svensk-manual","10":"product_tag-neo-detektorer","11":"product_tag-sbsc-larmklassr","12":"product_shipping_class-tunga-paket","13":"pa_brands-4dsc","14":"tm-has-options","16":"first","17":"onbackorder","18":"sale","19":"featured","20":"taxable","21":"shipping-taxable","22":"purchasable","23":"product-type-simple"},"acf":[],"_links":{"self":[{"href":"https:\/\/secureus.se\/pl\/wp-json\/wp\/v2\/product\/72389","targetHints":{"allow":["GET"]}}],"collection":[{"href":"https:\/\/secureus.se\/pl\/wp-json\/wp\/v2\/product"}],"about":[{"href":"https:\/\/secureus.se\/pl\/wp-json\/wp\/v2\/types\/product"}],"wp:featuredmedia":[{"embeddable":true,"href":"https:\/\/secureus.se\/pl\/wp-json\/wp\/v2\/media\/140934"}],"wp:attachment":[{"href":"https:\/\/secureus.se\/pl\/wp-json\/wp\/v2\/media?parent=72389"}],"wp:term":[{"taxonomy":"product_brand","embeddable":true,"href":"https:\/\/secureus.se\/pl\/wp-json\/wp\/v2\/product_brand?post=72389"},{"taxonomy":"product_cat","embeddable":true,"href":"https:\/\/secureus.se\/pl\/wp-json\/wp\/v2\/product_cat?post=72389"},{"taxonomy":"product_tag","embeddable":true,"href":"https:\/\/secureus.se\/pl\/wp-json\/wp\/v2\/product_tag?post=72389"}],"curies":[{"name":"wp","href":"https:\/\/api.w.org\/{rel}","templated":true}]}}