{"id":72391,"date":"2023-01-23T09:55:50","date_gmt":"2023-01-23T08:55:50","guid":{"rendered":"https:\/\/secureus.se\/produkt\/dsc-neo-power-g-wireless-magnet-kontakt-pg8945-2\/"},"modified":"2026-04-01T14:39:45","modified_gmt":"2026-04-01T12:39:45","slug":"dsc-powerg-door-window-pg8945","status":"publish","type":"product","link":"https:\/\/secureus.se\/pl\/dsc-powerg-door-window-pg8945\/","title":{"rendered":"Styk zabezpieczaj\u0105cy okno drzwi DSC PowerG z wej\u015bciem pomocniczym PG8945"},"content":{"rendered":"<p><strong>Okno drzwiowe DSC PowerG PG8945<\/strong> to zaawansowany bezprzewodowy kontaktron drzwiowy i okienny zapewniaj\u0105cy niezawodne monitorowanie w\u0142ama\u0144.<\/p>\n<p>Wyposa\u017cony w technologi\u0119 PowerG, oferuje imponuj\u0105cy zasi\u0119g do 2 km na otwartej przestrzeni, co czyni go idealnym rozwi\u0105zaniem zar\u00f3wno do zastosowa\u0144 mieszkaniowych, jak i lekkich obiekt\u00f3w komercyjnych.<\/p>\n<p>Z\u0142\u0105cze to mo\u017cna skonfigurowa\u0107 do obs\u0142ugi r\u00f3\u017cnych funkcji alarmowych poprzez wej\u015bcie pomocnicze, kt\u00f3re mo\u017cna pod\u0142\u0105czy\u0107 do zewn\u0119trznych czujnik\u00f3w przewodowych, co zwi\u0119ksza jego elastyczno\u015b\u0107 i mo\u017cliwo\u015bci adaptacji.<\/p>\n<p>Instalacja jest szybka i \u0142atwa, bez konieczno\u015bci ponownego otwierania urz\u0105dzenia, co oszcz\u0119dza czas i prac\u0119 instalatora.<\/p>\n<p>Z\u0142\u0105cze wyposa\u017cone jest tak\u017ce we wska\u017anik mocy sygna\u0142u LED, kt\u00f3ry pomaga instalatorowi znale\u017a\u0107 optymalne miejsce monta\u017cu.<\/p>\n<p>Dzi\u0119ki \u017cywotno\u015bci baterii do 8 lat (normalne u\u017cytkowanie) PG8945 jest zar\u00f3wno ekonomiczny, jak i niezawodny.<\/p>\n<p>Kompatybilny z PowerSeries Neo i innymi systemami bezpiecze\u0144stwa, co czyni go idealnym rozwi\u0105zaniem zar\u00f3wno dla dom\u00f3w, jak i firm poszukuj\u0105cych solidnego i elastycznego bezpiecze\u0144stwa.<\/p>\n<p>&nbsp;<\/p>\n<p>&nbsp;<\/p>","protected":false},"excerpt":{"rendered":"<p>DSC PowerG Door Window PG8945 to bezprzewodowy styk do drzwi i okien, kt\u00f3ry zapewnia elastyczne bezpiecze\u0144stwo w \u015brodowiskach mieszkalnych i lekkich obiektach komercyjnych.<\/p>\n<p>Dzi\u0119ki zasi\u0119gowi do 2 km wykorzystuje technologi\u0119 PowerG do niezawodnej komunikacji.<\/p>\n<p>Z\u0142\u0105cze posiada wej\u015bcie pomocnicze do pod\u0142\u0105czenia urz\u0105dze\u0144 przewodowych, dzi\u0119ki czemu jest wszechstronne i \u0142atwe w monta\u017cu.<\/p>","protected":false},"featured_media":140744,"template":"","meta":{"_acf_changed":false},"product_brand":[],"product_cat":[1322,3337,3333],"product_tag":[3152,3311,2472],"class_list":{"0":"post-72391","1":"product","2":"type-product","3":"status-publish","4":"has-post-thumbnail","6":"product_cat-dsc-larm-neo-power-hybridlarm","7":"product_cat-magnetkontakt-pg","8":"product_cat-powerg-tradlosa-givare","9":"product_tag-cr123-tillbehor","10":"product_tag-dsc-neo-svensk-manual","11":"product_tag-sbsc-larmklassr","12":"product_shipping_class-postnord-varubrev","13":"pa_brands-4dsc","14":"tm-has-options","16":"first","17":"instock","18":"sale","19":"featured","20":"taxable","21":"shipping-taxable","22":"purchasable","23":"product-type-simple"},"acf":[],"_links":{"self":[{"href":"https:\/\/secureus.se\/pl\/wp-json\/wp\/v2\/product\/72391","targetHints":{"allow":["GET"]}}],"collection":[{"href":"https:\/\/secureus.se\/pl\/wp-json\/wp\/v2\/product"}],"about":[{"href":"https:\/\/secureus.se\/pl\/wp-json\/wp\/v2\/types\/product"}],"wp:featuredmedia":[{"embeddable":true,"href":"https:\/\/secureus.se\/pl\/wp-json\/wp\/v2\/media\/140744"}],"wp:attachment":[{"href":"https:\/\/secureus.se\/pl\/wp-json\/wp\/v2\/media?parent=72391"}],"wp:term":[{"taxonomy":"product_brand","embeddable":true,"href":"https:\/\/secureus.se\/pl\/wp-json\/wp\/v2\/product_brand?post=72391"},{"taxonomy":"product_cat","embeddable":true,"href":"https:\/\/secureus.se\/pl\/wp-json\/wp\/v2\/product_cat?post=72391"},{"taxonomy":"product_tag","embeddable":true,"href":"https:\/\/secureus.se\/pl\/wp-json\/wp\/v2\/product_tag?post=72391"}],"curies":[{"name":"wp","href":"https:\/\/api.w.org\/{rel}","templated":true}]}}