{"id":72392,"date":"2023-01-23T09:55:50","date_gmt":"2023-01-23T08:55:50","guid":{"rendered":"https:\/\/secureus.se\/produkt\/dsc-neo-power-g-tradlos-kombinationsdetektor-pg8984p-husdjur-18-kg-2\/"},"modified":"2025-12-31T20:45:15","modified_gmt":"2025-12-31T19:45:15","slug":"dsc-dual-technology-pet-pg8984p","status":"publish","type":"product","link":"https:\/\/secureus.se\/pl\/dsc-dual-technology-pet-pg8984p\/","title":{"rendered":"PET z podw\u00f3jn\u0105 technologi\u0105 DSC PG8984P"},"content":{"rendered":"<p><strong>PET z podw\u00f3jn\u0105 technologi\u0105 DSC PG8984P<\/strong> to zaawansowana czujka bezprzewodowa, kt\u00f3ra \u0142\u0105czy w sobie technologi\u0119 PIR i mikrofalow\u0105, aby zminimalizowa\u0107 fa\u0142szywe alarmy i zapewni\u0107 niezawodn\u0105 ochron\u0119 przed w\u0142amaniami.<\/p>\n<p>Wyposa\u017cony w optyk\u0119 lustrzan\u0105 i podw\u00f3jne czujniki PIR, wykrywa ruch w zasi\u0119gu 15 metr\u00f3w i pod k\u0105tem 90\u00b0, dzi\u0119ki czemu idealnie nadaje si\u0119 zar\u00f3wno do instalacji komercyjnych, jak i trudnych instalacji mieszkaniowych.<\/p>\n<p>Detektor ten jest r\u00f3wnie\u017c przyjazny zwierz\u0119tom, co oznacza, \u017ce mo\u017ce ignorowa\u0107 ruchy zwierz\u0105t o wadze do 18 kg, minimalizuj\u0105c ryzyko niepo\u017c\u0105danych alarm\u00f3w. Dzi\u0119ki \u017cywotno\u015bci baterii do 5 lat (przy normalnym u\u017cytkowaniu) i typowi baterii litowej 3 V CR123A zapewnia d\u0142ugotrwa\u0142\u0105 i niezawodn\u0105 prac\u0119.<\/p>\n<p>Czujka posiada tak\u017ce innowacyjn\u0105 technologi\u0119 antymaskingu oraz wodoodporn\u0105 obudow\u0119, dzi\u0119ki czemu idealnie nadaje si\u0119 do instalacji zewn\u0119trznych.<\/p>\n<p>Ponadto mo\u017cna go \u0142atwo zainstalowa\u0107 bez konieczno\u015bci regulacji w pionie, co oszcz\u0119dza czas i prac\u0119 instalator\u00f3w.<\/p>","protected":false},"excerpt":{"rendered":"<p>DSC Dual Technology PET PG8984P to bezprzewodowy, przyjazny dla zwierz\u0105t detektor kombinowany dla Iotega i PowerSeries NEO.<\/p>\n<p>Dzi\u0119ki dw\u00f3m czujnikom PIR i czujnikowi mikrofalowemu zapewnia wysok\u0105 czu\u0142o\u015b\u0107 wykrywania i odporno\u015b\u0107 na fa\u0142szywe alarmy.<\/p>\n<p>Czujka ma zasi\u0119g do 15 metr\u00f3w i jest przeznaczona do instalacji w trudnych warunkach, dzi\u0119ki czemu idealnie nadaje si\u0119 zar\u00f3wno do zastosowa\u0144 komercyjnych, jak i mieszkaniowych.<\/p>\n<p>&nbsp;<\/p>","protected":false},"featured_media":140914,"template":"","meta":{"_acf_changed":false},"product_brand":[],"product_cat":[3326,1322],"product_tag":[3152,3311,3016,2472],"class_list":{"0":"post-72392","1":"product","2":"type-product","3":"status-publish","4":"has-post-thumbnail","6":"product_cat-rorelsedetektor","7":"product_cat-dsc-larm-neo-power-hybridlarm","8":"product_tag-cr123-tillbehor","9":"product_tag-dsc-neo-svensk-manual","10":"product_tag-neo-detektorer","11":"product_tag-sbsc-larmklassr","12":"product_shipping_class-postnord-varubrev","13":"pa_brands-4dsc","14":"tm-has-options","16":"first","17":"onbackorder","18":"sale","19":"featured","20":"taxable","21":"shipping-taxable","22":"purchasable","23":"product-type-simple"},"acf":[],"_links":{"self":[{"href":"https:\/\/secureus.se\/pl\/wp-json\/wp\/v2\/product\/72392","targetHints":{"allow":["GET"]}}],"collection":[{"href":"https:\/\/secureus.se\/pl\/wp-json\/wp\/v2\/product"}],"about":[{"href":"https:\/\/secureus.se\/pl\/wp-json\/wp\/v2\/types\/product"}],"wp:featuredmedia":[{"embeddable":true,"href":"https:\/\/secureus.se\/pl\/wp-json\/wp\/v2\/media\/140914"}],"wp:attachment":[{"href":"https:\/\/secureus.se\/pl\/wp-json\/wp\/v2\/media?parent=72392"}],"wp:term":[{"taxonomy":"product_brand","embeddable":true,"href":"https:\/\/secureus.se\/pl\/wp-json\/wp\/v2\/product_brand?post=72392"},{"taxonomy":"product_cat","embeddable":true,"href":"https:\/\/secureus.se\/pl\/wp-json\/wp\/v2\/product_cat?post=72392"},{"taxonomy":"product_tag","embeddable":true,"href":"https:\/\/secureus.se\/pl\/wp-json\/wp\/v2\/product_tag?post=72392"}],"curies":[{"name":"wp","href":"https:\/\/api.w.org\/{rel}","templated":true}]}}