{"id":72393,"date":"2023-01-23T09:55:50","date_gmt":"2023-01-23T08:55:50","guid":{"rendered":"https:\/\/secureus.se\/produkt\/power-g-wireless-pir-gardin-pg8924-2\/"},"modified":"2025-12-31T20:52:36","modified_gmt":"2025-12-31T19:52:36","slug":"dsc-pir-curtain-pg8924","status":"publish","type":"product","link":"https:\/\/secureus.se\/pl\/dsc-pir-curtain-pg8924\/","title":{"rendered":"Kurtyna PIR DSC PG8924 \u2013 Czujka kurtynowa"},"content":{"rendered":"<p><strong>Kurtyna DSC PIR PG8924<\/strong>\u00a0to innowacyjna czujka kurtynowa, kt\u00f3ra zapewnia bezpiecze\u0144stwo i ochron\u0119 poprzez ochron\u0119 wra\u017cliwych obszar\u00f3w w\u0105skim obszarem dozoru.<\/p>\n<p>Wyposa\u017cony w zaawansowan\u0105 technologi\u0119 PowerG, ten bezprzewodowy detektor oferuje imponuj\u0105cy zasi\u0119g do 2 km na otwartej przestrzeni, dzi\u0119ki czemu idealnie nadaje si\u0119 zar\u00f3wno do instalacji komercyjnych, jak i mieszkaniowych.<\/p>\n<p>Dzi\u0119ki mo\u017cliwo\u015bci ustawienia zasi\u0119gu nadzoru na 2, 4 lub 6 metr\u00f3w, PG8924 mo\u017cna \u0142atwo dostosowa\u0107 do konkretnych potrzeb i miejsc monta\u017cu.<\/p>\n<p>Charakteryzuje si\u0119 \u017cywotno\u015bci\u0105 baterii do 7 lat, co minimalizuje potrzeb\u0119 cz\u0119stej wymiany baterii, a ponadto jest \u0142atwy w instalacji dzi\u0119ki wyra\u017anemu wska\u017anikowi LED, kt\u00f3ry pomaga wybra\u0107 optymalne miejsce instalacji.<\/p>\n<p>PG8924 jest r\u00f3wnie\u017c kompatybilny z systemami PowerSeries Neo i oferuje elastyczne rozwi\u0105zanie do monitorowania sekcji okien i drzwi, szklanych \u015bcian i innych obszar\u00f3w, w kt\u00f3rych nale\u017cy chroni\u0107 w\u0119\u017csze linie.<\/p>\n<h3>Funkcje i zalety:<\/h3>\n<ul>\n<li><strong>Technologia PowerG<\/strong> dla dalekiego zasi\u0119gu i niezawodnej komunikacji.<\/li>\n<li>Mo\u017cliwo\u015b\u0107 wyboru zakresu monitorowania: 2, 4 lub 6 metr\u00f3w.<\/li>\n<li>Nadaje si\u0119 do ochrony okien, drzwi i \u015bcian szklanych.<\/li>\n<li>D\u0142uga \u017cywotno\u015b\u0107 baterii (7 lat) dzi\u0119ki baterii litowej 3 V CR123A.<\/li>\n<li>Prosta instalacja ze wska\u017anikiem sygna\u0142u dla optymalnego wyboru lokalizacji.<\/li>\n<\/ul>\n<h3>Dane techniczne:<\/h3>\n<ul>\n<li><strong>Wymiary:<\/strong> 105 x 35 x 30 mm<\/li>\n<li><strong>\u017bywotno\u015b\u0107 baterii:<\/strong> Do 7 lat<\/li>\n<li><strong>Typ baterii:<\/strong> Bateria litowa 3 V CR123A<\/li>\n<li><strong>Waga:<\/strong> 60 gr<\/li>\n<li><strong>Zakres temperatur:<\/strong> -10\u00b0C do 55\u00b0C<\/li>\n<\/ul>","protected":false},"excerpt":{"rendered":"<p>Kurtyna PIR PG8924 to bezprzewodowa czujka kurtynowa przeznaczona do system\u00f3w DSC NEO i Iotega.<\/p>\n<p>Wykorzystuje technologi\u0119 PowerG dla zasi\u0119gu do 2 km na otwartej przestrzeni.<\/p>\n<p>Dzi\u0119ki wybieranemu zakresowi monitorowania wynosz\u0105cemu 2, 4 lub 6 metr\u00f3w zapewnia skuteczne monitorowanie drzwi, okien i szklanych \u015bcian.<\/p>\n<p>\u017bywotno\u015b\u0107 baterii wynosi do 7 lat w przypadku baterii litowej 3 V CR123A.<\/p>","protected":false},"featured_media":140921,"template":"","meta":{"_acf_changed":false},"product_brand":[],"product_cat":[3326,1322],"product_tag":[3152,3311,3016,2472],"class_list":{"0":"post-72393","1":"product","2":"type-product","3":"status-publish","4":"has-post-thumbnail","6":"product_cat-rorelsedetektor","7":"product_cat-dsc-larm-neo-power-hybridlarm","8":"product_tag-cr123-tillbehor","9":"product_tag-dsc-neo-svensk-manual","10":"product_tag-neo-detektorer","11":"product_tag-sbsc-larmklassr","12":"product_shipping_class-postnord-varubrev","13":"pa_brands-4dsc","14":"tm-has-options","16":"first","17":"onbackorder","18":"sale","19":"featured","20":"taxable","21":"shipping-taxable","22":"purchasable","23":"product-type-simple"},"acf":[],"_links":{"self":[{"href":"https:\/\/secureus.se\/pl\/wp-json\/wp\/v2\/product\/72393","targetHints":{"allow":["GET"]}}],"collection":[{"href":"https:\/\/secureus.se\/pl\/wp-json\/wp\/v2\/product"}],"about":[{"href":"https:\/\/secureus.se\/pl\/wp-json\/wp\/v2\/types\/product"}],"wp:featuredmedia":[{"embeddable":true,"href":"https:\/\/secureus.se\/pl\/wp-json\/wp\/v2\/media\/140921"}],"wp:attachment":[{"href":"https:\/\/secureus.se\/pl\/wp-json\/wp\/v2\/media?parent=72393"}],"wp:term":[{"taxonomy":"product_brand","embeddable":true,"href":"https:\/\/secureus.se\/pl\/wp-json\/wp\/v2\/product_brand?post=72393"},{"taxonomy":"product_cat","embeddable":true,"href":"https:\/\/secureus.se\/pl\/wp-json\/wp\/v2\/product_cat?post=72393"},{"taxonomy":"product_tag","embeddable":true,"href":"https:\/\/secureus.se\/pl\/wp-json\/wp\/v2\/product_tag?post=72393"}],"curies":[{"name":"wp","href":"https:\/\/api.w.org\/{rel}","templated":true}]}}