{"id":72395,"date":"2023-01-23T09:55:49","date_gmt":"2023-01-23T08:55:49","guid":{"rendered":"https:\/\/secureus.se\/produkt\/dsc-neo-power-g-wireless-ir-detektor-kamera-detektor-husdjur-pg8934p-2\/"},"modified":"2026-04-01T14:39:27","modified_gmt":"2026-04-01T12:39:27","slug":"dsc-pir-camera-detector-wireless-pg8934p","status":"publish","type":"product","link":"https:\/\/secureus.se\/pl\/dsc-pir-camera-detector-wireless-pg8934p\/","title":{"rendered":"Bezprzewodowa czujka kamery PIR DSC PG8934P"},"content":{"rendered":"<p><strong>Bezprzewodowa czujka kamery PIR DSC PG8934P<\/strong> \u0142\u0105czy wysokiej jako\u015bci wykrywanie ruchu z technologi\u0105 kamer, aby zapewni\u0107 skuteczne rozwi\u0105zanie bezpiecze\u0144stwa.<\/p>\n<p>Dzi\u0119ki obszarowi wykrywania wynosz\u0105cemu 12 metr\u00f3w i polu widzenia 90\u00b0 ten detektor jest idealny zar\u00f3wno do domu, jak i firmy.<\/p>\n<p>Wykorzystuje technologi\u0119 PowerG, kt\u00f3ra oferuje zasi\u0119g do 2 km na otwartej przestrzeni.<\/p>\n<p>Po wykryciu ruchu PG8934P aktywuje kamer\u0119, kt\u00f3ra szybko rejestruje obrazy i wysy\u0142a je do centrum alarmowego w celu natychmiastowego przejrzenia.<\/p>\n<p>Detektor jest r\u00f3wnie\u017c wyposa\u017cony w technologi\u0119 True Motion Recognition\u2122, kt\u00f3ra minimalizuje fa\u0142szywe alarmy i posiada funkcj\u0119 zwierzaka, kt\u00f3ra dopuszcza zwierz\u0119ta o wadze do 38 kg.<\/p>\n<p><strong>Funkcje i zalety:<\/strong><\/p>\n<ul>\n<li>Kamera CMOS z o\u015bwietleniem IR do monitoringu w dzie\u0144 i w nocy.<\/li>\n<li>Wizualna weryfikacja alarmu w czasie rzeczywistym dla zwi\u0119kszenia bezpiecze\u0144stwa.<\/li>\n<li>D\u0142ugi czas pracy baterii a\u017c do 3 lat.<\/li>\n<li>Kompatybilny z systemami PowerSeries Neo.<\/li>\n<li>\u0141atwa w monta\u017cu konstrukcja minimalizuj\u0105ca koszty instalacji.<\/li>\n<\/ul>\n<p><strong>Specyfikacja techniczna:<\/strong><\/p>\n<ul>\n<li>Obszar nadzoru: 12 metr\u00f3w, 90\u00b0.<\/li>\n<li>\u017bywotno\u015b\u0107 baterii: 3 lata (normalnie).<\/li>\n<li>Typ baterii: 2 baterie litowe CR-123A 3 V.<\/li>\n<li>Funkcja zwierzaka: do 38 kg.<\/li>\n<li>Wymiary: 125 x 63 x 60 mm.<\/li>\n<li>Temperatura pracy: -10\u00b0 do 50\u00b0C.<\/li>\n<\/ul>","protected":false},"excerpt":{"rendered":"<p>Bezprzewodowy detektor kamery PIR DSC PG8934P to bezprzewodowy detektor podczerwieni z kamer\u0105, odpowiedni dla zwierz\u0105t domowych i przeznaczony dla Iotega, PowerSeries NEO i PRO.<\/p>\n<p>W przypadku alarmu czujka uruchamia kamer\u0119, kt\u00f3ra natychmiast wykonuje zdj\u0119cia i przesy\u0142a je do centrum alarmowego, umo\u017cliwiaj\u0105c monitorowanie w czasie rzeczywistym.<\/p>\n<p>Ma zasi\u0119g nadzoru wynosz\u0105cy 12 metr\u00f3w i \u017cywotno\u015b\u0107 baterii do 3 lat.<\/p>","protected":false},"featured_media":141634,"template":"","meta":{"_acf_changed":false},"product_brand":[],"product_cat":[3325,1322],"product_tag":[3311,3016,2472],"class_list":{"0":"post-72395","1":"product","2":"type-product","3":"status-publish","4":"has-post-thumbnail","6":"product_cat-kameradetektor","7":"product_cat-dsc-larm-neo-power-hybridlarm","8":"product_tag-dsc-neo-svensk-manual","9":"product_tag-neo-detektorer","10":"product_tag-sbsc-larmklassr","11":"product_shipping_class-postnord-varubrev","12":"pa_brands-4dsc","13":"tm-has-options","15":"first","16":"instock","17":"sale","18":"featured","19":"taxable","20":"shipping-taxable","21":"purchasable","22":"product-type-simple"},"acf":[],"_links":{"self":[{"href":"https:\/\/secureus.se\/pl\/wp-json\/wp\/v2\/product\/72395","targetHints":{"allow":["GET"]}}],"collection":[{"href":"https:\/\/secureus.se\/pl\/wp-json\/wp\/v2\/product"}],"about":[{"href":"https:\/\/secureus.se\/pl\/wp-json\/wp\/v2\/types\/product"}],"wp:featuredmedia":[{"embeddable":true,"href":"https:\/\/secureus.se\/pl\/wp-json\/wp\/v2\/media\/141634"}],"wp:attachment":[{"href":"https:\/\/secureus.se\/pl\/wp-json\/wp\/v2\/media?parent=72395"}],"wp:term":[{"taxonomy":"product_brand","embeddable":true,"href":"https:\/\/secureus.se\/pl\/wp-json\/wp\/v2\/product_brand?post=72395"},{"taxonomy":"product_cat","embeddable":true,"href":"https:\/\/secureus.se\/pl\/wp-json\/wp\/v2\/product_cat?post=72395"},{"taxonomy":"product_tag","embeddable":true,"href":"https:\/\/secureus.se\/pl\/wp-json\/wp\/v2\/product_tag?post=72395"}],"curies":[{"name":"wp","href":"https:\/\/api.w.org\/{rel}","templated":true}]}}