{"id":72398,"date":"2023-01-23T09:55:48","date_gmt":"2023-01-23T08:55:48","guid":{"rendered":"https:\/\/secureus.se\/produkt\/dsc-neo-knappsats-tradlos-hs2lcd-wf-p-prox-engelsk-text-2\/"},"modified":"2026-01-06T20:44:29","modified_gmt":"2026-01-06T19:44:29","slug":"dsc-hs2lcdwfp-svensk-text","status":"publish","type":"product","link":"https:\/\/secureus.se\/pl\/dsc-hs2lcdwfp-svensk-text\/","title":{"rendered":"Klawiatura DSC HS2LCDWFP WirelessSecurity z funkcj\u0105 Prox i szwedzkim tekstem"},"content":{"rendered":"<p><strong>DSC HS2LCDWFP<\/strong> to zaawansowana bezprzewodowa klawiatura bezpiecze\u0144stwa przeznaczona do wsp\u00f3\u0142pracy z systemem alarmowym DSC Neo.<\/p>\n<p>Klawiatura ta posiada czytelny wy\u015bwietlacz LCD wy\u015bwietlaj\u0105cy informacje w j\u0119zyku szwedzkim, co u\u0142atwia obs\u0142ug\u0119 szwedzkim u\u017cytkownikom.<\/p>\n<p>Posiada wbudowane radio, kt\u00f3re umo\u017cliwia komunikacj\u0119 do 2000 metr\u00f3w w otwartej przestrzeni, co daje du\u017c\u0105 elastyczno\u015b\u0107 przy monta\u017cu czujnik\u00f3w bezprzewodowych i innych produkt\u00f3w Neo.<\/p>\n<p>Wyr\u00f3\u017cniaj\u0105c\u0105 cech\u0105 jest zintegrowany czytnik PROX\/EM, kt\u00f3ry pozwala za pomoc\u0105 kart zbli\u017ceniowych szybko i \u0142atwo uzbroi\u0107 lub rozbroi\u0107 system alarmowy.<\/p>\n<p>Oferuje programowalne teksty dla stref i obszar\u00f3w alarmowych, a tak\u017ce mo\u017cliwo\u015b\u0107 odczytu pami\u0119ci zdarze\u0144 bezpo\u015brednio na wy\u015bwietlaczu.<\/p>\n<p>Dzi\u0119ki pi\u0119ciu przyciskom funkcyjnym, trzem przyciskom awaryjnym i z\u0142\u0105czu \u015brubowemu dla wej\u015bcia sekcji przewodowej lub wyj\u015bcia PGM, HS2LCDWFP jest wszechstronny i przyjazny dla u\u017cytkownika.<\/p>\n<p>Pob\u00f3r pr\u0105du wynosi od 55 do 105 mA, dzi\u0119ki czemu jest wydajny i niezawodny w d\u0142ugotrwa\u0142ym u\u017cytkowaniu.<\/p>","protected":false},"excerpt":{"rendered":"<p>DSC HS2LCDWFP to bezprzewodowa klawiatura z wy\u015bwietlaczem LCD obs\u0142uguj\u0105ca tekst w j\u0119zyku szwedzkim dla system\u00f3w alarmowych Neo.<\/p>\n<p>Posiada wbudowane radio do urz\u0105dze\u0144 bezprzewodowych oraz czytnik PROX u\u0142atwiaj\u0105cy logowanie.<\/p>\n<p>Dzi\u0119ki programowalnym tekstom sekcji i pami\u0119ci zdarze\u0144 ta klawiatura jest zar\u00f3wno przyjazna dla u\u017cytkownika, jak i funkcjonalna.<\/p>\n<p>&nbsp;<\/p>","protected":false},"featured_media":141643,"template":"","meta":{"_acf_changed":false},"product_brand":[],"product_cat":[3329,1322],"product_tag":[3311,3028,3029],"class_list":{"0":"post-72398","1":"product","2":"type-product","3":"status-publish","4":"has-post-thumbnail","6":"product_cat-knappsats-kod","7":"product_cat-dsc-larm-neo-power-hybridlarm","8":"product_tag-dsc-neo-svensk-manual","9":"product_tag-neo-knappsats-manoverpaneler","10":"product_tag-neo-dsc-knappsats-manoverpaneler","11":"product_shipping_class-postnord-varubrev","12":"pa_brands-4dsc","13":"tm-has-options","15":"first","16":"outofstock","17":"sale","18":"featured","19":"taxable","20":"shipping-taxable","21":"purchasable","22":"product-type-simple"},"acf":[],"_links":{"self":[{"href":"https:\/\/secureus.se\/pl\/wp-json\/wp\/v2\/product\/72398","targetHints":{"allow":["GET"]}}],"collection":[{"href":"https:\/\/secureus.se\/pl\/wp-json\/wp\/v2\/product"}],"about":[{"href":"https:\/\/secureus.se\/pl\/wp-json\/wp\/v2\/types\/product"}],"wp:featuredmedia":[{"embeddable":true,"href":"https:\/\/secureus.se\/pl\/wp-json\/wp\/v2\/media\/141643"}],"wp:attachment":[{"href":"https:\/\/secureus.se\/pl\/wp-json\/wp\/v2\/media?parent=72398"}],"wp:term":[{"taxonomy":"product_brand","embeddable":true,"href":"https:\/\/secureus.se\/pl\/wp-json\/wp\/v2\/product_brand?post=72398"},{"taxonomy":"product_cat","embeddable":true,"href":"https:\/\/secureus.se\/pl\/wp-json\/wp\/v2\/product_cat?post=72398"},{"taxonomy":"product_tag","embeddable":true,"href":"https:\/\/secureus.se\/pl\/wp-json\/wp\/v2\/product_tag?post=72398"}],"curies":[{"name":"wp","href":"https:\/\/api.w.org\/{rel}","templated":true}]}}