{"id":72399,"date":"2023-01-23T09:55:48","date_gmt":"2023-01-23T08:55:48","guid":{"rendered":"https:\/\/secureus.se\/produkt\/powerg-fjarrkontroll-wireless-key-slim-pg8929\/"},"modified":"2025-12-31T20:35:15","modified_gmt":"2025-12-31T19:35:15","slug":"dsc-pg8929fjarrkontroll","status":"publish","type":"product","link":"https:\/\/secureus.se\/pl\/dsc-pg8929fjarrkontroll\/","title":{"rendered":"DSC PG8929 4-przyciskowy nadajnik r\u0119czny PowerG Pilot Wireless Key Slim"},"content":{"rendered":"<p><strong>DSC PG8929<\/strong> to 4-przyciskowy pilot zaprojektowany, aby zapewni\u0107 u\u017cytkownikom wygodne i wydajne rozwi\u0105zanie do sterowania ich systemami alarmowymi Iotega i Neo.<\/p>\n<p>Dzi\u0119ki kompaktowej i smuk\u0142ej konstrukcji PG8929 idealnie nadaje si\u0119 zar\u00f3wno do \u015brodowisk mieszkalnych, jak i komercyjnych.<\/p>\n<p>Pilot mo\u017ce z \u0142atwo\u015bci\u0105 aktywowa\u0107 alarmy i sterowa\u0107 wyj\u015bciami systemu, a tak\u017ce posiada dedykowany przycisk umo\u017cliwiaj\u0105cy obs\u0142ug\u0119 sytuacji awaryjnych.<\/p>\n<p>Istotn\u0105 cech\u0105 jest potwierdzenie ka\u017cdego wykonanego polecenia za pomoc\u0105 diody LED i sygnalizacji d\u017awi\u0119kowej, dzi\u0119ki czemu u\u017cytkownik zawsze wie, \u017ce akcja zosta\u0142a zarejestrowana.<\/p>\n<p>PG8929 posiada 1-sekundowe op\u00f3\u017anienie aktywacji wszystkich funkcji oraz 3-sekundowe op\u00f3\u017anienie alarmu awaryjnego, zapobiegaj\u0105ce przypadkowym aktywacjom.<\/p>\n<p>Dzi\u0119ki imponuj\u0105cej \u017cywotno\u015bci baterii do 5 lat i typowi baterii CR2032 zapewnia niezawodno\u015b\u0107 i d\u0142ugotrwa\u0142\u0105 wydajno\u015b\u0107.<\/p>\n<p>Jest to nieoceniona cz\u0119\u015b\u0107 ka\u017cdego systemu bezpiecze\u0144stwa, zapewniaj\u0105ca u\u017cytkownikom spok\u00f3j ducha i kontrol\u0119.<\/p>","protected":false},"excerpt":{"rendered":"<p>DSC PG8929 to smuk\u0142y, czteroprzyciskowy pilot do system\u00f3w alarmowych DSC Iotega i Neo.<\/p>\n<p>Dzi\u0119ki opcjom uzbrajania i rozbrajania oraz aktywacji alarm\u00f3w awaryjnych i awaryjnych zapewnia \u0142atwo\u015b\u0107 obs\u0142ugi i szybkie potwierdzanie stanu.<\/p>\n<p>\u017bywotno\u015b\u0107 baterii wynosi do 5 lat i jest idealna do zapewnienia p\u0142ynnego bezpiecze\u0144stwa.<\/p>\n<p>&nbsp;<\/p>","protected":false},"featured_media":141668,"template":"","meta":{"_acf_changed":false},"product_brand":[],"product_cat":[3327,1322],"product_tag":[3311,3031],"class_list":{"0":"post-72399","1":"product","2":"type-product","3":"status-publish","4":"has-post-thumbnail","6":"product_cat-overfall-fjarrkontrol","7":"product_cat-dsc-larm-neo-power-hybridlarm","8":"product_tag-dsc-neo-svensk-manual","9":"product_tag-neo-ovriga-tillbehor","10":"product_shipping_class-postnord-varubrev","11":"pa_brands-4dsc","12":"tm-has-options","14":"first","15":"instock","16":"sale","17":"featured","18":"taxable","19":"shipping-taxable","20":"purchasable","21":"product-type-simple"},"acf":[],"_links":{"self":[{"href":"https:\/\/secureus.se\/pl\/wp-json\/wp\/v2\/product\/72399","targetHints":{"allow":["GET"]}}],"collection":[{"href":"https:\/\/secureus.se\/pl\/wp-json\/wp\/v2\/product"}],"about":[{"href":"https:\/\/secureus.se\/pl\/wp-json\/wp\/v2\/types\/product"}],"wp:featuredmedia":[{"embeddable":true,"href":"https:\/\/secureus.se\/pl\/wp-json\/wp\/v2\/media\/141668"}],"wp:attachment":[{"href":"https:\/\/secureus.se\/pl\/wp-json\/wp\/v2\/media?parent=72399"}],"wp:term":[{"taxonomy":"product_brand","embeddable":true,"href":"https:\/\/secureus.se\/pl\/wp-json\/wp\/v2\/product_brand?post=72399"},{"taxonomy":"product_cat","embeddable":true,"href":"https:\/\/secureus.se\/pl\/wp-json\/wp\/v2\/product_cat?post=72399"},{"taxonomy":"product_tag","embeddable":true,"href":"https:\/\/secureus.se\/pl\/wp-json\/wp\/v2\/product_tag?post=72399"}],"curies":[{"name":"wp","href":"https:\/\/api.w.org\/{rel}","templated":true}]}}