{"id":72401,"date":"2023-01-23T09:55:48","date_gmt":"2023-01-23T08:55:48","guid":{"rendered":"https:\/\/secureus.se\/produkt\/dsc-neo-power-g-wireless-fjarrkontroll-pg8939-2\/"},"modified":"2026-01-06T20:44:46","modified_gmt":"2026-01-06T19:44:46","slug":"dsc-pg8939-fjarrkontroll","status":"publish","type":"product","link":"https:\/\/secureus.se\/pl\/dsc-pg8939-fjarrkontroll\/","title":{"rendered":"Nadajnik r\u0119czny DSC PG8939 4-przyciskowy Nadajnik radiowy z 4 przyciskami PowerG \u2013 NEO System 868 Mhz"},"content":{"rendered":"<p><strong>DSC PG8939<\/strong> to zaawansowany bezprzewodowy pilot zaprojektowany, aby zapewni\u0107 u\u017cytkownikom p\u0142ynn\u0105 i bezpieczn\u0105 kontrol\u0119 nad systemami alarmowymi Iotega, PowerSeries NEO i PRO.<\/p>\n<p>Dzi\u0119ki czterem \u0142atwym w u\u017cyciu przyciskom u\u017cytkownicy mog\u0105 z \u0142atwo\u015bci\u0105 sterowa\u0107 r\u00f3\u017cnymi funkcjami, w tym uzbraja\u0107 i rozbraja\u0107 alarm, a tak\u017ce aktywowa\u0107 alarmy awaryjne i awaryjne.<\/p>\n<p>Pilot posiada unikalne op\u00f3\u017anienie wynosz\u0105ce jedn\u0105 sekund\u0119 na ka\u017cde naci\u015bni\u0119cie przycisku, co zapobiega przypadkowemu uruchomieniu alarmu.<\/p>\n<p>Posiada r\u00f3wnie\u017c potwierdzenie stanu za pomoc\u0105 diod LED i sygna\u0142u d\u017awi\u0119kowego, dzi\u0119ki czemu u\u017cytkownicy zawsze wiedz\u0105, \u017ce ich polecenia zosta\u0142y wykonane poprawnie.<\/p>\n<p>Dzi\u0119ki imponuj\u0105cej \u017cywotno\u015bci baterii do 8 lat przy normalnym u\u017cytkowaniu, DSC PG8939 jest zar\u00f3wno praktyczny, jak i trwa\u0142y.<\/p>\n<p>PG8939 ma kompaktow\u0105 konstrukcj\u0119 i jest wyposa\u017cony w klips na pasek i naszyjnik, dzi\u0119ki czemu mo\u017cna go \u0142atwo mie\u0107 pod r\u0119k\u0105, gdy jest najbardziej potrzebny.<\/p>\n<p>Integruj\u0105c DSC PG8939 z systemem bezpiecze\u0144stwa, otrzymujesz niezawodne i skuteczne rozwi\u0105zanie do ochrony Twojego domu lub firmy.<\/p>\n<p>To sprawia, \u017ce DSC PG8939 jest idealnym elementem ka\u017cdego systemu bezpiecze\u0144stwa, \u0142\u0105cz\u0105c w najlepszy mo\u017cliwy spos\u00f3b wygod\u0119, niezawodno\u015b\u0107 i \u0142atwo\u015b\u0107 obs\u0142ugi.<\/p>","protected":false},"excerpt":{"rendered":"<p>DSC PG8939 to czteroprzyciskowy bezprzewodowy pilot zdalnego sterowania, kt\u00f3ry u\u0142atwia sterowanie alarmem w systemach Iotega, PowerSeries NEO i PRO.<\/p>\n<p>Za pomoc\u0105 jednego naci\u015bni\u0119cia u\u017cytkownicy mog\u0105 aktywowa\u0107 alarmy awaryjne i wyj\u015bcia steruj\u0105ce.<\/p>\n<p>Pilot zdalnego sterowania ma d\u0142ug\u0105 \u017cywotno\u015b\u0107 baterii do 8 lat i jest wyposa\u017cony w diod\u0119 LED potwierdzaj\u0105c\u0105 stan.<\/p>\n<p>Zaczep na pasek i naszyjnik w zestawie dla dodatkowej wygody.<\/p>","protected":false},"featured_media":141654,"template":"","meta":{"_acf_changed":false},"product_brand":[],"product_cat":[3327,1322],"product_tag":[3311,3031],"class_list":{"0":"post-72401","1":"product","2":"type-product","3":"status-publish","4":"has-post-thumbnail","6":"product_cat-overfall-fjarrkontrol","7":"product_cat-dsc-larm-neo-power-hybridlarm","8":"product_tag-dsc-neo-svensk-manual","9":"product_tag-neo-ovriga-tillbehor","10":"product_shipping_class-postnord-varubrev","11":"pa_brands-4dsc","12":"tm-has-options","14":"first","15":"onbackorder","16":"sale","17":"featured","18":"taxable","19":"shipping-taxable","20":"purchasable","21":"product-type-simple"},"acf":[],"_links":{"self":[{"href":"https:\/\/secureus.se\/pl\/wp-json\/wp\/v2\/product\/72401","targetHints":{"allow":["GET"]}}],"collection":[{"href":"https:\/\/secureus.se\/pl\/wp-json\/wp\/v2\/product"}],"about":[{"href":"https:\/\/secureus.se\/pl\/wp-json\/wp\/v2\/types\/product"}],"wp:featuredmedia":[{"embeddable":true,"href":"https:\/\/secureus.se\/pl\/wp-json\/wp\/v2\/media\/141654"}],"wp:attachment":[{"href":"https:\/\/secureus.se\/pl\/wp-json\/wp\/v2\/media?parent=72401"}],"wp:term":[{"taxonomy":"product_brand","embeddable":true,"href":"https:\/\/secureus.se\/pl\/wp-json\/wp\/v2\/product_brand?post=72401"},{"taxonomy":"product_cat","embeddable":true,"href":"https:\/\/secureus.se\/pl\/wp-json\/wp\/v2\/product_cat?post=72401"},{"taxonomy":"product_tag","embeddable":true,"href":"https:\/\/secureus.se\/pl\/wp-json\/wp\/v2\/product_tag?post=72401"}],"curies":[{"name":"wp","href":"https:\/\/api.w.org\/{rel}","templated":true}]}}