{"id":72402,"date":"2023-01-23T09:55:48","date_gmt":"2023-01-23T08:55:48","guid":{"rendered":"https:\/\/secureus.se\/produkt\/utgangskort-hsm2208-med-8-pgm-2\/"},"modified":"2025-12-31T20:40:23","modified_gmt":"2025-12-31T19:40:23","slug":"dsc-hsm2300-power-supply-module","status":"publish","type":"product","link":"https:\/\/secureus.se\/pl\/dsc-hsm2300-power-supply-module\/","title":{"rendered":"Modu\u0142 zasilacza monitorowanego DSC HSM2300"},"content":{"rendered":"<p><strong>DSC HSM2300<\/strong> to wydajny i niezawodny modu\u0142 zasilaj\u0105cy zaprojektowany z my\u015bl\u0105 o potrzebach system\u00f3w alarmowych DSC Neo.<\/p>\n<p>Dzi\u0119ki wyj\u015bciu 12 V DC i 1 amperowi idealnie nadaje si\u0119 do instalacji, w kt\u00f3rych wymagana jest dodatkowa moc, szczeg\u00f3lnie podczas rozbudowy systemu.<\/p>\n<p>HSM2300 zaprojektowano tak, aby mo\u017cna go by\u0142o pod\u0142\u0105czy\u0107 do transformatora 40 VA i w\u0142asnego akumulatora zapasowego (7 Ah), aby zapewni\u0107 dalsze dzia\u0142anie systemu nawet w przypadku awarii zasilania.<\/p>\n<p>Modu\u0142 ten jest w pe\u0142ni monitorowany w celu wykrycia ewentualnych usterek pr\u0105du przemiennego, niskiego poziomu na\u0142adowania akumulatora i usterek AUX, zapewniaj\u0105c dodatkowy poziom bezpiecze\u0144stwa.<\/p>\n<p>Dzi\u0119ki wyj\u015bciu 1 A mo\u017ce by\u0107 u\u017cywany do zasilania r\u00f3\u017cnych komponent\u00f3w bezpiecze\u0144stwa, w tym syren i innych urz\u0105dze\u0144, co czyni go wszechstronnym rozwi\u0105zaniem zar\u00f3wno do instalacji domowych, jak i komercyjnych.<\/p>\n<p>PowerSeries Neo wyr\u00f3\u017cnia si\u0119 mo\u017cliwo\u015bci\u0105 bezprzewodowego i sprz\u0119towego monitorowania do 128 stref, co umo\u017cliwia dostosowanie rozwi\u0105zania bezpiecze\u0144stwa z 8 partycjami dla r\u00f3\u017cnych obszar\u00f3w budynku.<\/p>\n<p>Dzi\u0119ki HSM2300 jako cz\u0119\u015bci systemu u\u017cytkownicy mog\u0105 mie\u0107 pewno\u015b\u0107, \u017ce ich bezpiecze\u0144stwo jest gwarantowane i \u017ce maj\u0105 solidny zasilacz do obs\u0142ugi ca\u0142ego systemu.<\/p>","protected":false},"excerpt":{"rendered":"<p>DSC HSM2300 to zasilacz 12 V DC o nat\u0119\u017ceniu wyj\u015bciowym 1 A, specjalnie zaprojektowany dla system\u00f3w alarmowych Neo.<\/p>\n<p>Obs\u0142uguje maksymaln\u0105 instalacj\u0119 z maksymalnie 4 p\u0142ytami zasilaczy dla HS2128 i 3 dla innych system\u00f3w.<\/p>\n<p>Zapewniaj\u0105c niezawodne zasilanie, HSM2300 chroni przed spadkami napi\u0119cia i przeci\u0105\u017ceniami, co czyni go wa\u017cnym elementem w utrzymaniu bezpiecze\u0144stwa.<\/p>","protected":false},"featured_media":140762,"template":"","meta":{"_acf_changed":false},"product_brand":[],"product_cat":[3328,1322],"product_tag":[3311,3030],"class_list":{"0":"post-72402","1":"product","2":"type-product","3":"status-publish","4":"has-post-thumbnail","6":"product_cat-kort-utbyggnad","7":"product_cat-dsc-larm-neo-power-hybridlarm","8":"product_tag-dsc-neo-svensk-manual","9":"product_tag-neo-matnings-utgangskort","10":"product_shipping_class-postnord-varubrev","11":"pa_brands-4dsc","12":"tm-has-options","14":"first","15":"onbackorder","16":"sale","17":"featured","18":"taxable","19":"shipping-taxable","20":"purchasable","21":"product-type-simple"},"acf":[],"_links":{"self":[{"href":"https:\/\/secureus.se\/pl\/wp-json\/wp\/v2\/product\/72402","targetHints":{"allow":["GET"]}}],"collection":[{"href":"https:\/\/secureus.se\/pl\/wp-json\/wp\/v2\/product"}],"about":[{"href":"https:\/\/secureus.se\/pl\/wp-json\/wp\/v2\/types\/product"}],"wp:featuredmedia":[{"embeddable":true,"href":"https:\/\/secureus.se\/pl\/wp-json\/wp\/v2\/media\/140762"}],"wp:attachment":[{"href":"https:\/\/secureus.se\/pl\/wp-json\/wp\/v2\/media?parent=72402"}],"wp:term":[{"taxonomy":"product_brand","embeddable":true,"href":"https:\/\/secureus.se\/pl\/wp-json\/wp\/v2\/product_brand?post=72402"},{"taxonomy":"product_cat","embeddable":true,"href":"https:\/\/secureus.se\/pl\/wp-json\/wp\/v2\/product_cat?post=72402"},{"taxonomy":"product_tag","embeddable":true,"href":"https:\/\/secureus.se\/pl\/wp-json\/wp\/v2\/product_tag?post=72402"}],"curies":[{"name":"wp","href":"https:\/\/api.w.org\/{rel}","templated":true}]}}