{"id":72403,"date":"2023-01-23T09:55:48","date_gmt":"2023-01-23T08:55:48","guid":{"rendered":"https:\/\/secureus.se\/produkt\/dsc-neo-matnings-utgangskort-hsm2204-12vdc-1-amp-4-p-2\/"},"modified":"2026-04-16T12:10:15","modified_gmt":"2026-04-16T10:10:15","slug":"dsc-hsm2204-power-module","status":"publish","type":"product","link":"https:\/\/secureus.se\/pl\/dsc-hsm2204-power-module\/","title":{"rendered":"DSC HSM2204 Modu\u0142 zasilania z 4 wyj\u015bciami du\u017cej mocy"},"content":{"rendered":"<p><strong>Modu\u0142 zasilania DSC HSM2204<\/strong> to solidne i wszechstronne rozwi\u0105zanie usprawniaj\u0105ce zasilanie system\u00f3w alarmowych DSC Neo.<\/p>\n<p>To urz\u0105dzenie jest wyposa\u017cone w g\u0142\u00f3wne wyj\u015bcie, kt\u00f3re dostarcza napi\u0119cie 12 V DC o nat\u0119\u017ceniu do 1 A, a tak\u017ce cztery programowalne wyj\u015bcia, kt\u00f3re mog\u0105 r\u00f3wnie\u017c obs\u0142u\u017cy\u0107 1 A ka\u017cde.<\/p>\n<p>To sprawia, \u017ce HSM2204 idealnie nadaje si\u0119 zar\u00f3wno do instalacji komercyjnych, jak i mieszkaniowych, gdzie mo\u017ce by\u0107 wymagana dodatkowa moc do zasilania r\u00f3\u017cnych element\u00f3w bezpiecze\u0144stwa, takich jak syreny i inne urz\u0105dzenia.<\/p>\n<p>HSM2204 zosta\u0142 zaprojektowany, aby zapewni\u0107 wysoki poziom monitorowania i bezpiecze\u0144stwa.<\/p>\n<p>Jest w pe\u0142ni monitorowany pod k\u0105tem usterek pr\u0105du przemiennego, niskiego poziomu baterii i usterek AUX, daj\u0105c u\u017cytkownikom pewno\u015b\u0107, \u017ce ich system bezpiecze\u0144stwa jest zawsze w optymalnym stanie. Dzi\u0119ki mo\u017cliwo\u015bci pod\u0142\u0105czenia do czterech modu\u0142\u00f3w zasilania w jednym systemie dla HS2128, trzech dla HS2064 i jednego dla innych urz\u0105dze\u0144 centralnych, HSM2204 oferuje elastyczn\u0105 konfiguracj\u0119 i integracj\u0119 z r\u00f3\u017cnymi \u015brodowiskami bezpiecze\u0144stwa.<\/p>\n<p>Modu\u0142 ten wymaga pod\u0142\u0105czenia do transformatora (40VA) i akumulatora zapasowego o pojemno\u015bci 7Ah, aby zapewni\u0107, \u017ce system pozostanie aktywny nawet w przypadku awarii zasilania.<\/p>\n<p>Dzi\u0119ki kompaktowej konstrukcji i przyjaznej dla u\u017cytkownika instalacji DSC HSM2204 jest doskona\u0142ym komponentem dla tych, kt\u00f3rzy chc\u0105 zwi\u0119kszy\u0107 bezpiecze\u0144stwo i niezawodno\u015b\u0107 swoich system\u00f3w alarmowych.<\/p>","protected":false},"excerpt":{"rendered":"<p>DSC HSM2204 to wydajny zasilacz do system\u00f3w alarmowych Neo, z wyj\u015bciem 12 V DC\/1 A i czterema programowalnymi wyj\u015bciami (1 A).<\/p>\n<p>Oferuje monitorowanie awarii AC, niskiego poziomu na\u0142adowania baterii i awarii AUX.<\/p>\n<p>Idealny do du\u017cych instalacji i wymaga pod\u0142\u0105czenia do transformatora i akumulatora zapasowego.<\/p>\n<p>HSM2204 obs\u0142uguje do czterech kart w jednym systemie, co zapewnia wi\u0119ksz\u0105 elastyczno\u015b\u0107 i bezpiecze\u0144stwo.<\/p>\n<p>&nbsp;<\/p>","protected":false},"featured_media":141171,"template":"","meta":{"_acf_changed":false},"product_brand":[],"product_cat":[3328,1322],"product_tag":[3311,3030],"class_list":{"0":"post-72403","1":"product","2":"type-product","3":"status-publish","4":"has-post-thumbnail","6":"product_cat-kort-utbyggnad","7":"product_cat-dsc-larm-neo-power-hybridlarm","8":"product_tag-dsc-neo-svensk-manual","9":"product_tag-neo-matnings-utgangskort","10":"product_shipping_class-postnord-varubrev","11":"pa_brands-4dsc","12":"tm-has-options","14":"first","15":"instock","16":"sale","17":"featured","18":"taxable","19":"shipping-taxable","20":"purchasable","21":"product-type-simple"},"acf":[],"_links":{"self":[{"href":"https:\/\/secureus.se\/pl\/wp-json\/wp\/v2\/product\/72403","targetHints":{"allow":["GET"]}}],"collection":[{"href":"https:\/\/secureus.se\/pl\/wp-json\/wp\/v2\/product"}],"about":[{"href":"https:\/\/secureus.se\/pl\/wp-json\/wp\/v2\/types\/product"}],"wp:featuredmedia":[{"embeddable":true,"href":"https:\/\/secureus.se\/pl\/wp-json\/wp\/v2\/media\/141171"}],"wp:attachment":[{"href":"https:\/\/secureus.se\/pl\/wp-json\/wp\/v2\/media?parent=72403"}],"wp:term":[{"taxonomy":"product_brand","embeddable":true,"href":"https:\/\/secureus.se\/pl\/wp-json\/wp\/v2\/product_brand?post=72403"},{"taxonomy":"product_cat","embeddable":true,"href":"https:\/\/secureus.se\/pl\/wp-json\/wp\/v2\/product_cat?post=72403"},{"taxonomy":"product_tag","embeddable":true,"href":"https:\/\/secureus.se\/pl\/wp-json\/wp\/v2\/product_tag?post=72403"}],"curies":[{"name":"wp","href":"https:\/\/api.w.org\/{rel}","templated":true}]}}