{"id":72404,"date":"2023-01-23T09:55:47","date_gmt":"2023-01-23T08:55:47","guid":{"rendered":"https:\/\/secureus.se\/produkt\/neo-output-expander-hsm2208\/"},"modified":"2026-04-01T14:39:10","modified_gmt":"2026-04-01T12:39:10","slug":"dsc-hsm2208-module-8-output","status":"publish","type":"product","link":"https:\/\/secureus.se\/pl\/dsc-hsm2208-module-8-output\/","title":{"rendered":"Modu\u0142 DSC HSM2208 do rozbudowy o 8 wyj\u015b\u0107 dla PowerSeries NEO"},"content":{"rendered":"<p><strong>DSC HSM2208<\/strong> to pot\u0119\u017cne rozszerzenie modu\u0142owe maj\u0105ce na celu rozszerzenie mo\u017cliwo\u015bci systemu alarmowego Neo o osiem programowalnych wyj\u015b\u0107 tranzystorowych.<\/p>\n<p>Ka\u017cde wyj\u015bcie mo\u017ce by\u0107 obci\u0105\u017cone pr\u0105dem do 50 mA i oferuje 41 r\u00f3\u017cnych opcji funkcji, co czyni go elastycznym rozwi\u0105zaniem dla niestandardowych potrzeb bezpiecze\u0144stwa.<\/p>\n<p>HSM2208 dostarczany jest bez obudowy, co umo\u017cliwia u\u017cytkownikowi zamontowanie go we w\u0142asnej obudowie lub w obudowie g\u0142\u00f3wnej centrali.<\/p>\n<p>Przy poborze pr\u0105du wynosz\u0105cym zaledwie 40 mA modu\u0142 mo\u017cna skutecznie zintegrowa\u0107 z istniej\u0105cymi systemami bez wp\u0142ywu na wydajno\u015b\u0107.<\/p>\n<p>Maksymalna liczba kart HSM2208, kt\u00f3re mo\u017cna zainstalowa\u0107, r\u00f3\u017cni si\u0119 w zale\u017cno\u015bci od pojemno\u015bci centrali, daj\u0105c u\u017cytkownikom mo\u017cliwo\u015b\u0107 \u0142atwej rozbudowy system\u00f3w bezpiecze\u0144stwa.<\/p>\n<p>Modu\u0142 ten jest idealnym rozwi\u0105zaniem zar\u00f3wno do zastosowa\u0144 mieszkaniowych, jak i komercyjnych, kt\u00f3re wymagaj\u0105 niezawodnego i elastycznego monitorowania.<\/p>","protected":false},"excerpt":{"rendered":"<p>DSC HSM2208 to p\u0142ytka wyj\u015bciowa z 8 programowalnymi wyj\u015bciami tranzystorowymi do system\u00f3w alarmowych Neo.<\/p>\n<p>Maks. 50 mA na wyj\u015bcie i elastyczna instalacja w r\u00f3\u017cnych obudowach.<\/p>","protected":false},"featured_media":141191,"template":"","meta":{"_acf_changed":false},"product_brand":[],"product_cat":[1322,3328],"product_tag":[3311,3030],"class_list":{"0":"post-72404","1":"product","2":"type-product","3":"status-publish","4":"has-post-thumbnail","6":"product_cat-dsc-larm-neo-power-hybridlarm","7":"product_cat-kort-utbyggnad","8":"product_tag-dsc-neo-svensk-manual","9":"product_tag-neo-matnings-utgangskort","10":"product_shipping_class-postnord-varubrev","11":"pa_brands-4dsc","12":"tm-has-options","14":"first","15":"instock","16":"sale","17":"featured","18":"taxable","19":"shipping-taxable","20":"purchasable","21":"product-type-simple"},"acf":[],"_links":{"self":[{"href":"https:\/\/secureus.se\/pl\/wp-json\/wp\/v2\/product\/72404","targetHints":{"allow":["GET"]}}],"collection":[{"href":"https:\/\/secureus.se\/pl\/wp-json\/wp\/v2\/product"}],"about":[{"href":"https:\/\/secureus.se\/pl\/wp-json\/wp\/v2\/types\/product"}],"wp:featuredmedia":[{"embeddable":true,"href":"https:\/\/secureus.se\/pl\/wp-json\/wp\/v2\/media\/141191"}],"wp:attachment":[{"href":"https:\/\/secureus.se\/pl\/wp-json\/wp\/v2\/media?parent=72404"}],"wp:term":[{"taxonomy":"product_brand","embeddable":true,"href":"https:\/\/secureus.se\/pl\/wp-json\/wp\/v2\/product_brand?post=72404"},{"taxonomy":"product_cat","embeddable":true,"href":"https:\/\/secureus.se\/pl\/wp-json\/wp\/v2\/product_cat?post=72404"},{"taxonomy":"product_tag","embeddable":true,"href":"https:\/\/secureus.se\/pl\/wp-json\/wp\/v2\/product_tag?post=72404"}],"curies":[{"name":"wp","href":"https:\/\/api.w.org\/{rel}","templated":true}]}}