{"id":72406,"date":"2023-01-23T09:55:47","date_gmt":"2023-01-23T08:55:47","guid":{"rendered":"https:\/\/secureus.se\/produkt\/neo-power-g-wireless-keypad-lcd-hs2lcdwf-svensk-text\/"},"modified":"2026-01-06T20:50:57","modified_gmt":"2026-01-06T19:50:57","slug":"dsc-power-g-wireless-keypad-lcd-hs2lcdwf","status":"publish","type":"product","link":"https:\/\/secureus.se\/pl\/dsc-power-g-wireless-keypad-lcd-hs2lcdwf\/","title":{"rendered":"Bezprzewodowa klawiatura LCD DSC Power G HS2LCDWF \u2013 tekst w j\u0119zyku szwedzkim"},"content":{"rendered":"<p><strong>Bezprzewodowa klawiatura LCD DSC Power G HS2LCDWF<\/strong> to zaawansowana klawiatura bezprzewodowa zaprojektowana, aby zapewni\u0107 u\u017cytkownikom proste i skuteczne sterowanie systemami alarmowymi Neo.<\/p>\n<p>Dzi\u0119ki wy\u015bwietlaczowi LCD o wysokiej rozdzielczo\u015bci oraz obs\u0142udze j\u0119zyka szwedzkiego i kilku innych j\u0119zyk\u00f3w, oferuje przyjazn\u0105 dla u\u017cytkownika obs\u0142ug\u0119, kt\u00f3ra u\u0142atwia nawigacj\u0119 po ustawieniach zabezpiecze\u0144.<\/p>\n<p>Klawiatura mo\u017ce komunikowa\u0107 si\u0119 na odleg\u0142o\u015b\u0107 do 2000 metr\u00f3w, co zapewnia du\u017c\u0105 elastyczno\u015b\u0107 podczas instalacji.<\/p>\n<p>Obs\u0142uguje do 128 stref przewodowych lub bezprzewodowych, dzi\u0119ki czemu idealnie nadaje si\u0119 zar\u00f3wno do obiekt\u00f3w mieszkalnych, jak i komercyjnych.<\/p>\n<p>U\u017cytkownicy mog\u0105 programowa\u0107 w\u0142asne teksty dla r\u00f3\u017cnych stref i obszar\u00f3w alarmowych, co zwi\u0119ksza przejrzysto\u015b\u0107 i efektywno\u015b\u0107 zarz\u0105dzania systemem bezpiecze\u0144stwa.<\/p>\n<p>Dzi\u0119ki pi\u0119ciu programowalnym przyciskom funkcyjnym i trzem przyciskom awaryjnym HS2LCDWF zapewnia szybki dost\u0119p do wa\u017cnych funkcji, u\u0142atwiaj\u0105c zarz\u0105dzanie ustawieniami zabezpiecze\u0144 w stresuj\u0105cych sytuacjach.<\/p>\n<p>Klawiatura posiada r\u00f3wnie\u017c z\u0142\u0105cze \u015brubowe do pod\u0142\u0105czenia urz\u0105dze\u0144 zewn\u0119trznych oraz niski pob\u00f3r pr\u0105du na poziomie 55-105 mA, co wp\u0142ywa na jej energooszcz\u0119dno\u015b\u0107.<\/p>\n<p>Podsumowuj\u0105c, DSC HS2LCDWF to wszechstronna i przyjazna dla u\u017cytkownika klawiatura, kt\u00f3ra \u0142\u0105czy zaawansowan\u0105 technologi\u0119 z praktycznymi funkcjami, co czyni j\u0105 doskona\u0142ym wyborem dla ka\u017cdego, kto szuka niezawodnego rozwi\u0105zania bezpiecze\u0144stwa.<\/p>","protected":false},"excerpt":{"rendered":"<p>DSC HS2LCDWF to bezprzewodowa klawiatura do system\u00f3w alarmowych Neo, wyposa\u017cona w wy\u015bwietlacz LCD z tekstem w j\u0119zyku szwedzkim.<\/p>\n<p>Ma zasi\u0119g do 2000 metr\u00f3w i umo\u017cliwia programowanie stref i obszar\u00f3w alarmowych.<\/p>\n<p>Dzi\u0119ki 5 przyciskom funkcyjnym i 3 przyciskom alarmowym umo\u017cliwia u\u017cytkownikom szybk\u0105 i skuteczn\u0105 kontrol\u0119 nad systemem bezpiecze\u0144stwa.<\/p>","protected":false},"featured_media":140774,"template":"","meta":{"_acf_changed":false},"product_brand":[],"product_cat":[3329,1322],"product_tag":[3311,3028,3029],"class_list":{"0":"post-72406","1":"product","2":"type-product","3":"status-publish","4":"has-post-thumbnail","6":"product_cat-knappsats-kod","7":"product_cat-dsc-larm-neo-power-hybridlarm","8":"product_tag-dsc-neo-svensk-manual","9":"product_tag-neo-knappsats-manoverpaneler","10":"product_tag-neo-dsc-knappsats-manoverpaneler","11":"product_shipping_class-postnord-varubrev","12":"pa_brands-4dsc","13":"tm-has-options","15":"first","16":"outofstock","17":"sale","18":"featured","19":"taxable","20":"shipping-taxable","21":"purchasable","22":"product-type-simple"},"acf":[],"_links":{"self":[{"href":"https:\/\/secureus.se\/pl\/wp-json\/wp\/v2\/product\/72406","targetHints":{"allow":["GET"]}}],"collection":[{"href":"https:\/\/secureus.se\/pl\/wp-json\/wp\/v2\/product"}],"about":[{"href":"https:\/\/secureus.se\/pl\/wp-json\/wp\/v2\/types\/product"}],"wp:featuredmedia":[{"embeddable":true,"href":"https:\/\/secureus.se\/pl\/wp-json\/wp\/v2\/media\/140774"}],"wp:attachment":[{"href":"https:\/\/secureus.se\/pl\/wp-json\/wp\/v2\/media?parent=72406"}],"wp:term":[{"taxonomy":"product_brand","embeddable":true,"href":"https:\/\/secureus.se\/pl\/wp-json\/wp\/v2\/product_brand?post=72406"},{"taxonomy":"product_cat","embeddable":true,"href":"https:\/\/secureus.se\/pl\/wp-json\/wp\/v2\/product_cat?post=72406"},{"taxonomy":"product_tag","embeddable":true,"href":"https:\/\/secureus.se\/pl\/wp-json\/wp\/v2\/product_tag?post=72406"}],"curies":[{"name":"wp","href":"https:\/\/api.w.org\/{rel}","templated":true}]}}