{"id":72408,"date":"2023-01-23T09:55:47","date_gmt":"2023-01-23T08:55:47","guid":{"rendered":"https:\/\/secureus.se\/produkt\/neo-keypad-lcd-hs2lcd-svensk-text\/"},"modified":"2026-01-06T20:44:06","modified_gmt":"2026-01-06T19:44:06","slug":"dsc-security-keypad-hs2lcd","status":"publish","type":"product","link":"https:\/\/secureus.se\/pl\/dsc-security-keypad-hs2lcd\/","title":{"rendered":"Klawiatura bezpiecze\u0144stwa DSC HS2LCD \u2013 tekst w j\u0119zyku szwedzkim"},"content":{"rendered":"<p><strong>Klawiatura bezpiecze\u0144stwa DSC HS2LCD<\/strong> to zaawansowany i \u0142atwy w obs\u0142udze manipulator przeznaczony do wsp\u00f3\u0142pracy z systemem alarmowym Neo.<\/p>\n<p>To urz\u0105dzenie posiada wyra\u017any wy\u015bwietlacz LCD z napisami w j\u0119zyku szwedzkim, kt\u00f3ry u\u0142atwia nawigacj\u0119 u\u017cytkownikom w szwedzkim \u015brodowisku. Dzi\u0119ki obs\u0142udze maksymalnie 128 linii przewodowych lub bezprzewodowych klawiatur\u0119 mo\u017cna dostosowa\u0107 do r\u00f3\u017cnych potrzeb w zakresie bezpiecze\u0144stwa, zar\u00f3wno w instalacjach mieszkalnych, jak i komercyjnych.<\/p>\n<p>HS2LCD oferuje w pe\u0142ni programowalne etykiety o d\u0142ugo\u015bci do 32 znak\u00f3w, umo\u017cliwiaj\u0105ce personalizacj\u0119 i jednoznaczn\u0105 identyfikacj\u0119 r\u00f3\u017cnych sekcji i obszar\u00f3w alarmowych.<\/p>\n<p>Klawiatura posiada pi\u0119\u0107 programowalnych klawiszy funkcyjnych zapewniaj\u0105cych szybki dost\u0119p oraz trzy klawisze awaryjne umo\u017cliwiaj\u0105ce natychmiastow\u0105 reakcj\u0119 w sytuacjach awaryjnych.<\/p>\n<p>Dodatkowo urz\u0105dzenie posiada wbudowany wy\u015bwietlacz temperatury, kt\u00f3ry dostarcza u\u017cytkownikowi dodatkowych informacji.<\/p>\n<p>Nowoczesna i smuk\u0142a konstrukcja HS2LCD z pod\u015bwietlanymi przyciskami zapewnia \u0142atw\u0105 obs\u0142ug\u0119 nawet przy s\u0142abym o\u015bwietleniu.<\/p>\n<p>Przy poborze pr\u0105du od 55 do 105 mA ta klawiatura jest r\u00f3wnie\u017c energooszcz\u0119dna.<\/p>\n<p>Dzi\u0119ki funkcjom takim jak pami\u0119\u0107 zdarze\u0144, programowalne pod\u015bwietlenie i podw\u00f3jny uchwyt \u015bcienny, HS2LCD oferuje po\u0142\u0105czenie funkcjonalno\u015bci i elastyczno\u015bci, kt\u00f3re jest nie do pobicia.<\/p>\n<p>Niezale\u017cnie od tego, czy chcesz wzmocni\u0107 bezpiecze\u0144stwo swojego domu, czy firmy, klawiatura DSC Security Keypad HS2LCD jest niezawodnym i skutecznym rozwi\u0105zaniem.<\/p>","protected":false},"excerpt":{"rendered":"<p>DSC Security Keypad HS2LCD to przewodowa klawiatura z wy\u015bwietlaczem LCD i szwedzkim tekstem, przeznaczona dla systemu alarmowego Neo.<\/p>\n<p>Posiada programowalne teksty dla sekcji i pami\u0119ci zdarze\u0144, kt\u00f3re mo\u017cna odczyta\u0107 na wy\u015bwietlaczu.<\/p>\n<p>Dzi\u0119ki pi\u0119ciu przyciskom funkcyjnym, trzem przyciskom alarmowym i mo\u017cliwo\u015bci obs\u0142ugi a\u017c do 128 stref oferuje przyjazne dla u\u017cytkownika rozwi\u0105zanie do wydajnego monitorowania i sterowania.<\/p>","protected":false},"featured_media":140615,"template":"","meta":{"_acf_changed":false},"product_brand":[],"product_cat":[3329,1322],"product_tag":[3311,3028,3029],"class_list":{"0":"post-72408","1":"product","2":"type-product","3":"status-publish","4":"has-post-thumbnail","6":"product_cat-knappsats-kod","7":"product_cat-dsc-larm-neo-power-hybridlarm","8":"product_tag-dsc-neo-svensk-manual","9":"product_tag-neo-knappsats-manoverpaneler","10":"product_tag-neo-dsc-knappsats-manoverpaneler","11":"product_shipping_class-postnord-varubrev","12":"pa_brands-4dsc","13":"tm-has-options","15":"first","16":"outofstock","17":"sale","18":"featured","19":"taxable","20":"shipping-taxable","21":"purchasable","22":"product-type-simple"},"acf":[],"_links":{"self":[{"href":"https:\/\/secureus.se\/pl\/wp-json\/wp\/v2\/product\/72408","targetHints":{"allow":["GET"]}}],"collection":[{"href":"https:\/\/secureus.se\/pl\/wp-json\/wp\/v2\/product"}],"about":[{"href":"https:\/\/secureus.se\/pl\/wp-json\/wp\/v2\/types\/product"}],"wp:featuredmedia":[{"embeddable":true,"href":"https:\/\/secureus.se\/pl\/wp-json\/wp\/v2\/media\/140615"}],"wp:attachment":[{"href":"https:\/\/secureus.se\/pl\/wp-json\/wp\/v2\/media?parent=72408"}],"wp:term":[{"taxonomy":"product_brand","embeddable":true,"href":"https:\/\/secureus.se\/pl\/wp-json\/wp\/v2\/product_brand?post=72408"},{"taxonomy":"product_cat","embeddable":true,"href":"https:\/\/secureus.se\/pl\/wp-json\/wp\/v2\/product_cat?post=72408"},{"taxonomy":"product_tag","embeddable":true,"href":"https:\/\/secureus.se\/pl\/wp-json\/wp\/v2\/product_tag?post=72408"}],"curies":[{"name":"wp","href":"https:\/\/api.w.org\/{rel}","templated":true}]}}