{"id":72418,"date":"2023-01-23T09:55:45","date_gmt":"2023-01-23T08:55:45","guid":{"rendered":"https:\/\/secureus.se\/produkt\/powerg-wireless-pir-360-10m-pg8862\/"},"modified":"2025-12-31T20:39:40","modified_gmt":"2025-12-31T19:39:40","slug":"dsc-wireless-pir-360-pg8862","status":"publish","type":"product","link":"https:\/\/secureus.se\/pl\/dsc-wireless-pir-360-pg8862\/","title":{"rendered":"Bezprzewodowy DSC PIR 360\u00b0 \u201e10m\u201d Bezprzewodowy PG8862"},"content":{"rendered":"<p><strong>Bezprzewodowy czujnik PIR DSC PG8862<\/strong> to zaawansowana czujka ruchu zaprojektowana z my\u015bl\u0105 o detekcji 360 stopni, dzi\u0119ki czemu idealnie nadaje si\u0119 do monta\u017cu sufitowego w \u015bredniej wielko\u015bci pomieszczeniach.<\/p>\n<p>Dzi\u0119ki promieniowi detekcji do 20 metr\u00f3w detektor ten mo\u017cna umie\u015bci\u0107 na wysoko\u015bci od 2 do 6 metr\u00f3w, zapewniaj\u0105c pokrycie du\u017cego obszaru bez martwych punkt\u00f3w.<\/p>\n<p>Jedn\u0105 z najbardziej wyj\u0105tkowych cech PG8862 jest jego zdolno\u015b\u0107 do dostosowywania si\u0119 do r\u00f3\u017cnych \u015brodowisk, umo\u017cliwiaj\u0105c rozpoznawanie ruchu bez reagowania na niepo\u017c\u0105dane zak\u0142\u00f3cenia.<\/p>\n<p>Jest r\u00f3wnie\u017c wyposa\u017cony we wska\u017aniki LED, kt\u00f3re pokazuj\u0105 stan podczas instalacji i konserwacji, co u\u0142atwia monitorowanie i optymalizacj\u0119 wydajno\u015bci systemu.<\/p>\n<p>Ponadto PG8862 zosta\u0142 zaprojektowany tak, aby by\u0142 energooszcz\u0119dny, a \u017cywotno\u015b\u0107 baterii si\u0119ga\u0142a 3 lat, zapewniaj\u0105c niezawodn\u0105 prac\u0119 przez d\u0142u\u017cszy czas.<\/p>\n<p>Dzia\u0142a na cz\u0119stotliwo\u015bci 868 MHz i mo\u017cna go \u0142atwo zintegrowa\u0107 z systemami DSC PowerSeries NEO, co czyni go doskona\u0142ym wyborem zar\u00f3wno do zastosowa\u0144 mieszkaniowych, jak i komercyjnych.<\/p>\n<p>Dzi\u0119ki bezprzewodowemu czujnikowi PIR PG8862 firmy DSC otrzymujesz nie tylko detektor; otrzymujesz niezawodny system ochrony, kt\u00f3ry zapewnia bezpiecze\u0144stwo i ochron\u0119 w ka\u017cdej sytuacji.<\/p>","protected":false},"excerpt":{"rendered":"<p>Bezprzewodowa czujka ruchu DSC PIR PG8862 to bezprzewodowa czujka ruchu o zasi\u0119gu 360 stopni do monta\u017cu sufitowego, idealna do zabezpieczania pomieszcze\u0144 \u015bredniej wielko\u015bci.<\/p>\n<p>Dzi\u0119ki promieniowi detekcji wynosz\u0105cemu 20 metr\u00f3w i wysoko\u015bci monta\u017cu do 6 metr\u00f3w zapewnia niezawodn\u0105 ochron\u0119 przed w\u0142amaniami.<\/p>\n<p>Wyposa\u017cony we wska\u017aniki LED i d\u0142ugi czas pracy baterii, zapewnia \u0142atwy monta\u017c i d\u0142ugoletni\u0105 prac\u0119.<\/p>\n<p>&nbsp;<\/p>","protected":false},"featured_media":141212,"template":"","meta":{"_acf_changed":false},"product_brand":[],"product_cat":[1322,3326],"product_tag":[3152,3311,2472],"class_list":{"0":"post-72418","1":"product","2":"type-product","3":"status-publish","4":"has-post-thumbnail","6":"product_cat-dsc-larm-neo-power-hybridlarm","7":"product_cat-rorelsedetektor","8":"product_tag-cr123-tillbehor","9":"product_tag-dsc-neo-svensk-manual","10":"product_tag-sbsc-larmklassr","11":"product_shipping_class-postnord-varubrev","12":"pa_brands-4dsc","13":"tm-has-options","15":"first","16":"instock","17":"sale","18":"featured","19":"taxable","20":"shipping-taxable","21":"purchasable","22":"product-type-simple"},"acf":[],"_links":{"self":[{"href":"https:\/\/secureus.se\/pl\/wp-json\/wp\/v2\/product\/72418","targetHints":{"allow":["GET"]}}],"collection":[{"href":"https:\/\/secureus.se\/pl\/wp-json\/wp\/v2\/product"}],"about":[{"href":"https:\/\/secureus.se\/pl\/wp-json\/wp\/v2\/types\/product"}],"wp:featuredmedia":[{"embeddable":true,"href":"https:\/\/secureus.se\/pl\/wp-json\/wp\/v2\/media\/141212"}],"wp:attachment":[{"href":"https:\/\/secureus.se\/pl\/wp-json\/wp\/v2\/media?parent=72418"}],"wp:term":[{"taxonomy":"product_brand","embeddable":true,"href":"https:\/\/secureus.se\/pl\/wp-json\/wp\/v2\/product_brand?post=72418"},{"taxonomy":"product_cat","embeddable":true,"href":"https:\/\/secureus.se\/pl\/wp-json\/wp\/v2\/product_cat?post=72418"},{"taxonomy":"product_tag","embeddable":true,"href":"https:\/\/secureus.se\/pl\/wp-json\/wp\/v2\/product_tag?post=72418"}],"curies":[{"name":"wp","href":"https:\/\/api.w.org\/{rel}","templated":true}]}}