{"id":72422,"date":"2023-01-23T09:55:45","date_gmt":"2023-01-23T08:55:45","guid":{"rendered":"https:\/\/secureus.se\/produkt\/dsc-neo-power-g-wireless-repeater-pg8920-2\/"},"modified":"2026-02-23T14:45:39","modified_gmt":"2026-02-23T13:45:39","slug":"dsc-repeater-pg8920-powerg-wireless","status":"publish","type":"product","link":"https:\/\/secureus.se\/pl\/dsc-repeater-pg8920-powerg-wireless\/","title":{"rendered":"Bezprzewodowy wzmacniacz sygna\u0142u DSC PG8920 PowerG"},"content":{"rendered":"<p><strong>Wzmacniacz DSC PG8920<\/strong> to bezprzewodowa stacja \u0142\u0105cza niezb\u0119dna do rozszerzenia zasi\u0119gu komunikacji system\u00f3w alarmowych PowerSeries Neo.<\/p>\n<p>Dzia\u0142aj\u0105c jako wzmacniacz, rozszerza sygna\u0142 bezprzewodowy pomi\u0119dzy systemem alarmowym a innymi urz\u0105dzeniami PowerG, zapewniaj\u0105c efektywn\u0105 komunikacj\u0119 wszystkich cz\u0119\u015bci systemu, niezale\u017cnie od wielko\u015bci budynku i materia\u0142\u00f3w.<\/p>\n<p>Dzi\u0119ki zasi\u0119gowi do 2 km w linii wzroku i automatycznej regulacji si\u0142y transmisji, PG8920 pomaga wyd\u0142u\u017cy\u0107 \u017cywotno\u015b\u0107 baterii pod\u0142\u0105czonych urz\u0105dze\u0144, minimalizuj\u0105c wymagan\u0105 moc transmisji.<\/p>\n<p>Jest r\u00f3wnie\u017c wyposa\u017cony we wska\u017anik si\u0142y sygna\u0142u LED, kt\u00f3ry u\u0142atwia i usprawnia instalacj\u0119, pomagaj\u0105c instalatorowi wybra\u0107 optymalne miejsce instalacji.<\/p>\n<p>PG8920 jest wyposa\u017cony w zasilacz i wbudowany akumulator Ni-MH, kt\u00f3ry zapewnia 48 godzin podtrzymania w przypadku awarii zasilania.<\/p>\n<p>Dzi\u0119ki solidnym funkcjom zabezpiecze\u0144 i nowoczesnemu wzornictwu PG8920 stanowi doskona\u0142e uzupe\u0142nienie zapewniaj\u0105ce niezawodn\u0105 komunikacj\u0119 i maksymalne bezpiecze\u0144stwo w systemie alarmowym PowerG.<\/p>","protected":false},"excerpt":{"rendered":"<p>Repeater DSC PG8920 to wydajna stacja \u0142\u0105cz\u0105ca dla system\u00f3w PowerG, zaprojektowana w celu zwi\u0119kszenia zasi\u0119gu bezprzewodowego pomi\u0119dzy systemem alarmowym a innymi urz\u0105dzeniami.<\/p>\n<p>Dzi\u0119ki obs\u0142udze automatycznej regulacji si\u0142y transmisji i podtrzymaniu bateryjnemu wynosz\u0105cemu 48 godzin zapewnia stabiln\u0105 i niezawodn\u0105 komunikacj\u0119 nawet w najbardziej wymagaj\u0105cych warunkach.<\/p>","protected":false},"featured_media":141202,"template":"","meta":{"_acf_changed":false},"product_brand":[],"product_cat":[3338,1322],"product_tag":[3311],"class_list":{"0":"post-72422","1":"product","2":"type-product","3":"status-publish","4":"has-post-thumbnail","6":"product_cat-repeater","7":"product_cat-dsc-larm-neo-power-hybridlarm","8":"product_tag-dsc-neo-svensk-manual","9":"product_shipping_class-postnord-varubrev","10":"pa_brands-4dsc","11":"tm-has-options","13":"first","14":"instock","15":"sale","16":"featured","17":"taxable","18":"shipping-taxable","19":"purchasable","20":"product-type-simple"},"acf":[],"_links":{"self":[{"href":"https:\/\/secureus.se\/pl\/wp-json\/wp\/v2\/product\/72422","targetHints":{"allow":["GET"]}}],"collection":[{"href":"https:\/\/secureus.se\/pl\/wp-json\/wp\/v2\/product"}],"about":[{"href":"https:\/\/secureus.se\/pl\/wp-json\/wp\/v2\/types\/product"}],"wp:featuredmedia":[{"embeddable":true,"href":"https:\/\/secureus.se\/pl\/wp-json\/wp\/v2\/media\/141202"}],"wp:attachment":[{"href":"https:\/\/secureus.se\/pl\/wp-json\/wp\/v2\/media?parent=72422"}],"wp:term":[{"taxonomy":"product_brand","embeddable":true,"href":"https:\/\/secureus.se\/pl\/wp-json\/wp\/v2\/product_brand?post=72422"},{"taxonomy":"product_cat","embeddable":true,"href":"https:\/\/secureus.se\/pl\/wp-json\/wp\/v2\/product_cat?post=72422"},{"taxonomy":"product_tag","embeddable":true,"href":"https:\/\/secureus.se\/pl\/wp-json\/wp\/v2\/product_tag?post=72422"}],"curies":[{"name":"wp","href":"https:\/\/api.w.org\/{rel}","templated":true}]}}