{"id":72425,"date":"2023-01-23T09:55:44","date_gmt":"2023-01-23T08:55:44","guid":{"rendered":"https:\/\/secureus.se\/produkt\/dsc-neo-power-g-transceiver-hsm2host-2\/"},"modified":"2025-12-31T20:36:52","modified_gmt":"2025-12-31T19:36:52","slug":"dsc-hsm2host-transceiver-module","status":"publish","type":"product","link":"https:\/\/secureus.se\/pl\/dsc-hsm2host-transceiver-module\/","title":{"rendered":"Modu\u0142 nadawczo-odbiorczy DSC HSM2HOST"},"content":{"rendered":"<p><strong>DSC HSM2HOST<\/strong> to pot\u0119\u017cny nadajnik-odbiornik radiowy zaprojektowany w celu optymalizacji instalacji bezprzewodowych system\u00f3w alarmowych PowerSeries NEO i PEO.<\/p>\n<p>Oferuj\u0105c imponuj\u0105cy zasi\u0119g do 2 km, HSM2HOST jest doskona\u0142ym wyborem zar\u00f3wno dla \u015brodowisk mieszkalnych, jak i biznesowych, kt\u00f3re wymagaj\u0105 niezawodnego bezpiecze\u0144stwa i elastyczno\u015bci.<\/p>\n<p>Modu\u0142 ten zapewnia 128-bitowe szyfrowanie AES, kt\u00f3re chroni komunikacj\u0119 pomi\u0119dzy urz\u0105dzeniami i gwarantuje bezpiecze\u0144stwo wszelkich transfer\u00f3w danych.<\/p>\n<p>Dzi\u0119ki HSM2HOST do ka\u017cdej czujki bezprzewodowej mo\u017cna przypisa\u0107 numer strefy, co umo\u017cliwia wydajne i \u0142atwe zarz\u0105dzanie a\u017c 128 strefami.<\/p>\n<p>Urz\u0105dzenie mo\u017cna pod\u0142\u0105czy\u0107 do systemu bez ogranicze\u0144 i mo\u017ce wsp\u00f3\u0142pracowa\u0107 ze stacjami \u0142\u0105cz\u0105cymi w celu zwi\u0119kszenia zasi\u0119gu w razie potrzeby.<\/p>\n<p>Nale\u017cy pami\u0119ta\u0107, \u017ce do jednego systemu mo\u017cna pod\u0142\u0105czy\u0107 tylko jeden nadajnik-odbiornik radiowy i nie mo\u017cna go \u0142\u0105czy\u0107 z manipulatorami wyposa\u017conymi w wbudowany nadajnik-odbiornik radiowy.<\/p>\n<p>HSM2HOST jest niezb\u0119dnym komponentem dla tych, kt\u00f3rzy chc\u0105 zmaksymalizowa\u0107 bezpiecze\u0144stwo swoich instalacji i skorzysta\u0107 z zalet technologii PowerG.<\/p>\n<p>Przy poborze pr\u0105du wynosz\u0105cym zaledwie 60 mA jest r\u00f3wnie\u017c energooszcz\u0119dny, dzi\u0119ki czemu idealnie nadaje si\u0119 do pracy ci\u0105g\u0142ej.<\/p>","protected":false},"excerpt":{"rendered":"<p>DSC HSM2HOST to zaawansowany transceiver radiowy, kt\u00f3ry umo\u017cliwia dwukierunkow\u0105 komunikacj\u0119 bezprzewodow\u0105 dla system\u00f3w alarmowych PowerSeries NEO.<\/p>\n<p>Dzi\u0119ki zasi\u0119gowi do 2 km i 128-bitowemu szyfrowaniu AES zapewnia niezawodn\u0105 i bezpieczn\u0105 transmisj\u0119 danych.<\/p>\n<p>Idealnie nadaje si\u0119 do efektywnej rozbudowy sieci bezprzewodowej i stworzenia solidnego rozwi\u0105zania zabezpieczaj\u0105cego.<\/p>","protected":false},"featured_media":140791,"template":"","meta":{"_acf_changed":false},"product_brand":[],"product_cat":[3338,1322],"product_tag":[3311],"class_list":{"0":"post-72425","1":"product","2":"type-product","3":"status-publish","4":"has-post-thumbnail","6":"product_cat-repeater","7":"product_cat-dsc-larm-neo-power-hybridlarm","8":"product_tag-dsc-neo-svensk-manual","9":"product_shipping_class-postnord-varubrev","10":"pa_brands-4dsc","11":"tm-has-options","13":"first","14":"instock","15":"sale","16":"featured","17":"taxable","18":"shipping-taxable","19":"purchasable","20":"product-type-simple"},"acf":[],"_links":{"self":[{"href":"https:\/\/secureus.se\/pl\/wp-json\/wp\/v2\/product\/72425","targetHints":{"allow":["GET"]}}],"collection":[{"href":"https:\/\/secureus.se\/pl\/wp-json\/wp\/v2\/product"}],"about":[{"href":"https:\/\/secureus.se\/pl\/wp-json\/wp\/v2\/types\/product"}],"wp:featuredmedia":[{"embeddable":true,"href":"https:\/\/secureus.se\/pl\/wp-json\/wp\/v2\/media\/140791"}],"wp:attachment":[{"href":"https:\/\/secureus.se\/pl\/wp-json\/wp\/v2\/media?parent=72425"}],"wp:term":[{"taxonomy":"product_brand","embeddable":true,"href":"https:\/\/secureus.se\/pl\/wp-json\/wp\/v2\/product_brand?post=72425"},{"taxonomy":"product_cat","embeddable":true,"href":"https:\/\/secureus.se\/pl\/wp-json\/wp\/v2\/product_cat?post=72425"},{"taxonomy":"product_tag","embeddable":true,"href":"https:\/\/secureus.se\/pl\/wp-json\/wp\/v2\/product_tag?post=72425"}],"curies":[{"name":"wp","href":"https:\/\/api.w.org\/{rel}","templated":true}]}}