{"id":72426,"date":"2023-01-23T09:55:44","date_gmt":"2023-01-23T08:55:44","guid":{"rendered":"https:\/\/secureus.se\/produkt\/dsc-neo-power-g-wireless-magnetkontakt-small-pg8303-2\/"},"modified":"2026-04-01T14:39:14","modified_gmt":"2026-04-01T12:39:14","slug":"dsc-door-sensor-slim-pg8303","status":"publish","type":"product","link":"https:\/\/secureus.se\/pl\/dsc-door-sensor-slim-pg8303\/","title":{"rendered":"Czujnik drzwi\/okna DSC Slim PG8303"},"content":{"rendered":"<p><strong>Czujnik drzwi DSC Slim PG8303<\/strong> to zaawansowany bezprzewodowy czujnik zaprojektowany, aby stylowo i skutecznie chroni\u0107 drzwi, okna i inne wej\u015bcia. Kompaktowy rozmiar oznacza, \u017ce czujnik jest dyskretny i \u0142atwy w monta\u017cu, co idealnie sprawdza si\u0119 zar\u00f3wno w domu, jak i w firmie.<\/p>\n<p>Wyposa\u017cony w najnowsz\u0105 technologi\u0119 PowerG, PG8303 zapewnia bezpieczny i niezawodny monitoring z zasi\u0119giem do 2 kilometr\u00f3w na otwartej przestrzeni.<\/p>\n<p>Czujnik ten idealnie nadaje si\u0119 do monta\u017cu na drzwiach i oknach \u015bredniej wielko\u015bci i zapewnia \u017cywotno\u015b\u0107 baterii do 6 lat, minimalizuj\u0105c potrzeb\u0119 cz\u0119stej konserwacji.<\/p>\n<p>Wbudowany wska\u017anik sygna\u0142u daje mo\u017cliwo\u015b\u0107 sprawdzenia jako\u015bci sygna\u0142u i zapewnienia optymalnej pracy czujnika.<\/p>\n<p>Czujnik drzwi DSC Slim PG8303 jest kompatybilny z systemami PowerSeries NEO i PRO, co czyni go doskona\u0142ym elementem kompleksowego systemu bezpiecze\u0144stwa.<\/p>\n<p>Dzi\u0119ki niezawodnemu dzia\u0142aniu i eleganckiemu wzornictwu PG8303 pomaga stworzy\u0107 bezpieczny dom bez uszczerbku dla estetyki.<\/p>","protected":false},"excerpt":{"rendered":"<p>DSC Door Sensor Slim PG8303 to bezprzewodowy czujnik zapewniaj\u0105cy dyskretny i skuteczny monitoring drzwi i okien.<\/p>\n<p>Dzi\u0119ki kompaktowej konstrukcji i technologii PowerG zapewnia niezawodne wykrywanie i mo\u017cna go \u0142atwo zamontowa\u0107.<\/p>\n<p>Ma \u017cywotno\u015b\u0107 baterii do 6 lat i jest kompatybilny z systemami PowerSeries NEO i PRO, dzi\u0119ki czemu idealnie nadaje si\u0119 do zapewnienia bezpiecze\u0144stwa Twojego domu lub firmy.<\/p>","protected":false},"featured_media":140631,"template":"","meta":{"_acf_changed":false},"product_brand":[],"product_cat":[1322,3337],"product_tag":[3311,2472],"class_list":{"0":"post-72426","1":"product","2":"type-product","3":"status-publish","4":"has-post-thumbnail","6":"product_cat-dsc-larm-neo-power-hybridlarm","7":"product_cat-magnetkontakt-pg","8":"product_tag-dsc-neo-svensk-manual","9":"product_tag-sbsc-larmklassr","10":"product_shipping_class-postnord-varubrev","11":"pa_brands-4dsc","12":"tm-has-options","14":"first","15":"instock","16":"sale","17":"featured","18":"taxable","19":"shipping-taxable","20":"purchasable","21":"product-type-simple"},"acf":[],"_links":{"self":[{"href":"https:\/\/secureus.se\/pl\/wp-json\/wp\/v2\/product\/72426","targetHints":{"allow":["GET"]}}],"collection":[{"href":"https:\/\/secureus.se\/pl\/wp-json\/wp\/v2\/product"}],"about":[{"href":"https:\/\/secureus.se\/pl\/wp-json\/wp\/v2\/types\/product"}],"wp:featuredmedia":[{"embeddable":true,"href":"https:\/\/secureus.se\/pl\/wp-json\/wp\/v2\/media\/140631"}],"wp:attachment":[{"href":"https:\/\/secureus.se\/pl\/wp-json\/wp\/v2\/media?parent=72426"}],"wp:term":[{"taxonomy":"product_brand","embeddable":true,"href":"https:\/\/secureus.se\/pl\/wp-json\/wp\/v2\/product_brand?post=72426"},{"taxonomy":"product_cat","embeddable":true,"href":"https:\/\/secureus.se\/pl\/wp-json\/wp\/v2\/product_cat?post=72426"},{"taxonomy":"product_tag","embeddable":true,"href":"https:\/\/secureus.se\/pl\/wp-json\/wp\/v2\/product_tag?post=72426"}],"curies":[{"name":"wp","href":"https:\/\/api.w.org\/{rel}","templated":true}]}}