{"id":72428,"date":"2023-01-23T09:55:43","date_gmt":"2023-01-23T08:55:43","guid":{"rendered":"https:\/\/secureus.se\/produkt\/neo-communicator-ip-4g-cell-eth-tl280le\/"},"modified":"2026-04-29T09:36:28","modified_gmt":"2026-04-29T07:36:28","slug":"dsc-dual-path-tl280le","status":"publish","type":"product","link":"https:\/\/secureus.se\/pl\/dsc-dual-path-tl280le\/","title":{"rendered":"DSC Dual Path TL280LE (Ethernet 4G IP)"},"content":{"rendered":"<p><strong>Podw\u00f3jna \u015bcie\u017cka DSC TL280LE<\/strong> to zaawansowany nadajnik-odbiornik radiowy zaprojektowany w celu zwi\u0119kszenia bezpiecze\u0144stwa i mo\u017cliwo\u015bci komunikacyjnych system\u00f3w alarmowych PowerSeries NEO.<\/p>\n<p>Obs\u0142uguj\u0105c zar\u00f3wno po\u0142\u0105czenia IP, jak i 4G, TL280LE oferuje podw\u00f3jn\u0105 \u015bcie\u017ck\u0119 komunikacji, zapewniaj\u0105c szybkie i niezawodne przesy\u0142anie komunikat\u00f3w alarmowych.<\/p>\n<p>Zosta\u0142 zaprojektowany do korzystania z sieci 2G, 3G i 4G, aby zapewni\u0107 maksymaln\u0105 niezawodno\u015b\u0107 i elastyczno\u015b\u0107.<\/p>\n<p>Urz\u0105dzenie jest \u0142atwe w monta\u017cu i umieszcza si\u0119 je w g\u0142\u00f3wnej obudowie centrali za pomoc\u0105 do\u0142\u0105czonej p\u0142yty monta\u017cowej.<\/p>\n<p>TL280LE obs\u0142uguje zdalne programowanie DLS i obs\u0142uguje formaty alarm\u00f3w, takie jak SIA i Contact ID.<\/p>\n<p>Jest r\u00f3wnie\u017c wyposa\u017cony we wska\u017anik stanu LED informuj\u0105cy o sile sygna\u0142u i obs\u0142udze b\u0142\u0119d\u00f3w.<\/p>\n<p>Przy poborze pr\u0105du wynosz\u0105cym 120 mA min i 400 mA max, TL280LE mo\u017cna \u0142atwo zintegrowa\u0107 z r\u00f3\u017cnymi rozwi\u0105zaniami bezpiecze\u0144stwa.<\/p>\n<p>Zapewnia 128-bitow\u0105 komunikacj\u0119 szyfrowan\u0105 AES, aby chroni\u0107 przesy\u0142ane dane, dodatkowo zwi\u0119kszaj\u0105c bezpiecze\u0144stwo.<\/p>\n<p>TL280LE jest kompatybilny z odbiornikami alarmowymi Sur-Gard System I-IP\/II\/III\/IV\/5 i oferuje elastyczne rozwi\u0105zanie zar\u00f3wno dla domu, jak i firmy.<\/p>\n<p>&nbsp;<\/p>","protected":false},"excerpt":{"rendered":"<p>DSC Dual Path TL280LE to nadajnik-odbiornik radiowy zapewniaj\u0105cy \u0142\u0105czno\u015b\u0107 IP i 4G dla system\u00f3w alarmowych PowerSeries NEO.<\/p>\n<p>Oferuje wysok\u0105 niezawodno\u015b\u0107 dzi\u0119ki obs\u0142udze sieci 2G, 3G i 4G i mo\u017ce by\u0107 u\u017cywany jako g\u0142\u00f3wny lub wt\u00f3rny nadajnik alarmowy.<\/p>\n<p>TL280LE jest \u0142atwy w instalacji i programowaniu, co czyni go optymalnym rozwi\u0105zaniem do niezawodnej transmisji alarm\u00f3w.<\/p>","protected":false},"featured_media":140655,"template":"","meta":{"_acf_changed":false},"product_brand":[],"product_cat":[3320,1322],"product_tag":[3311,3024],"class_list":{"0":"post-72428","1":"product","2":"type-product","3":"status-publish","4":"has-post-thumbnail","6":"product_cat-larmsandare-dsc-larm-neo-power-hybridlarm","7":"product_cat-dsc-larm-neo-power-hybridlarm","8":"product_tag-dsc-neo-svensk-manual","9":"product_tag-neo-gsm-ip-4g-larmsandare","10":"product_shipping_class-postnord-varubrev","11":"pa_brands-4dsc","12":"tm-has-options","14":"first","15":"instock","16":"sale","17":"featured","18":"taxable","19":"shipping-taxable","20":"purchasable","21":"product-type-simple"},"acf":[],"_links":{"self":[{"href":"https:\/\/secureus.se\/pl\/wp-json\/wp\/v2\/product\/72428","targetHints":{"allow":["GET"]}}],"collection":[{"href":"https:\/\/secureus.se\/pl\/wp-json\/wp\/v2\/product"}],"about":[{"href":"https:\/\/secureus.se\/pl\/wp-json\/wp\/v2\/types\/product"}],"wp:featuredmedia":[{"embeddable":true,"href":"https:\/\/secureus.se\/pl\/wp-json\/wp\/v2\/media\/140655"}],"wp:attachment":[{"href":"https:\/\/secureus.se\/pl\/wp-json\/wp\/v2\/media?parent=72428"}],"wp:term":[{"taxonomy":"product_brand","embeddable":true,"href":"https:\/\/secureus.se\/pl\/wp-json\/wp\/v2\/product_brand?post=72428"},{"taxonomy":"product_cat","embeddable":true,"href":"https:\/\/secureus.se\/pl\/wp-json\/wp\/v2\/product_cat?post=72428"},{"taxonomy":"product_tag","embeddable":true,"href":"https:\/\/secureus.se\/pl\/wp-json\/wp\/v2\/product_tag?post=72428"}],"curies":[{"name":"wp","href":"https:\/\/api.w.org\/{rel}","templated":true}]}}