{"id":72434,"date":"2023-01-23T09:55:42","date_gmt":"2023-01-23T08:55:42","guid":{"rendered":"https:\/\/secureus.se\/produkt\/dsc-neo-power-g-wireless-utomhus-ir-detektor-gardin-pg8902-2\/"},"modified":"2025-12-31T20:50:48","modified_gmt":"2025-12-31T19:50:48","slug":"dsc-pir-pg8902-outdoor-curtain-powerg","status":"publish","type":"product","link":"https:\/\/secureus.se\/pl\/dsc-pir-pg8902-outdoor-curtain-powerg\/","title":{"rendered":"DSC PIR PG8902 Zewn\u0119trzna kurtyna PowerG"},"content":{"rendered":"<p><strong>DSC PIR PG8902<\/strong> to innowacyjna bezprzewodowa czujka PIR zaprojektowana, aby zapewni\u0107 kompleksow\u0105 ochron\u0119, pe\u0142ni\u0105c funkcj\u0119 \u201ekurtyny\u201d dla drzwi i okien.<\/p>\n<p>Detektor ten ma imponuj\u0105cy zasi\u0119g wykrywania do 8 metr\u00f3w i wykorzystuje zaawansowan\u0105 technologi\u0119 PowerG, aby zapewni\u0107 niezawodne dzia\u0142anie i du\u017cy zasi\u0119g.<\/p>\n<p>Nadaje si\u0119 szczeg\u00f3lnie do \u015brodowisk komercyjnych, co czyni go solidnym i skutecznym rozwi\u0105zaniem zapewniaj\u0105cym bezpiecze\u0144stwo.<\/p>\n<p>PG8902 jest nie tylko kompaktowy i nowoczesny, ale tak\u017ce odporny na zwierz\u0119ta, co zmniejsza ryzyko fa\u0142szywych alarm\u00f3w spowodowanych przez zwierz\u0119ta.<\/p>\n<p>Dodatkowo posiada funkcj\u0119 antymaskingu, co zapewnia dodatkowe zabezpieczenie przed w\u0142amaniami.<\/p>\n<p>Dzi\u0119ki przewidywanej \u017cywotno\u015bci baterii do 5 lat przy normalnym u\u017cytkowaniu i \u0142atwej instalacji, czujka ta jest niezawodnym i praktycznym rozwi\u0105zaniem do ochrony domu lub firmy.<\/p>\n<p>Integruj\u0105c si\u0119 z systemem PowerSeries Neo, PG8902 mo\u017ce stanowi\u0107 kompleksowe rozwi\u0105zanie bezpiecze\u0144stwa, kt\u00f3re mo\u017ce monitorowa\u0107 do 128 stref i dostosowywa\u0107 si\u0119 do r\u00f3\u017cnych potrzeb bezpiecze\u0144stwa.<\/p>","protected":false},"excerpt":{"rendered":"<p>DSC PIR PG8902 to bezprzewodowa czujka zewn\u0119trzna, kt\u00f3ra dzia\u0142a jak kurtyna, chroni\u0105c okna i drzwi bez rolet.<\/p>\n<p>Dzi\u0119ki zasi\u0119gowi wykrywania do 8 metr\u00f3w i wbudowanej technologii PowerG oferuje wczesne wykrywanie w\u0142ama\u0144.<\/p>\n<p>Jest odporny na zwierz\u0119ta i ma zwart\u0105 konstrukcj\u0119, co u\u0142atwia instalacj\u0119 i konserwacj\u0119.<\/p>","protected":false},"featured_media":141684,"template":"","meta":{"_acf_changed":false},"product_brand":[],"product_cat":[3326,1322],"product_tag":[3311,3016,2472],"class_list":{"0":"post-72434","1":"product","2":"type-product","3":"status-publish","4":"has-post-thumbnail","6":"product_cat-rorelsedetektor","7":"product_cat-dsc-larm-neo-power-hybridlarm","8":"product_tag-dsc-neo-svensk-manual","9":"product_tag-neo-detektorer","10":"product_tag-sbsc-larmklassr","11":"product_shipping_class-postnord-varubrev","12":"pa_brands-4dsc","13":"tm-has-options","15":"first","16":"instock","17":"sale","18":"featured","19":"taxable","20":"shipping-taxable","21":"purchasable","22":"product-type-simple"},"acf":[],"_links":{"self":[{"href":"https:\/\/secureus.se\/pl\/wp-json\/wp\/v2\/product\/72434","targetHints":{"allow":["GET"]}}],"collection":[{"href":"https:\/\/secureus.se\/pl\/wp-json\/wp\/v2\/product"}],"about":[{"href":"https:\/\/secureus.se\/pl\/wp-json\/wp\/v2\/types\/product"}],"wp:featuredmedia":[{"embeddable":true,"href":"https:\/\/secureus.se\/pl\/wp-json\/wp\/v2\/media\/141684"}],"wp:attachment":[{"href":"https:\/\/secureus.se\/pl\/wp-json\/wp\/v2\/media?parent=72434"}],"wp:term":[{"taxonomy":"product_brand","embeddable":true,"href":"https:\/\/secureus.se\/pl\/wp-json\/wp\/v2\/product_brand?post=72434"},{"taxonomy":"product_cat","embeddable":true,"href":"https:\/\/secureus.se\/pl\/wp-json\/wp\/v2\/product_cat?post=72434"},{"taxonomy":"product_tag","embeddable":true,"href":"https:\/\/secureus.se\/pl\/wp-json\/wp\/v2\/product_tag?post=72434"}],"curies":[{"name":"wp","href":"https:\/\/api.w.org\/{rel}","templated":true}]}}