{"id":72435,"date":"2023-01-23T09:55:42","date_gmt":"2023-01-23T08:55:42","guid":{"rendered":"https:\/\/secureus.se\/produkt\/powerg-wireless-pir-360-20m-pg8872\/"},"modified":"2025-12-31T20:36:30","modified_gmt":"2025-12-31T19:36:30","slug":"dsc-ceiling-pir-pg8872","status":"publish","type":"product","link":"https:\/\/secureus.se\/pl\/dsc-ceiling-pir-pg8872\/","title":{"rendered":"Sufitowy DSC PIR PG8872 Bezprzewodowy daleki zasi\u0119g (20 m) 360\u00b0 PowerG PG8872"},"content":{"rendered":"<p><strong>Sufitowy PIR DSC PG8872<\/strong> to wysokowydajna bezprzewodowa czujka ruchu zaprojektowana tak, aby zapewnia\u0107 zasi\u0119g 360\u00b0, dzi\u0119ki czemu idealnie nadaje si\u0119 do zapewnienia bezpiecze\u0144stwa w du\u017cych pomieszczeniach i obiektach komercyjnych.<\/p>\n<p>Dzi\u0119ki promieniowi detekcji do 20 metr\u00f3w PG8872 zapewnia skuteczne monitorowanie ka\u017cdego zak\u0105tka pomieszczenia.<\/p>\n<p>Dyskretny design pozwala wtopi\u0107 si\u0119 w ka\u017cde otoczenie, co czyni go doskona\u0142ym wyborem zar\u00f3wno do pracy, jak i domu.<\/p>\n<p>Detektor ten jest nie tylko \u0142atwy w instalacji, ale tak\u017ce zapewnia szacowany czas pracy baterii wynosz\u0105cy 5 lat przy normalnym u\u017cytkowaniu, minimalizuj\u0105c potrzeb\u0119 cz\u0119stej wymiany baterii.<\/p>\n<p>W PG8872 zastosowano najnowsz\u0105 technologi\u0119 PowerG, kt\u00f3ra zapewnia du\u017cy zasi\u0119g i niezawodno\u015b\u0107 komunikacji.<\/p>\n<p>Dzi\u0119ki systemowi PowerSeries Neo mo\u017cna monitorowa\u0107 do 128 stref i konfigurowa\u0107 do 8 partycji, zapewniaj\u0105c indywidualne rozwi\u0105zanie bezpiecze\u0144stwa dla ka\u017cdej konkretnej sytuacji.<\/p>\n<p>DSC Ceiling PIR PG8872 to idealne rozwi\u0105zanie dla os\u00f3b poszukuj\u0105cych solidnej i wydajnej czujki ruchu, kt\u00f3ra \u0142\u0105czy w sobie innowacyjno\u015b\u0107 z \u0142atwo\u015bci\u0105 obs\u0142ugi.<\/p>","protected":false},"excerpt":{"rendered":"<p>DSC Ceiling PIR PG8872 to bezprzewodowa czujka PIR 360\u00b0, kt\u00f3ra zapewnia zasi\u0119g do 20 metr\u00f3w.<\/p>\n<p>Zaprojektowany specjalnie dla system\u00f3w PowerSeries Neo i Pro, jest wytrzyma\u0142y i idealny do \u015brodowisk komercyjnych.<\/p>\n<p>Nowoczesny, dyskretny design u\u0142atwia monta\u017c, a szacowany czas pracy baterii na poziomie 5 lat zapewnia d\u0142ugotrwa\u0142e u\u017cytkowanie.<\/p>\n<p>&nbsp;<\/p>","protected":false},"featured_media":141700,"template":"","meta":{"_acf_changed":false},"product_brand":[],"product_cat":[1322,3326],"product_tag":[3311,2472],"class_list":{"0":"post-72435","1":"product","2":"type-product","3":"status-publish","4":"has-post-thumbnail","6":"product_cat-dsc-larm-neo-power-hybridlarm","7":"product_cat-rorelsedetektor","8":"product_tag-dsc-neo-svensk-manual","9":"product_tag-sbsc-larmklassr","10":"product_shipping_class-postnord-varubrev","11":"pa_brands-4dsc","12":"tm-has-options","14":"first","15":"instock","16":"sale","17":"featured","18":"taxable","19":"shipping-taxable","20":"purchasable","21":"product-type-simple"},"acf":[],"_links":{"self":[{"href":"https:\/\/secureus.se\/pl\/wp-json\/wp\/v2\/product\/72435","targetHints":{"allow":["GET"]}}],"collection":[{"href":"https:\/\/secureus.se\/pl\/wp-json\/wp\/v2\/product"}],"about":[{"href":"https:\/\/secureus.se\/pl\/wp-json\/wp\/v2\/types\/product"}],"wp:featuredmedia":[{"embeddable":true,"href":"https:\/\/secureus.se\/pl\/wp-json\/wp\/v2\/media\/141700"}],"wp:attachment":[{"href":"https:\/\/secureus.se\/pl\/wp-json\/wp\/v2\/media?parent=72435"}],"wp:term":[{"taxonomy":"product_brand","embeddable":true,"href":"https:\/\/secureus.se\/pl\/wp-json\/wp\/v2\/product_brand?post=72435"},{"taxonomy":"product_cat","embeddable":true,"href":"https:\/\/secureus.se\/pl\/wp-json\/wp\/v2\/product_cat?post=72435"},{"taxonomy":"product_tag","embeddable":true,"href":"https:\/\/secureus.se\/pl\/wp-json\/wp\/v2\/product_tag?post=72435"}],"curies":[{"name":"wp","href":"https:\/\/api.w.org\/{rel}","templated":true}]}}