{"id":72437,"date":"2023-01-23T09:55:42","date_gmt":"2023-01-23T08:55:42","guid":{"rendered":"https:\/\/secureus.se\/produkt\/neo-communicator-4g-cellular-le2080\/"},"modified":"2026-05-06T18:10:11","modified_gmt":"2026-05-06T16:10:11","slug":"dsc-le2080-4g-alarm-communicator","status":"publish","type":"product","link":"https:\/\/secureus.se\/pl\/dsc-le2080-4g-alarm-communicator\/","title":{"rendered":"Nadajnik alarmowy DSC LE2080 4G LTE\/HSPA\/Internet kom\u00f3rkowy\/podw\u00f3jna \u015bcie\u017cka komunikatu alarmowego dla PowerSeries NEO"},"content":{"rendered":"<p><b>DSC LE2080 4G <\/b>\u00a0to zaawansowany nadajnik alarmowy zaprojektowany w celu zapewnienia niezawodnej i szybkiej komunikacji pomi\u0119dzy systemem alarmowym DSC NEO a central\u0105 alarmow\u0105.<\/p>\n<p>Dzi\u0119ki obs\u0142udze sieci 4G mo\u017cesz mie\u0107 pewno\u015b\u0107, \u017ce wiadomo\u015bci alarmowe dotr\u0105 do Ciebie bezpiecznie, nawet je\u015bli sie\u0107 3G zostanie wy\u0142\u0105czona.<\/p>\n<p>Mo\u017ce by\u0107 u\u017cywany jako g\u0142\u00f3wny lub wt\u00f3rny nadajnik alarmowy i zapewnia wysok\u0105 niezawodno\u015b\u0107 dzia\u0142ania dzi\u0119ki mo\u017cliwo\u015bci prze\u0142\u0105czania pomi\u0119dzy 2G, 3G i 4G.<\/p>\n<p>LE2080 jest kompatybilny ze zdalnym programowaniem poprzez DLS, co u\u0142atwia zarz\u0105dzanie ustawieniami systemu i aktualizacjami.<\/p>\n<p>Obs\u0142uguje formaty alarmowe SIA i Contact ID, posiada tak\u017ce funkcje SMS oraz mo\u017cliwo\u015b\u0107 transmisji obrazu z czujek kamer Neo.<\/p>\n<p>Instalacja jest prosta i odbywa si\u0119 za pomoc\u0105 do\u0142\u0105czonej p\u0142yty monta\u017cowej i kabla po\u0142\u0105czeniowego, a tak\u017ce anteny zapewniaj\u0105cej optymaln\u0105 si\u0142\u0119 sygna\u0142u.<\/p>\n<p>Dodatkowo LE2080 posiada atest SBSC w klasie alarmowej 2, co gwarantuje, \u017ce spe\u0142nia rygorystyczne normy bezpiecze\u0144stwa.<\/p>\n<p>Przy poborze pr\u0105du od 100 mA do 400 mA i zakresie temperatur od -10 do +55\u00b0C, ten nadajnik alarmowy jest solidnym rozwi\u0105zaniem zar\u00f3wno dla dom\u00f3w, jak i firm.<\/p>","protected":false},"excerpt":{"rendered":"<p>DSC LE2080 4G to zintegrowany nadajnik alarmowy dla system\u00f3w PowerSeries NEO, umo\u017cliwiaj\u0105cy komunikacj\u0119 za pomoc\u0105 technologii 4G.<\/p>\n<p>Dzi\u0119ki wysokiej niezawodno\u015bci dzia\u0142ania, uzyskanej dzi\u0119ki obs\u0142udze sieci 2G, 3G i szczeg\u00f3lnie 4G, urz\u0105dzenie mo\u017ce pe\u0142ni\u0107 funkcj\u0119 podstawowego lub dodatkowego nadajnika alarmowego.<\/p>\n<p>LE2080 obs\u0142uguje zdalne programowanie i obs\u0142uguje r\u00f3\u017cne formaty alarm\u00f3w, w tym funkcje SMS i transmisj\u0119 obrazu z detektor\u00f3w kamer.<\/p>","protected":false},"featured_media":140828,"template":"","meta":{"_acf_changed":false},"product_brand":[],"product_cat":[3320,1322],"product_tag":[3311,3024],"class_list":{"0":"post-72437","1":"product","2":"type-product","3":"status-publish","4":"has-post-thumbnail","6":"product_cat-larmsandare-dsc-larm-neo-power-hybridlarm","7":"product_cat-dsc-larm-neo-power-hybridlarm","8":"product_tag-dsc-neo-svensk-manual","9":"product_tag-neo-gsm-ip-4g-larmsandare","10":"product_shipping_class-tunga-paket","11":"pa_brands-4dsc","12":"tm-has-options","14":"first","15":"instock","16":"sale","17":"featured","18":"taxable","19":"shipping-taxable","20":"purchasable","21":"product-type-simple"},"acf":[],"_links":{"self":[{"href":"https:\/\/secureus.se\/pl\/wp-json\/wp\/v2\/product\/72437","targetHints":{"allow":["GET"]}}],"collection":[{"href":"https:\/\/secureus.se\/pl\/wp-json\/wp\/v2\/product"}],"about":[{"href":"https:\/\/secureus.se\/pl\/wp-json\/wp\/v2\/types\/product"}],"wp:featuredmedia":[{"embeddable":true,"href":"https:\/\/secureus.se\/pl\/wp-json\/wp\/v2\/media\/140828"}],"wp:attachment":[{"href":"https:\/\/secureus.se\/pl\/wp-json\/wp\/v2\/media?parent=72437"}],"wp:term":[{"taxonomy":"product_brand","embeddable":true,"href":"https:\/\/secureus.se\/pl\/wp-json\/wp\/v2\/product_brand?post=72437"},{"taxonomy":"product_cat","embeddable":true,"href":"https:\/\/secureus.se\/pl\/wp-json\/wp\/v2\/product_cat?post=72437"},{"taxonomy":"product_tag","embeddable":true,"href":"https:\/\/secureus.se\/pl\/wp-json\/wp\/v2\/product_tag?post=72437"}],"curies":[{"name":"wp","href":"https:\/\/api.w.org\/{rel}","templated":true}]}}