{"id":72439,"date":"2023-01-23T09:55:42","date_gmt":"2023-01-23T08:55:42","guid":{"rendered":"https:\/\/secureus.se\/produkt\/neo-knappsats-touchscreen-hs2tchp-svart-engelsk-2\/"},"modified":"2025-12-31T20:51:00","modified_gmt":"2025-12-31T19:51:00","slug":"dsc-hs2tchp-touchscreen-black","status":"publish","type":"product","link":"https:\/\/secureus.se\/pl\/dsc-hs2tchp-touchscreen-black\/","title":{"rendered":"DSC HS2TCHP TouchScreen 7-calowa klawiatura z obs\u0142ug\u0105 Proxv Czarny (angielski + 5 j\u0119zyk\u00f3w)"},"content":{"rendered":"<h1>DSC HS2TCHP 7-calowa klawiatura z ekranem dotykowym i obs\u0142ug\u0105 Prox<\/h1>\n<p><strong>DSC HS2TCHP Klawiatura z ekranem dotykowym<\/strong> to najlepsze rozwi\u0105zanie umo\u017cliwiaj\u0105ce prost\u0105 i wizualn\u0105 kontrol\u0119 <strong>System bezpiecze\u0144stwa PowerSeries NEO<\/strong>.<\/p>\n<p>Dzi\u0119ki 7-calowemu, kolorowemu ekranowi o wysokiej rozdzielczo\u015bci i intuicyjnemu interfejsowi zapewnia u\u017cytkownikom nowoczesne i wydajne mo\u017cliwo\u015bci monitorowania i sterowania.<\/p>\n<h5>G\u0142\u00f3wne funkcje<\/h5>\n<ul>\n<li><strong>7-calowy ekran dotykowy<\/strong>: Du\u017cy, kolorowy wy\u015bwietlacz o wysokiej rozdzielczo\u015bci, zapewniaj\u0105cy przejrzysty przegl\u0105d i \u0142atw\u0105 nawigacj\u0119.<\/li>\n<li><strong>Wsparcie Proxa<\/strong>: Szybki dost\u0119p dzi\u0119ki znacznikom MPT Prox zapewniaj\u0105cym \u0142atwo\u015b\u0107 u\u017cycia i elastyczno\u015b\u0107.<\/li>\n<li><strong>Wieloj\u0119zyczny interfejs<\/strong>: Obs\u0142uga 6 j\u0119zyk\u00f3w: angielskiego, francuskiego, w\u0142oskiego, niemieckiego, holenderskiego i polskiego.<\/li>\n<li><strong>Konfigurowalna strona g\u0142\u00f3wna<\/strong>: Skonfiguruj ekran g\u0142\u00f3wny wed\u0142ug indywidualnych potrzeb, aby uzyska\u0107 \u0142atwy dost\u0119p do najwa\u017cniejszych funkcji.<\/li>\n<li><strong>Wska\u017aniki stanu LED<\/strong>: Szybko i wyra\u017anie wy\u015bwietla stan systemu, w tym gotowo\u015b\u0107, alarm, awari\u0119 i zasilanie sieciowe.<\/li>\n<li><strong>Klawiatura QWERTY<\/strong>: Proste programowanie etykiet i zarz\u0105dzanie ustawieniami.<\/li>\n<\/ul>\n<h5>Korzy\u015bci<\/h5>\n<ul>\n<li><strong>Kontrola wizualna<\/strong>: Ekran dotykowy zapewnia intuicyjn\u0105 i wizualn\u0105 kontrol\u0119 systemu bezpiecze\u0144stwa.<\/li>\n<li><strong>Szybkie i \u0142atwe u\u017cycie<\/strong>: Obs\u0142uga Prox umo\u017cliwia szybki dost\u0119p bez konieczno\u015bci zapami\u0119tywania kod\u00f3w.<\/li>\n<li><strong>Elastyczno\u015b\u0107<\/strong>: Nadaje si\u0119 zar\u00f3wno do dom\u00f3w, jak i firm wymagaj\u0105cych nowoczesnego monitorowania bezpiecze\u0144stwa.<\/li>\n<li><strong>Cyfrowe wy\u015bwietlanie obrazu<\/strong>: Mo\u017cliwo\u015b\u0107 wy\u015bwietlania niestandardowych obraz\u00f3w za pomoc\u0105 zintegrowanej karty SD.<\/li>\n<\/ul>\n<h5>Obszary zastosowa\u0144<\/h5>\n<ul>\n<li><strong>Rezydencje<\/strong>: Zapewnia proste i wizualne monitorowanie system\u00f3w bezpiecze\u0144stwa w domu.<\/li>\n<li><strong>Budynki Handlowe<\/strong>: Idealny dla biur i firm wymagaj\u0105cych elastycznego i przyjaznego dla u\u017cytkownika sterowania.<\/li>\n<li><strong>\u015arodowiska wielu u\u017cytkownik\u00f3w<\/strong>: Idealny dla witryn dla wielu u\u017cytkownik\u00f3w dzi\u0119ki obs\u0142udze Prox i wyborowi j\u0119zyka.<\/li>\n<\/ul>\n<p>Z <strong>DSC HS2TCHP<\/strong> otrzymujesz przyjazn\u0105 dla u\u017cytkownika, stylow\u0105 i funkcjonaln\u0105 klawiatur\u0119, kt\u00f3ra \u0142\u0105czy w sobie nowoczesn\u0105 technologi\u0119 z \u0142atw\u0105 instalacj\u0105 i niezawodnym dzia\u0142aniem.<\/p>","protected":false},"excerpt":{"rendered":"<p>DSC HS2TCHP to 7-calowa klawiatura z ekranem dotykowym z obs\u0142ug\u0105 Prox, kt\u00f3ra zapewnia intuicyjne sterowanie PowerSeries NEO.<\/p>\n<p>Konfigurowalny wy\u015bwietlacz, wska\u017aniki stanu LED i obs\u0142uga wielu j\u0119zyk\u00f3w.<\/p>\n<p>&nbsp;<\/p>","protected":false},"featured_media":140980,"template":"","meta":{"_acf_changed":false},"product_brand":[],"product_cat":[3329,1322],"product_tag":[3311,3028,3029],"class_list":{"0":"post-72439","1":"product","2":"type-product","3":"status-publish","4":"has-post-thumbnail","6":"product_cat-knappsats-kod","7":"product_cat-dsc-larm-neo-power-hybridlarm","8":"product_tag-dsc-neo-svensk-manual","9":"product_tag-neo-knappsats-manoverpaneler","10":"product_tag-neo-dsc-knappsats-manoverpaneler","11":"product_shipping_class-postnord-varubrev","12":"pa_brands-4dsc","13":"tm-has-options","15":"first","16":"onbackorder","17":"sale","18":"featured","19":"taxable","20":"shipping-taxable","21":"purchasable","22":"product-type-simple"},"acf":[],"_links":{"self":[{"href":"https:\/\/secureus.se\/pl\/wp-json\/wp\/v2\/product\/72439","targetHints":{"allow":["GET"]}}],"collection":[{"href":"https:\/\/secureus.se\/pl\/wp-json\/wp\/v2\/product"}],"about":[{"href":"https:\/\/secureus.se\/pl\/wp-json\/wp\/v2\/types\/product"}],"wp:featuredmedia":[{"embeddable":true,"href":"https:\/\/secureus.se\/pl\/wp-json\/wp\/v2\/media\/140980"}],"wp:attachment":[{"href":"https:\/\/secureus.se\/pl\/wp-json\/wp\/v2\/media?parent=72439"}],"wp:term":[{"taxonomy":"product_brand","embeddable":true,"href":"https:\/\/secureus.se\/pl\/wp-json\/wp\/v2\/product_brand?post=72439"},{"taxonomy":"product_cat","embeddable":true,"href":"https:\/\/secureus.se\/pl\/wp-json\/wp\/v2\/product_cat?post=72439"},{"taxonomy":"product_tag","embeddable":true,"href":"https:\/\/secureus.se\/pl\/wp-json\/wp\/v2\/product_tag?post=72439"}],"curies":[{"name":"wp","href":"https:\/\/api.w.org\/{rel}","templated":true}]}}