{"id":72444,"date":"2023-01-23T09:55:41","date_gmt":"2023-01-23T08:55:41","guid":{"rendered":"https:\/\/secureus.se\/produkt\/dsc-neo-power-g-wireless-utomhus-magnetkontakt-pg8312-2\/"},"modified":"2026-02-26T10:34:28","modified_gmt":"2026-02-26T09:34:28","slug":"dsc-magnetkontakt-pg8312","status":"publish","type":"product","link":"https:\/\/secureus.se\/pl\/dsc-magnetkontakt-pg8312\/","title":{"rendered":"Kontakt magnetyczny DSC PG8312 Bezprzewodowy kontakt zewn\u0119trzny PowerG"},"content":{"rendered":"<p><b>Styk magnetyczny DSC PG8312\u00a0<\/b>to doskona\u0142e rozwi\u0105zanie w zakresie zabezpiecze\u0144 zewn\u0119trznych, przeznaczone do ochrony okien, drzwi i bram przed dost\u0119pem os\u00f3b niepowo\u0142anych.<\/p>\n<p>Wyposa\u017cony w najnowsz\u0105 technologi\u0119 PowerG, PG8312 oferuje dwukierunkow\u0105 komunikacj\u0119 i niezawodn\u0105 wydajno\u015b\u0107, kt\u00f3ra gwarantuje, \u017ce Tw\u00f3j system bezpiecze\u0144stwa b\u0119dzie zawsze aktywny.<\/p>\n<p>Dzi\u0119ki odleg\u0142o\u015bci wykrywania do 8 metr\u00f3w i certyfikatowi IP66 mo\u017ce wytrzyma\u0107 trudne warunki pogodowe i jest zbudowany tak, aby przetrwa\u0107 w trudnych warunkach.<\/p>\n<p>Jedn\u0105 z najbardziej godnych uwagi cech PG8312 jest du\u017ca tolerancja szczeliny, kt\u00f3ra zmniejsza ryzyko fa\u0142szywych alarm\u00f3w i znacznie u\u0142atwia instalacj\u0119.<\/p>\n<p>Ponadto kontakt magnetyczny ma szacowan\u0105 \u017cywotno\u015b\u0107 baterii do 5 lat przy normalnym u\u017cytkowaniu, co czyni go op\u0142acalnym rozwi\u0105zaniem zapewniaj\u0105cym d\u0142ugoterminowe bezpiecze\u0144stwo.<\/p>\n<p>Styk magnetyczny DSC PG8312 jest cz\u0119\u015bci\u0105 systemu PowerSeries Neo, co oznacza, \u017ce mo\u017cna go bezproblemowo zintegrowa\u0107 z innymi komponentami bezpiecze\u0144stwa, tworz\u0105c kompleksowe i dostosowane do indywidualnych potrzeb rozwi\u0105zanie bezpiecze\u0144stwa.<\/p>\n<p>Dzi\u0119ki temu produktowi zyskujesz po\u0142\u0105czenie innowacyjnej technologii i \u0142atwo\u015bci obs\u0142ugi, co daje Ci bezpiecze\u0144stwo i spok\u00f3j ducha.<\/p>","protected":false},"excerpt":{"rendered":"<p>Kontakt magnetyczny DSC PG8312 to bezprzewodowy zewn\u0119trzny kontakt magnetyczny zapewniaj\u0105cy niezawodn\u0105 ochron\u0119 okien, drzwi i bram.<\/p>\n<p>Dzi\u0119ki certyfikatowi IP66 dzia\u0142a skutecznie w ekstremalnych warunkach pogodowych, a \u017cywotno\u015b\u0107 baterii wynosi do 5 lat.<\/p>\n<p>Du\u017ca tolerancja odst\u0119pu minimalizuje fa\u0142szywe alarmy i u\u0142atwia instalacj\u0119, co czyni go idealnym rozwi\u0105zaniem zar\u00f3wno dla system\u00f3w bezpiecze\u0144stwa w budynkach mieszkalnych, jak i komercyjnych.<\/p>","protected":false},"featured_media":140836,"template":"","meta":{"_acf_changed":false},"product_brand":[],"product_cat":[1322,3337],"product_tag":[3311,2472],"class_list":{"0":"post-72444","1":"product","2":"type-product","3":"status-publish","4":"has-post-thumbnail","6":"product_cat-dsc-larm-neo-power-hybridlarm","7":"product_cat-magnetkontakt-pg","8":"product_tag-dsc-neo-svensk-manual","9":"product_tag-sbsc-larmklassr","10":"product_shipping_class-postnord-varubrev","11":"pa_brands-4dsc","12":"tm-has-options","14":"first","15":"instock","16":"sale","17":"featured","18":"taxable","19":"shipping-taxable","20":"purchasable","21":"product-type-simple"},"acf":[],"_links":{"self":[{"href":"https:\/\/secureus.se\/pl\/wp-json\/wp\/v2\/product\/72444","targetHints":{"allow":["GET"]}}],"collection":[{"href":"https:\/\/secureus.se\/pl\/wp-json\/wp\/v2\/product"}],"about":[{"href":"https:\/\/secureus.se\/pl\/wp-json\/wp\/v2\/types\/product"}],"wp:featuredmedia":[{"embeddable":true,"href":"https:\/\/secureus.se\/pl\/wp-json\/wp\/v2\/media\/140836"}],"wp:attachment":[{"href":"https:\/\/secureus.se\/pl\/wp-json\/wp\/v2\/media?parent=72444"}],"wp:term":[{"taxonomy":"product_brand","embeddable":true,"href":"https:\/\/secureus.se\/pl\/wp-json\/wp\/v2\/product_brand?post=72444"},{"taxonomy":"product_cat","embeddable":true,"href":"https:\/\/secureus.se\/pl\/wp-json\/wp\/v2\/product_cat?post=72444"},{"taxonomy":"product_tag","embeddable":true,"href":"https:\/\/secureus.se\/pl\/wp-json\/wp\/v2\/product_tag?post=72444"}],"curies":[{"name":"wp","href":"https:\/\/api.w.org\/{rel}","templated":true}]}}