{"id":72448,"date":"2023-01-23T09:55:40","date_gmt":"2023-01-23T08:55:40","guid":{"rendered":"https:\/\/secureus.se\/produkt\/dsc-neo-knappsats-hs2-led-lysdioder-2\/"},"modified":"2026-04-17T09:56:01","modified_gmt":"2026-04-17T07:56:01","slug":"dsc-hardwired-keypad-ledh","status":"publish","type":"product","link":"https:\/\/secureus.se\/pl\/dsc-hardwired-keypad-ledh\/","title":{"rendered":"Klawiatura przewodowa DSC HS2LED LEDH z diodami LED"},"content":{"rendered":"<p><strong>Dioda LED klawiatury przewodowej DSC<\/strong> to wszechstronny i niedrogi panel sterowania, kt\u00f3ry zapewnia \u0142atw\u0105 kontrol\u0119 nad systemem bezpiecze\u0144stwa.<\/p>\n<p>Jest przeznaczony do wsp\u00f3\u0142pracy z systemami alarmowymi DSC Neo i posiada wska\u017aniki LED, kt\u00f3re u\u0142atwiaj\u0105 odczytanie stanu a\u017c 16 sekcji.<\/p>\n<p>Ta klawiatura idealnie nadaje si\u0119 do instalacji w lokalizacjach z wieloma drzwiami, umo\u017cliwiaj\u0105c szybkie w\u0142\u0105czenie lub wy\u0142\u0105czenie alarmu.<\/p>\n<p>Dzi\u0119ki 5 klawiszom funkcyjnym skr\u00f3t\u00f3w i 3 klawiszom awaryjnym klawiatura jest przyjazna dla u\u017cytkownika i praktyczna.<\/p>\n<p>Zawiera r\u00f3wnie\u017c z\u0142\u0105cze \u015brubowe, kt\u00f3re mo\u017cna wykorzysta\u0107 jako wej\u015bcie sekcji przewodowej lub wyj\u015bcie PGM, zapewniaj\u0105c dodatkow\u0105 elastyczno\u015b\u0107 podczas instalacji.<\/p>\n<p>Zaprojektowana tak, aby pasowa\u0142a do r\u00f3\u017cnych \u015brodowisk, klawiatura przewodowa DSC LEDH zapewnia stabilno\u015b\u0107 i niezawodno\u015b\u0107.<\/p>\n<p>Integruj\u0105c t\u0119 klawiatur\u0119 z alarmem, mo\u017cesz cieszy\u0107 si\u0119 p\u0142ynnym i skutecznym rozwi\u0105zaniem bezpiecze\u0144stwa, zar\u00f3wno w domu, jak i obiekcie komercyjnym.<\/p>","protected":false},"excerpt":{"rendered":"<p>Klawiatura przewodowa DSC LEDH to ekonomiczny panel sterowania ze wskazaniami LED do system\u00f3w alarmowych Neo.<\/p>\n<p>Idealny do sterowania alarmem w dodatkowych drzwiach i dostosowywania rozwi\u0105za\u0144 bezpiecze\u0144stwa dla maksymalnie 16 sekcji.<\/p>\n<p>&nbsp;<\/p>","protected":false},"featured_media":141719,"template":"","meta":{"_acf_changed":false},"product_brand":[],"product_cat":[1322,3329],"product_tag":[3311,3027],"class_list":{"0":"post-72448","1":"product","2":"type-product","3":"status-publish","4":"has-post-thumbnail","6":"product_cat-dsc-larm-neo-power-hybridlarm","7":"product_cat-knappsats-kod","8":"product_tag-dsc-neo-svensk-manual","9":"product_tag-power-pc1616-1864-aldre-versionen-av-neo","10":"product_shipping_class-postnord-varubrev","11":"pa_brands-4dsc","12":"tm-has-options","14":"first","15":"instock","16":"sale","17":"featured","18":"taxable","19":"shipping-taxable","20":"purchasable","21":"product-type-simple"},"acf":[],"_links":{"self":[{"href":"https:\/\/secureus.se\/pl\/wp-json\/wp\/v2\/product\/72448","targetHints":{"allow":["GET"]}}],"collection":[{"href":"https:\/\/secureus.se\/pl\/wp-json\/wp\/v2\/product"}],"about":[{"href":"https:\/\/secureus.se\/pl\/wp-json\/wp\/v2\/types\/product"}],"wp:featuredmedia":[{"embeddable":true,"href":"https:\/\/secureus.se\/pl\/wp-json\/wp\/v2\/media\/141719"}],"wp:attachment":[{"href":"https:\/\/secureus.se\/pl\/wp-json\/wp\/v2\/media?parent=72448"}],"wp:term":[{"taxonomy":"product_brand","embeddable":true,"href":"https:\/\/secureus.se\/pl\/wp-json\/wp\/v2\/product_brand?post=72448"},{"taxonomy":"product_cat","embeddable":true,"href":"https:\/\/secureus.se\/pl\/wp-json\/wp\/v2\/product_cat?post=72448"},{"taxonomy":"product_tag","embeddable":true,"href":"https:\/\/secureus.se\/pl\/wp-json\/wp\/v2\/product_tag?post=72448"}],"curies":[{"name":"wp","href":"https:\/\/api.w.org\/{rel}","templated":true}]}}