{"id":72451,"date":"2023-01-23T09:55:40","date_gmt":"2023-01-23T08:55:40","guid":{"rendered":"https:\/\/secureus.se\/produkt\/neo-keypad-lcd-w-transceiver-hs2lcdrf-svensk-text\/"},"modified":"2026-01-06T20:52:12","modified_gmt":"2026-01-06T19:52:12","slug":"dsc-keypad-hs2lcdrf","status":"publish","type":"product","link":"https:\/\/secureus.se\/pl\/dsc-keypad-hs2lcdrf\/","title":{"rendered":"Klawiatura DSC HS2LCDRF \u2013 radio bezprzewodowe\/nadawczo-odbiorcze, tekst w j\u0119zyku szwedzkim"},"content":{"rendered":"<p><strong>Klawiatura DSC HS2LCDRF<\/strong> to zaawansowana klawiatura bezprzewodowa przeznaczona do wsp\u00f3\u0142pracy z systemami alarmowymi DSC Neo.<\/p>\n<p>Posiada czytelny wy\u015bwietlacz LCD z obs\u0142ug\u0105 j\u0119zyka szwedzkiego i kilku innych j\u0119zyk\u00f3w, co sprawia, \u017ce jest \u0142atwy w obs\u0142udze dla ka\u017cdego u\u017cytkownika.<\/p>\n<p>Wbudowany odbiornik radiowy umo\u017cliwia \u0142atw\u0105 integracj\u0119 z czujnikami bezprzewodowymi i innymi produktami Neo, zapewniaj\u0105c elastyczne i daj\u0105ce si\u0119 dostosowa\u0107 rozwi\u0105zanie bezpiecze\u0144stwa.<\/p>\n<p>Klawiatura wyposa\u017cona jest w dowolnie programowalne teksty dla stref i obszar\u00f3w alarmowych, co u\u0142atwia dostosowanie komunikat\u00f3w dla r\u00f3\u017cnych stref bezpiecze\u0144stwa.<\/p>\n<p>Posiada pi\u0119\u0107 przycisk\u00f3w funkcyjnych do szybkich polece\u0144, trzy przyciski awaryjne i z\u0142\u0105cze \u015brubowe, kt\u00f3re mo\u017cna wykorzysta\u0107 jako wej\u015bcie sekcji przewodowej lub wyj\u015bcie PGM.<\/p>\n<p>Przy poborze pr\u0105du wynosz\u0105cym zaledwie 55-105 mA, HS2LCDRF jest zar\u00f3wno energooszcz\u0119dny, jak i niezawodny.<\/p>\n<p>System PowerSeries Neo jest wyj\u0105tkowy w przypadku du\u017cych instalacji, poniewa\u017c mo\u017ce monitorowa\u0107 do 128 stref i umo\u017cliwia niestandardowe rozwi\u0105zania bezpiecze\u0144stwa z o\u015bmioma partycjami.<\/p>\n<p>Klawiatura DSC HS2LCDRF \u0142\u0105czy w sobie stabilno\u015b\u0107 system\u00f3w przewodowych z elastyczno\u015bci\u0105 urz\u0105dze\u0144 bezprzewodowych, dzi\u0119ki czemu jest idealnym rozwi\u0105zaniem zar\u00f3wno dla domu, jak i firmy.<\/p>","protected":false},"excerpt":{"rendered":"<p>DSC Keypad HS2LCDRF to bezprzewodowa klawiatura z wy\u015bwietlaczem LCD obs\u0142uguj\u0105ca kilka j\u0119zyk\u00f3w, w tym szwedzki.<\/p>\n<p>Przeznaczony jest do system\u00f3w alarmowych Neo i posiada wbudowane radio umo\u017cliwiaj\u0105ce pod\u0142\u0105czenie czujnik\u00f3w bezprzewodowych.<\/p>\n<p>Dzi\u0119ki programowalnym tekstom, 5 przyciskom funkcyjnym i 3 przyciskom alarmowym oferuje zar\u00f3wno funkcjonalno\u015b\u0107, jak i \u0142atwo\u015b\u0107 obs\u0142ugi, co czyni go doskona\u0142ym wyborem zar\u00f3wno dla dom\u00f3w, jak i firm.<\/p>","protected":false},"featured_media":141733,"template":"","meta":{"_acf_changed":false},"product_brand":[],"product_cat":[3329,1322],"product_tag":[3311,3028,3029],"class_list":{"0":"post-72451","1":"product","2":"type-product","3":"status-publish","4":"has-post-thumbnail","6":"product_cat-knappsats-kod","7":"product_cat-dsc-larm-neo-power-hybridlarm","8":"product_tag-dsc-neo-svensk-manual","9":"product_tag-neo-knappsats-manoverpaneler","10":"product_tag-neo-dsc-knappsats-manoverpaneler","11":"product_shipping_class-tunga-paket","12":"pa_brands-4dsc","13":"tm-has-options","15":"first","16":"outofstock","17":"sale","18":"taxable","19":"shipping-taxable","20":"purchasable","21":"product-type-simple"},"acf":[],"_links":{"self":[{"href":"https:\/\/secureus.se\/pl\/wp-json\/wp\/v2\/product\/72451","targetHints":{"allow":["GET"]}}],"collection":[{"href":"https:\/\/secureus.se\/pl\/wp-json\/wp\/v2\/product"}],"about":[{"href":"https:\/\/secureus.se\/pl\/wp-json\/wp\/v2\/types\/product"}],"wp:featuredmedia":[{"embeddable":true,"href":"https:\/\/secureus.se\/pl\/wp-json\/wp\/v2\/media\/141733"}],"wp:attachment":[{"href":"https:\/\/secureus.se\/pl\/wp-json\/wp\/v2\/media?parent=72451"}],"wp:term":[{"taxonomy":"product_brand","embeddable":true,"href":"https:\/\/secureus.se\/pl\/wp-json\/wp\/v2\/product_brand?post=72451"},{"taxonomy":"product_cat","embeddable":true,"href":"https:\/\/secureus.se\/pl\/wp-json\/wp\/v2\/product_cat?post=72451"},{"taxonomy":"product_tag","embeddable":true,"href":"https:\/\/secureus.se\/pl\/wp-json\/wp\/v2\/product_tag?post=72451"}],"curies":[{"name":"wp","href":"https:\/\/api.w.org\/{rel}","templated":true}]}}