{"id":72457,"date":"2023-01-23T09:55:39","date_gmt":"2023-01-23T08:55:39","guid":{"rendered":"https:\/\/secureus.se\/produkt\/dsc-neo-knappsats-tradbunden-hs2lcdrfp-med-powerg-transceiver-prox-engelsk-text-2\/"},"modified":"2026-01-06T20:43:39","modified_gmt":"2026-01-06T19:43:39","slug":"dsc-hs2lcdrfp-hardwired-keypad-prox-sve","status":"publish","type":"product","link":"https:\/\/secureus.se\/pl\/dsc-hs2lcdrfp-hardwired-keypad-prox-sve\/","title":{"rendered":"DSC HS2LCDRFP Przewodowa klawiatura Prox z radiem PowerG \u2013 tekst w j\u0119zyku szwedzkim"},"content":{"rendered":"<p><strong>Klawiatura przewodowa DSC HS2LCDRFP<\/strong> to uniwersalna klawiatura z wy\u015bwietlaczem LCD i tekstem w j\u0119zyku szwedzkim, idealna do stosowania w systemach alarmowych DSC Neo.<\/p>\n<p>Wyposa\u017cony jest we wbudowany odbiornik radiowy, kt\u00f3ry umo\u017cliwia rozbudow\u0119 czujnik\u00f3w bezprzewodowych oraz innych produkt\u00f3w Neo.<\/p>\n<p>Klawiatura obs\u0142uguje r\u00f3wnie\u017c czytnik Prox\/EM dla \u0142atwej kontroli dost\u0119pu.<\/p>\n<p>Dzi\u0119ki dowolnie programowalnym tekstom dla stref i obszar\u00f3w alarmowych u\u017cytkownicy mog\u0105 z \u0142atwo\u015bci\u0105 dostosowa\u0107 system do swoich potrzeb.<\/p>\n<p>Manipulator posiada pami\u0119\u0107 zdarze\u0144 czyteln\u0105 na wy\u015bwietlaczu oraz zawiera 5 klawiszy funkcyjnych do kr\u00f3tkich polece\u0144 oraz 3 klawisze awaryjne.<\/p>\n<p>Dzi\u0119ki po\u0142\u0105czeniu \u015brubowemu mo\u017cna go u\u017cywa\u0107 jako przewodowego wej\u015bcia sekcji lub wyj\u015bcia PGM.<\/p>\n<p>Przy poborze pr\u0105du od 55 do 105 mA, HS2LCDRFP jest zar\u00f3wno wydajny, jak i \u0142atwy w u\u017cyciu.<\/p>\n<p>\u0141\u0105cz\u0105c stabilno\u015b\u0107 przewodow\u0105 z elastyczno\u015bci\u0105 bezprzewodow\u0105, ta klawiatura stanowi idealne rozwi\u0105zanie zar\u00f3wno dla obiekt\u00f3w mieszkalnych, jak i komercyjnych.<\/p>","protected":false},"excerpt":{"rendered":"<p>DSC HS2LCDRFP to klawiatura przewodowa z tekstem w j\u0119zyku szwedzkim i wbudowanym czytnikiem Prox, przeznaczona do system\u00f3w alarmowych Neo.<\/p>\n<p>Oferuje kontrol\u0119 funkcjonaln\u0105 i monitorowanie a\u017c 16 sekcji.<\/p>","protected":false},"featured_media":140994,"template":"","meta":{"_acf_changed":false},"product_brand":[],"product_cat":[3329,1322],"product_tag":[3311,3028,3029],"class_list":{"0":"post-72457","1":"product","2":"type-product","3":"status-publish","4":"has-post-thumbnail","6":"product_cat-knappsats-kod","7":"product_cat-dsc-larm-neo-power-hybridlarm","8":"product_tag-dsc-neo-svensk-manual","9":"product_tag-neo-knappsats-manoverpaneler","10":"product_tag-neo-dsc-knappsats-manoverpaneler","11":"product_shipping_class-postnord-varubrev","12":"pa_brands-4dsc","13":"tm-has-options","15":"first","16":"outofstock","17":"sale","18":"featured","19":"taxable","20":"shipping-taxable","21":"purchasable","22":"product-type-simple"},"acf":[],"_links":{"self":[{"href":"https:\/\/secureus.se\/pl\/wp-json\/wp\/v2\/product\/72457","targetHints":{"allow":["GET"]}}],"collection":[{"href":"https:\/\/secureus.se\/pl\/wp-json\/wp\/v2\/product"}],"about":[{"href":"https:\/\/secureus.se\/pl\/wp-json\/wp\/v2\/types\/product"}],"wp:featuredmedia":[{"embeddable":true,"href":"https:\/\/secureus.se\/pl\/wp-json\/wp\/v2\/media\/140994"}],"wp:attachment":[{"href":"https:\/\/secureus.se\/pl\/wp-json\/wp\/v2\/media?parent=72457"}],"wp:term":[{"taxonomy":"product_brand","embeddable":true,"href":"https:\/\/secureus.se\/pl\/wp-json\/wp\/v2\/product_brand?post=72457"},{"taxonomy":"product_cat","embeddable":true,"href":"https:\/\/secureus.se\/pl\/wp-json\/wp\/v2\/product_cat?post=72457"},{"taxonomy":"product_tag","embeddable":true,"href":"https:\/\/secureus.se\/pl\/wp-json\/wp\/v2\/product_tag?post=72457"}],"curies":[{"name":"wp","href":"https:\/\/api.w.org\/{rel}","templated":true}]}}