{"id":72808,"date":"2023-02-27T12:24:03","date_gmt":"2023-02-27T11:24:03","guid":{"rendered":"https:\/\/secureus.se\/produkt\/centralkort-hs2016-neo\/"},"modified":"2026-04-01T14:01:55","modified_gmt":"2026-04-01T12:01:55","slug":"dsc-security-control-panel-hs2016","status":"publish","type":"product","link":"https:\/\/secureus.se\/pl\/dsc-security-control-panel-hs2016\/","title":{"rendered":"Panel sterowania bezpiecze\u0144stwem DSC HS2016"},"content":{"rendered":"<p><strong>Panel sterowania bezpiecze\u0144stwem DSC HS2016<\/strong> to karta centralna zaprojektowana z my\u015bl\u0105 o zapewnieniu wysokiego bezpiecze\u0144stwa i elastyczno\u015bci. Obs\u0142uguje a\u017c 16 sekcji i posiada 8 wbudowanych stref, umo\u017cliwiaj\u0105c efektywne monitorowanie zar\u00f3wno ma\u0142ych, jak i \u015brednich instalacji.<\/p>\n<p>Dzi\u0119ki mo\u017cliwo\u015bci rozbudowy do 128 wej\u015b\u0107 bezprzewodowych i sprz\u0119towych oraz 4 programowalnym wyj\u015bciom, system mo\u017cna dostosowa\u0107 do konkretnych potrzeb.<\/p>\n<p>Platforma PowerSeries Neo zapewnia najwy\u017csze bezpiecze\u0144stwo dzi\u0119ki po\u0142\u0105czeniu \u0142\u0105czno\u015bci przewodowej z zaawansowan\u0105 technologi\u0105 bezprzewodow\u0105. Jest to system hybrydowy, kt\u00f3ry integruje r\u00f3\u017cnorodne urz\u0105dzenia i akcesoria bezprzewodowe, zapewniaj\u0105c u\u017cytkownikom kompleksowy i konfigurowalny system bezpiecze\u0144stwa.<\/p>\n<p>HS2016 jest r\u00f3wnie\u017c wyposa\u017cony w innowacyjne funkcje weryfikacji alarm\u00f3w i us\u0142ug zdalnych, umo\u017cliwiaj\u0105c zdalne monitorowanie i sterowanie systemem za pomoc\u0105 aplikacji mobilnych lub komputer\u00f3w.<\/p>\n<p>Dzi\u0119ki intuicyjnemu interfejsowi programowania i solidnemu systemowi obs\u0142ugi kod\u00f3w u\u017cytkownika i komunikat\u00f3w alarmowych, HS2016 gwarantuje, \u017ce wszystkie potrzeby bezpiecze\u0144stwa zostan\u0105 spe\u0142nione skutecznie i niezawodnie. Jest to doskona\u0142y wyb\u00f3r zar\u00f3wno dla dom\u00f3w, jak i firm poszukuj\u0105cych skalowalnego rozwi\u0105zania bezpiecze\u0144stwa.<\/p>\n<h3>Dane techniczne:<\/h3>\n<ul>\n<li><strong>Nazwa produktu:<\/strong> P\u0142ytka HS2016<\/li>\n<li><strong>Producent:<\/strong> DSC<\/li>\n<li><strong>Maksymalna liczba sekcji przewodowych i bezprzewodowych:<\/strong> 16<\/li>\n<li><strong>Liczba wej\u015b\u0107 sekcji:<\/strong> 6<\/li>\n<li><strong>Obszary:<\/strong> 2<\/li>\n<li><strong>Kody u\u017cytkownika:<\/strong> 48<\/li>\n<li><strong>Wyj\u015bcia PGM:<\/strong> 2 (z mo\u017cliwo\u015bci\u0105 rozszerzenia do maksymalnie 22)<\/li>\n<li><strong>Maksymalna liczba pilot\u00f3w bezprzewodowych:<\/strong> 16<\/li>\n<li><strong>Pami\u0119\u0107 zdarze\u0144:<\/strong> 500<\/li>\n<li><strong>Waga:<\/strong> 250 gr<\/li>\n<li><strong>Wymiary:<\/strong> 92 \u00d7 45 \u00d7 15 mm<\/li>\n<\/ul>\n<p>&nbsp;<\/p>","protected":false},"excerpt":{"rendered":"<p>Panel sterowania bezpiecze\u0144stwem DSC HS2016 to skalowalne rozwi\u0105zanie bezpiecze\u0144stwa, kt\u00f3re zarz\u0105dza maksymalnie 16 sekcjami.<\/p>\n<p>Dzi\u0119ki wbudowanym strefom i mo\u017cliwo\u015bci rozbudowy bezprzewodowej jest idealnym rozwi\u0105zaniem zar\u00f3wno dla dom\u00f3w, jak i firm.<\/p>\n<p>Dzi\u0119ki obs\u0142udze programowalnych wyj\u015b\u0107 i r\u00f3\u017cnym opcjom komunikacji, HS2016 oferuje wszechstronn\u0105 platform\u0119 do skutecznego monitorowania bezpiecze\u0144stwa.<\/p>","protected":false},"featured_media":140505,"template":"","meta":{"_acf_changed":false},"product_brand":[],"product_cat":[3321,1322],"product_tag":[3311,3022,3026],"class_list":{"0":"post-72808","1":"product","2":"type-product","3":"status-publish","4":"has-post-thumbnail","6":"product_cat-centralkort","7":"product_cat-dsc-larm-neo-power-hybridlarm","8":"product_tag-dsc-neo-svensk-manual","9":"product_tag-neo-central-kapslingar","10":"product_tag-neo-centralkort-lager","11":"product_shipping_class-postnord-varubrev","12":"pa_brands-4dsc","13":"tm-has-options","15":"first","16":"instock","17":"sale","18":"featured","19":"taxable","20":"shipping-taxable","21":"purchasable","22":"product-type-simple"},"acf":[],"_links":{"self":[{"href":"https:\/\/secureus.se\/pl\/wp-json\/wp\/v2\/product\/72808","targetHints":{"allow":["GET"]}}],"collection":[{"href":"https:\/\/secureus.se\/pl\/wp-json\/wp\/v2\/product"}],"about":[{"href":"https:\/\/secureus.se\/pl\/wp-json\/wp\/v2\/types\/product"}],"wp:featuredmedia":[{"embeddable":true,"href":"https:\/\/secureus.se\/pl\/wp-json\/wp\/v2\/media\/140505"}],"wp:attachment":[{"href":"https:\/\/secureus.se\/pl\/wp-json\/wp\/v2\/media?parent=72808"}],"wp:term":[{"taxonomy":"product_brand","embeddable":true,"href":"https:\/\/secureus.se\/pl\/wp-json\/wp\/v2\/product_brand?post=72808"},{"taxonomy":"product_cat","embeddable":true,"href":"https:\/\/secureus.se\/pl\/wp-json\/wp\/v2\/product_cat?post=72808"},{"taxonomy":"product_tag","embeddable":true,"href":"https:\/\/secureus.se\/pl\/wp-json\/wp\/v2\/product_tag?post=72808"}],"curies":[{"name":"wp","href":"https:\/\/api.w.org\/{rel}","templated":true}]}}