{"id":72809,"date":"2023-02-27T12:34:05","date_gmt":"2023-02-27T11:34:05","guid":{"rendered":"https:\/\/secureus.se\/produkt\/centralkort-hs2032-neo\/"},"modified":"2025-12-31T20:45:52","modified_gmt":"2025-12-31T19:45:52","slug":"dsc-security-control-panel-hs2032","status":"publish","type":"product","link":"https:\/\/secureus.se\/pl\/dsc-security-control-panel-hs2032\/","title":{"rendered":"DSC Security Control Panel HS2032 - (EOL odnosi si\u0119 do p\u0142yty HS2064)"},"content":{"rendered":"<p><span style=\"text-decoration: underline\"><strong>UWAGA! Ten produkt jest produktem ko\u0144cowym i odnosi si\u0119 do wi\u0119kszej p\u0142yty \u015brodkowej HS2064.<\/strong><\/span><\/p>\n<p><strong>Panel sterowania zabezpieczeniami DSC HS2032<\/strong> to zaawansowane rozwi\u0105zanie bezpiecze\u0144stwa, kt\u00f3re pozwala u\u017cytkownikom zarz\u0105dza\u0107 maksymalnie 32 sekcjami, dzi\u0119ki czemu idealnie nadaje si\u0119 do ma\u0142ych i \u015brednich instalacji.<\/p>\n<p>Ta centrala zosta\u0142a zaprojektowana z my\u015bl\u0105 o \u0142atwym sterowaniu i dystrybucji alarm\u00f3w, sygnalizator\u00f3w d\u017awi\u0119kowych i syren, zapewniaj\u0105c skuteczne pokrycie wszystkich potrzeb zwi\u0105zanych z bezpiecze\u0144stwem.<\/p>\n<p>Jedn\u0105 z najbardziej godnych uwagi cech HS2032 jest jego skalowalno\u015b\u0107. Dzi\u0119ki 8 wbudowanym strefom system mo\u017cna \u0142atwo rozszerzy\u0107 do 128 stref bezprzewodowych lub sprz\u0119towych, zapewniaj\u0105c niespotykan\u0105 elastyczno\u015b\u0107 w celu spe\u0142nienia okre\u015blonych potrzeb bezpiecze\u0144stwa.<\/p>\n<p>Ponadto system oferuje 4 wyj\u015bcia PGM, kt\u00f3re mo\u017cna rozszerzy\u0107 do 38, umo\u017cliwiaj\u0105c indywidualne rozwi\u0105zania monitorowania.<\/p>\n<p>Platforma PowerSeries Neo, do kt\u00f3rej nale\u017cy HS2032, wykorzystuje najnowsz\u0105 technologi\u0119 PowerG, aby zapewni\u0107 niezawodn\u0105 i bezpieczn\u0105 komunikacj\u0119.<\/p>\n<p>Dzi\u0119ki innowacyjnym rozwi\u0105zaniom do weryfikacji alarm\u00f3w i kompleksowemu oprogramowaniu do zdalnej obs\u0142ugi u\u017cytkownicy mog\u0105 monitorowa\u0107 i kontrolowa\u0107 swoje systemy bezpiecze\u0144stwa z dowolnego miejsca i o ka\u017cdej porze.<\/p>\n<p>Podsumowuj\u0105c, DSC Security Control Panel HS2032 to idealne po\u0142\u0105czenie zaawansowanej technologii, skalowalno\u015bci i \u0142atwo\u015bci obs\u0142ugi, co czyni go doskona\u0142ym wyborem dla ka\u017cdego, kto szuka skutecznego rozwi\u0105zania bezpiecze\u0144stwa.<\/p>\n<h3><\/h3>","protected":false},"excerpt":{"rendered":"<p><span style=\"text-decoration: underline\"><strong>UWAGA! Ten produkt jest produktem ko\u0144cowym i odnosi si\u0119 do wi\u0119kszej p\u0142yty \u015brodkowej HS2064.<\/strong><\/span><\/p>\n<p>Panel sterowania bezpiecze\u0144stwem DSC HS2032 to wydajne i skalowalne rozwi\u0105zanie bezpiecze\u0144stwa, kt\u00f3re mo\u017ce obs\u0142u\u017cy\u0107 do 32 sekcji.<\/p>\n<p>Przeznaczony jest do sterowania i dystrybucji alarm\u00f3w i sygnalizator\u00f3w d\u017awi\u0119kowych, dzi\u0119ki czemu idealnie nadaje si\u0119 zar\u00f3wno do dom\u00f3w, jak i firm.<\/p>\n<p>Dzi\u0119ki mo\u017cliwo\u015bci rozbudowy i dostosowywania, HS2032 oferuje elastyczno\u015b\u0107 i najwy\u017csze bezpiecze\u0144stwo.<\/p>","protected":false},"featured_media":140505,"template":"","meta":{"_acf_changed":false},"product_brand":[],"product_cat":[3321,1322],"product_tag":[3311,3022],"class_list":{"0":"post-72809","1":"product","2":"type-product","3":"status-publish","4":"has-post-thumbnail","6":"product_cat-centralkort","7":"product_cat-dsc-larm-neo-power-hybridlarm","8":"product_tag-dsc-neo-svensk-manual","9":"product_tag-neo-central-kapslingar","10":"product_shipping_class-postnord-varubrev","11":"pa_brands-4dsc","12":"tm-has-options","14":"first","15":"outofstock","16":"sale","17":"featured","18":"taxable","19":"shipping-taxable","20":"purchasable","21":"product-type-simple"},"acf":[],"_links":{"self":[{"href":"https:\/\/secureus.se\/pl\/wp-json\/wp\/v2\/product\/72809","targetHints":{"allow":["GET"]}}],"collection":[{"href":"https:\/\/secureus.se\/pl\/wp-json\/wp\/v2\/product"}],"about":[{"href":"https:\/\/secureus.se\/pl\/wp-json\/wp\/v2\/types\/product"}],"wp:featuredmedia":[{"embeddable":true,"href":"https:\/\/secureus.se\/pl\/wp-json\/wp\/v2\/media\/140505"}],"wp:attachment":[{"href":"https:\/\/secureus.se\/pl\/wp-json\/wp\/v2\/media?parent=72809"}],"wp:term":[{"taxonomy":"product_brand","embeddable":true,"href":"https:\/\/secureus.se\/pl\/wp-json\/wp\/v2\/product_brand?post=72809"},{"taxonomy":"product_cat","embeddable":true,"href":"https:\/\/secureus.se\/pl\/wp-json\/wp\/v2\/product_cat?post=72809"},{"taxonomy":"product_tag","embeddable":true,"href":"https:\/\/secureus.se\/pl\/wp-json\/wp\/v2\/product_tag?post=72809"}],"curies":[{"name":"wp","href":"https:\/\/api.w.org\/{rel}","templated":true}]}}