{"id":72810,"date":"2023-02-27T12:41:13","date_gmt":"2023-02-27T11:41:13","guid":{"rendered":"https:\/\/secureus.se\/produkt\/centralkort-hs2064-neo-2\/"},"modified":"2025-12-31T20:38:42","modified_gmt":"2025-12-31T19:38:42","slug":"dsc-security-control-panel-hs2064","status":"publish","type":"product","link":"https:\/\/secureus.se\/pl\/dsc-security-control-panel-hs2064\/","title":{"rendered":"Panel sterowania zabezpieczeniami DSC HS2064"},"content":{"rendered":"<p><strong>Skalowalne i elastyczne zabezpieczenia dzi\u0119ki panelowi sterowania bezpiecze\u0144stwem DSC HS2064:<\/strong> Panel sterowania bezpiecze\u0144stwem DSC HS2064 zosta\u0142 zaprojektowany, aby zapewni\u0107 skuteczny i elastyczny system bezpiecze\u0144stwa zar\u00f3wno dla domu, jak i firmy. Mo\u017ce obs\u0142u\u017cy\u0107 do 64 sekcji, co czyni go idealnym rozwi\u0105zaniem dla ma\u0142ych i \u015brednich instalacji wymagaj\u0105cych niezawodnego bezpiecze\u0144stwa.<\/p>\n<p>Panel jest centraln\u0105 tablic\u0105 steruj\u0105c\u0105 i dystrybuuj\u0105c\u0105 alarmy, alarmy i syreny, co zapewnia optymaln\u0105 prac\u0119 ca\u0142ego systemu. Jest dostarczany bez obudowy, co daje u\u017cytkownikowi mo\u017cliwo\u015b\u0107 osobnego zakupu odpowiedniej obudowy.<\/p>\n<p><strong>Wszechstronne funkcje:<\/strong> HS2064 jest cz\u0119\u015bci\u0105 PowerSeries Neo, co oznacza, \u017ce jest wyposa\u017cony w takie funkcje, jak 8 wbudowanych stref i mo\u017cliwo\u015b\u0107 rozbudowy do 128 stref bezprzewodowych oraz 4 wyj\u015bcia PGM, kt\u00f3re mo\u017cna rozszerzy\u0107 do 80. Zapewnia to elastyczno\u015b\u0107 i opcje dostosowywania dla r\u00f3\u017cnych rozwi\u0105za\u0144 bezpiecze\u0144stwa.<\/p>\n<p><strong>Specyfikacja techniczna:<\/strong><\/p>\n<ul>\n<li><strong>Waga:<\/strong> 250 gr<\/li>\n<li><strong>Maksymalna liczba pilot\u00f3w bezprzewodowych:<\/strong> 32<\/li>\n<li><strong>Maksymalna liczba kod\u00f3w u\u017cytkownika:<\/strong> 500<\/li>\n<li><strong>Maksymalna liczba pami\u0119ci zdarze\u0144:<\/strong> 500<\/li>\n<li><strong>Wyj\u015bcia PGM:<\/strong> 4 (mo\u017cliwo\u015b\u0107 rozbudowy do 80)<\/li>\n<\/ul>\n<p><strong>Innowacyjna technologia:<\/strong> Technologia PowerG zapewnia niezawodn\u0105 ochron\u0119 przed w\u0142amaniami dzi\u0119ki szyfrowaniu i odporno\u015bci na manipulacje. Seria DSC PowerSeries oferuje r\u00f3wnie\u017c rozwi\u0105zania do weryfikacji alarm\u00f3w i kompleksowe oprogramowanie do zdalnego serwisu umo\u017cliwiaj\u0105ce \u0142atwe monitorowanie i sterowanie, niezale\u017cnie od tego, gdzie si\u0119 znajdujesz.<\/p>\n<p>Dzi\u0119ki panelowi sterowania bezpiecze\u0144stwem DSC HS2064 otrzymujesz rozwi\u0105zanie bezpiecze\u0144stwa, kt\u00f3re \u0142\u0105czy w sobie nowoczesn\u0105 technologi\u0119 z \u0142atwo\u015bci\u0105 obs\u0142ugi i elastyczno\u015bci\u0105, doskonale dostosowane do Twoich specyficznych potrzeb.<\/p>","protected":false},"excerpt":{"rendered":"<p>Panel sterowania bezpiecze\u0144stwem DSC HS2064 to wydajne i skalowalne rozwi\u0105zanie w postaci p\u0142yty centralnej, kt\u00f3re obs\u0142uguje do 64 sekcji.<\/p>\n<p>Dzi\u0119ki funkcjom takim jak 8 wbudowanych stref i mo\u017cliwo\u015b\u0107 rozbudowy do 128 stref bezprzewodowych, oferuje kompleksowy monitoring bezpiecze\u0144stwa.<\/p>\n<p>Jest idealny zar\u00f3wno do u\u017cytku domowego, jak i komercyjnego i mo\u017cna go \u0142atwo dostosowa\u0107 do konkretnych potrzeb w zakresie bezpiecze\u0144stwa.<\/p>","protected":false},"featured_media":140505,"template":"","meta":{"_acf_changed":false},"product_brand":[],"product_cat":[3321,1322],"product_tag":[3311,3022,3026],"class_list":{"0":"post-72810","1":"product","2":"type-product","3":"status-publish","4":"has-post-thumbnail","6":"product_cat-centralkort","7":"product_cat-dsc-larm-neo-power-hybridlarm","8":"product_tag-dsc-neo-svensk-manual","9":"product_tag-neo-central-kapslingar","10":"product_tag-neo-centralkort-lager","11":"product_shipping_class-postnord-varubrev","12":"pa_brands-4dsc","13":"tm-has-options","15":"first","16":"instock","17":"sale","18":"featured","19":"taxable","20":"shipping-taxable","21":"purchasable","22":"product-type-simple"},"acf":[],"_links":{"self":[{"href":"https:\/\/secureus.se\/pl\/wp-json\/wp\/v2\/product\/72810","targetHints":{"allow":["GET"]}}],"collection":[{"href":"https:\/\/secureus.se\/pl\/wp-json\/wp\/v2\/product"}],"about":[{"href":"https:\/\/secureus.se\/pl\/wp-json\/wp\/v2\/types\/product"}],"wp:featuredmedia":[{"embeddable":true,"href":"https:\/\/secureus.se\/pl\/wp-json\/wp\/v2\/media\/140505"}],"wp:attachment":[{"href":"https:\/\/secureus.se\/pl\/wp-json\/wp\/v2\/media?parent=72810"}],"wp:term":[{"taxonomy":"product_brand","embeddable":true,"href":"https:\/\/secureus.se\/pl\/wp-json\/wp\/v2\/product_brand?post=72810"},{"taxonomy":"product_cat","embeddable":true,"href":"https:\/\/secureus.se\/pl\/wp-json\/wp\/v2\/product_cat?post=72810"},{"taxonomy":"product_tag","embeddable":true,"href":"https:\/\/secureus.se\/pl\/wp-json\/wp\/v2\/product_tag?post=72810"}],"curies":[{"name":"wp","href":"https:\/\/api.w.org\/{rel}","templated":true}]}}