{"id":73277,"date":"2022-03-10T15:40:00","date_gmt":"2022-03-10T14:40:00","guid":{"rendered":"https:\/\/secureus.se\/produkt\/abloy-eltryckeslas-el582-70mm\/"},"modified":"2026-04-07T16:06:42","modified_gmt":"2026-04-07T14:06:42","slug":"abloy-eltryckeslas-el582-70mm","status":"publish","type":"product","link":"https:\/\/secureus.se\/pl\/abloy-eltryckeslas-el582-70mm\/","title":{"rendered":"Abloy Zamek elektryczny EL582 70mm"},"content":{"rendered":"<p>Bezpo\u015bredni zamiennik Abloy 8180\/8181.<\/p>\n<p>EL582 to elektromechanicznie sterowany zamek funkcyjny ci\u015bnienia b\u0119d\u0105cy tzw. typ wielofunkcyjny.<\/p>\n<p>EL 582 to zamek elektryczny typu dziennego, kt\u00f3ry doskonale sprawdza si\u0119 jako zamek dzienny w budynkach komercyjnych, zamek wewn\u0119trzny i drzwi zewn\u0119trzne w budynkach mieszkalnych.<\/p>\n<p>Mo\u017cliwo\u015b\u0107 zawieszenia w prawo\/lewo (bez otwierania zamka).<\/p>\n<p>Zmienna obudowa 20\/14 mm w pozycji zablokowanej.<\/p>\n<p>Wielonapi\u0119ciowe 12\u201324 V DC -10%\/+10% Maksymalny pr\u0105d: 350 mA Pr\u0105d ja\u0142owy: 120 mA<\/p>\n<p>Mo\u017cliwo\u015b\u0107 prze\u0142\u0105czania funkcji do przodu\/do ty\u0142u.<\/p>\n<p>Podw\u00f3jne mikroprze\u0142\u0105czniki<\/p>\n<p>Wymiary i umiejscowienie t\u0142ok\u00f3w zgodnie ze standardem Assa.<\/p>","protected":false},"excerpt":{"rendered":"<p>En direkt ers\u00e4ttare f\u00f6r Abloy 8180\/8181. EL582 \u00e4r ett elektromekaniskt styrt tryckesfunktionsl\u00e5s som \u00e4r av sk. multifunktionstyp. EL 582 \u00e4r ett ell\u00e5s av dagl\u00e5styp och passar bra som dagl\u00e5sning i<\/p>","protected":false},"featured_media":145608,"template":"","meta":{"_acf_changed":false},"product_brand":[],"product_cat":[2429],"product_tag":[2927,2286,2417],"class_list":{"0":"post-73277","1":"product","2":"type-product","3":"status-publish","4":"has-post-thumbnail","6":"product_cat-ellas","7":"product_tag-abloy-el582","8":"product_tag-ellas-eltryckeslas","9":"product_tag-rel-abloy-ellas","10":"product_shipping_class-tunga-paket","11":"pa_brands-abloy","12":"tm-no-options","14":"first","15":"instock","16":"sale","17":"featured","18":"taxable","19":"shipping-taxable","20":"purchasable","21":"product-type-simple"},"acf":[],"_links":{"self":[{"href":"https:\/\/secureus.se\/pl\/wp-json\/wp\/v2\/product\/73277","targetHints":{"allow":["GET"]}}],"collection":[{"href":"https:\/\/secureus.se\/pl\/wp-json\/wp\/v2\/product"}],"about":[{"href":"https:\/\/secureus.se\/pl\/wp-json\/wp\/v2\/types\/product"}],"wp:featuredmedia":[{"embeddable":true,"href":"https:\/\/secureus.se\/pl\/wp-json\/wp\/v2\/media\/145608"}],"wp:attachment":[{"href":"https:\/\/secureus.se\/pl\/wp-json\/wp\/v2\/media?parent=73277"}],"wp:term":[{"taxonomy":"product_brand","embeddable":true,"href":"https:\/\/secureus.se\/pl\/wp-json\/wp\/v2\/product_brand?post=73277"},{"taxonomy":"product_cat","embeddable":true,"href":"https:\/\/secureus.se\/pl\/wp-json\/wp\/v2\/product_cat?post=73277"},{"taxonomy":"product_tag","embeddable":true,"href":"https:\/\/secureus.se\/pl\/wp-json\/wp\/v2\/product_tag?post=73277"}],"curies":[{"name":"wp","href":"https:\/\/api.w.org\/{rel}","templated":true}]}}