{"id":73278,"date":"2022-03-10T15:40:00","date_gmt":"2022-03-10T14:40:00","guid":{"rendered":"https:\/\/secureus.se\/produkt\/abloy-eltryckeslas-el-580-70mm\/"},"modified":"2026-04-01T13:02:31","modified_gmt":"2026-04-01T11:02:31","slug":"abloy-eltryckeslas-el-580-70mm","status":"publish","type":"product","link":"https:\/\/secureus.se\/pl\/abloy-eltryckeslas-el-580-70mm\/","title":{"rendered":"Abloy Zamek elektryczny EL 580 70mm"},"content":{"rendered":"<div>\n<p>Zamek z du\u017cymi mo\u017cliwo\u015bciami modyfikacji!<\/p>\n<p>Abloy EL 580 nale\u017cy do nowej generacji elektrycznych zamk\u00f3w push firmy Abloy z tzw. funkcj\u0105 dzielenia.<\/p>\n<p>EL580 to elektromechanicznie sterowany zamek funkcyjny ci\u015bnienia b\u0119d\u0105cy tzw. typ wielofunkcyjny.<\/p>\n<p>EL 580 to zamek elektryczny typu dziennego, doskonale sprawdzaj\u0105cy si\u0119 jako zamek dzienny w budynkach komercyjnych, zamek wewn\u0119trzny i drzwi zewn\u0119trzne w budynkach mieszkalnych.<\/p>\n<p>Funkcja: Zamki funkcyjne posiadaj\u0105 kombinacj\u0119 funkcji mechanicznych i elektrycznych, co umo\u017cliwia wygodne wyj\u015bcie bez sterowania elektrycznego.<\/p>\n<p>Zamek z funkcj\u0105 dzielon\u0105 stosuje si\u0119 tam, gdzie potrzebne jest wej\u015bcie elektryczne i wyj\u015bcie mechaniczne za pomoc\u0105 prostego uchwytu.<\/p>\n<p>Abloy EL 580 posiada 2 zintegrowane mikroprze\u0142\u0105czniki, kt\u00f3re wskazuj\u0105 po\u0142o\u017cenie t\u0142oka i u\u017cycie funkcji ci\u015bnienia.<\/p>\n<p>Zamek mo\u017cna zawsze obs\u0142ugiwa\u0107 mechanicznie za pomoc\u0105 wk\u0142adki lub ga\u0142ki, zamek blokuje si\u0119 automatycznie po zamkni\u0119ciu drzwi.<\/p>\n<p>Regulowane zawieszenie prawe\/lewe (bez otwierania zamka)<\/p>\n<p>Zmienna obudowa 20\/14 mm w pozycji zablokowanej.<\/p>\n<p>Wielonapi\u0119ciowe 12-24 V DC -10%\/+10% Maksymalny pr\u0105d: 400mA.<\/p>\n<p>Mo\u017cliwo\u015b\u0107 prze\u0142\u0105czania funkcji do przodu\/do ty\u0142u.<\/p>\n<p>Mo\u017cliwo\u015b\u0107 wyboru strony aktywnej, dzielone wrzeciono EL 580.<\/p>\n<p>Wymiary i umiejscowienie t\u0142ok\u00f3w zgodnie ze standardem Assa.<\/p>\n<\/div>","protected":false},"excerpt":{"rendered":"<p>Zamek z du\u017cymi mo\u017cliwo\u015bciami modyfikacji! Abloy EL 580 nale\u017cy do nowej generacji elektrycznych zamk\u00f3w push firmy Abloy z tzw. funkcj\u0105 dzielenia. EL580 to elektromechanicznie sterowany zamek funkcyjny ci\u015bnienia b\u0119d\u0105cy tzw<\/p>","protected":false},"featured_media":145008,"template":"","meta":{"_acf_changed":false},"product_brand":[],"product_cat":[2429],"product_tag":[2928,2286,2417],"class_list":{"0":"post-73278","1":"product","2":"type-product","3":"status-publish","4":"has-post-thumbnail","6":"product_cat-ellas","7":"product_tag-abloy-el580","8":"product_tag-ellas-eltryckeslas","9":"product_tag-rel-abloy-ellas","10":"product_shipping_class-tunga-paket","11":"pa_brands-abloy","12":"tm-no-options","14":"first","15":"instock","16":"sale","17":"featured","18":"taxable","19":"shipping-taxable","20":"purchasable","21":"product-type-simple"},"acf":[],"_links":{"self":[{"href":"https:\/\/secureus.se\/pl\/wp-json\/wp\/v2\/product\/73278","targetHints":{"allow":["GET"]}}],"collection":[{"href":"https:\/\/secureus.se\/pl\/wp-json\/wp\/v2\/product"}],"about":[{"href":"https:\/\/secureus.se\/pl\/wp-json\/wp\/v2\/types\/product"}],"wp:featuredmedia":[{"embeddable":true,"href":"https:\/\/secureus.se\/pl\/wp-json\/wp\/v2\/media\/145008"}],"wp:attachment":[{"href":"https:\/\/secureus.se\/pl\/wp-json\/wp\/v2\/media?parent=73278"}],"wp:term":[{"taxonomy":"product_brand","embeddable":true,"href":"https:\/\/secureus.se\/pl\/wp-json\/wp\/v2\/product_brand?post=73278"},{"taxonomy":"product_cat","embeddable":true,"href":"https:\/\/secureus.se\/pl\/wp-json\/wp\/v2\/product_cat?post=73278"},{"taxonomy":"product_tag","embeddable":true,"href":"https:\/\/secureus.se\/pl\/wp-json\/wp\/v2\/product_tag?post=73278"}],"curies":[{"name":"wp","href":"https:\/\/api.w.org\/{rel}","templated":true}]}}