{"id":75111,"date":"2022-03-10T15:40:00","date_gmt":"2022-03-10T14:40:00","guid":{"rendered":"https:\/\/secureus.se\/produkt\/abloy-eltryckeslas-el482-29mm\/"},"modified":"2026-04-01T13:01:28","modified_gmt":"2026-04-01T11:01:28","slug":"abloy-eltryckeslas-el482-29mm","status":"publish","type":"product","link":"https:\/\/secureus.se\/pl\/abloy-eltryckeslas-el482-29mm\/","title":{"rendered":"Zamek elektryczny Abloy EL482 29mm"},"content":{"rendered":"<h3>Obszar zastosowania<\/h3>\n<p>Elektryczny zamek dociskowy EL482 to wielofunkcyjny zamek przystosowany do drzwi cz\u0119sto ucz\u0119szczanych, o w\u0105skim profilu.<\/p>\n<p>nadaje si\u0119 jako zamek dzienny i wewn\u0119trzny w handlu, biurach i przemy\u015ble lub w wej\u015bciach i obszarach publicznych w budynkach wielorodzinnych. ABLOY EL480 mo\u017ce by\u0107 stosowany na granicy ogniw przeciwpo\u017carowych.<\/p>\n<h3>Charakterystyka<\/h3>\n<p>\u2022 Po\u0142\u0105czony spadek ci\u015bnienia<\/p>\n<p>\u2022 Zamek mo\u017cna zawsze obs\u0142ugiwa\u0107 za pomoc\u0105 wk\u0142adki\/ga\u0142ki<\/p>\n<p>\u2022 Wielofunkcyjny<\/p>\n<p>\u2013 12-24VDC, stabilne<\/p>\n<p>\u2013 \u0142atwe prze\u0142\u0105czanie funkcji prz\u00f3d\/ty\u0142<\/p>\n<p>2 mikroprze\u0142\u0105czniki<\/p>\n<p>\u2013 Blokada (pozycja drzwi)<\/p>\n<p>\u2013 Ruch t\u0142oczony, g\u0142\u0119boko\u015b\u0107 trzpienia 29 lub 35 mm<\/p>\n<p>\u2022 Wszystkie kable wyposa\u017cone w z\u0142\u0105cza u\u0142atwiaj\u0105ce instalacj\u0119 za pomoc\u0105 kabla po\u0142\u0105czeniowego EA220<\/p>\n<p>\u2022 Ca\u0142kowicie dostosowany do standardu wn\u0119kowego ASSA ABLOY<\/p>\n<h3>Funkcjonowa\u0107<\/h3>\n<p>EL482 ze standardow\u0105 funkcj\u0105<\/p>\n<p>\u2013 Sterowanie elektryczne pod ci\u015bnieniem zewn\u0119trznym i wewn\u0119trznym<\/p>\n<h3>Dane techniczne<\/h3>\n<p>\u2022 Pob\u00f3r mocy Maks. 350 mA<\/p>\n<p>\u2022 Reszta 120 mA<\/p>\n<p>\u2022 Mikroprze\u0142\u0105cznik Prze\u0142\u0105czanie jednobiegunowe Max. 30 V pr\u0105du sta\u0142ego, 400 mA<\/p>","protected":false},"excerpt":{"rendered":"<p>Anv\u00e4ndningsomr\u00e5de Eltryckesl\u00e5s EL482\u00a0\u00e4r ett multifunktionellt l\u00e5s anpassat f\u00f6r h\u00f6gfrekventa d\u00f6rrar i smalprofilutf\u00f6rande. passar bra som dagl\u00e5sning och intern l\u00e5sning inom handel, kontor och industri eller i entr\u00e9er och allm\u00e4nna utrymmen<\/p>","protected":false},"featured_media":145604,"template":"","meta":{"_acf_changed":false},"product_brand":[],"product_cat":[2429],"product_tag":[2929,2286,2417],"class_list":{"0":"post-75111","1":"product","2":"type-product","3":"status-publish","4":"has-post-thumbnail","6":"product_cat-ellas","7":"product_tag-abloy-el482","8":"product_tag-ellas-eltryckeslas","9":"product_tag-rel-abloy-ellas","10":"product_shipping_class-tunga-paket","11":"pa_brands-abloy","12":"tm-no-options","14":"first","15":"instock","16":"sale","17":"featured","18":"taxable","19":"shipping-taxable","20":"purchasable","21":"product-type-simple"},"acf":[],"_links":{"self":[{"href":"https:\/\/secureus.se\/pl\/wp-json\/wp\/v2\/product\/75111","targetHints":{"allow":["GET"]}}],"collection":[{"href":"https:\/\/secureus.se\/pl\/wp-json\/wp\/v2\/product"}],"about":[{"href":"https:\/\/secureus.se\/pl\/wp-json\/wp\/v2\/types\/product"}],"wp:featuredmedia":[{"embeddable":true,"href":"https:\/\/secureus.se\/pl\/wp-json\/wp\/v2\/media\/145604"}],"wp:attachment":[{"href":"https:\/\/secureus.se\/pl\/wp-json\/wp\/v2\/media?parent=75111"}],"wp:term":[{"taxonomy":"product_brand","embeddable":true,"href":"https:\/\/secureus.se\/pl\/wp-json\/wp\/v2\/product_brand?post=75111"},{"taxonomy":"product_cat","embeddable":true,"href":"https:\/\/secureus.se\/pl\/wp-json\/wp\/v2\/product_cat?post=75111"},{"taxonomy":"product_tag","embeddable":true,"href":"https:\/\/secureus.se\/pl\/wp-json\/wp\/v2\/product_tag?post=75111"}],"curies":[{"name":"wp","href":"https:\/\/api.w.org\/{rel}","templated":true}]}}