{"id":76515,"date":"2023-04-24T12:12:24","date_gmt":"2023-04-24T10:12:24","guid":{"rendered":"https:\/\/secureus.se\/produkt\/abloy-solenoidlas-el502-omvand-reverse\/"},"modified":"2026-04-15T17:03:05","modified_gmt":"2026-04-15T15:03:05","slug":"abloy-solenoidlas-el502-omvand-reverse","status":"publish","type":"product","link":"https:\/\/secureus.se\/pl\/abloy-solenoidlas-el502-omvand-reverse\/","title":{"rendered":"Zamek elektromagnetyczny Abloy EL502 rewersu"},"content":{"rendered":"<p>Zamek elektromagnetyczny EL502 przystosowany jest do drzwi o du\u017cej cz\u0119stotliwo\u015bci z wn\u0119kami modu\u0142owymi. Zamek doskonale sprawdza si\u0119 jako zamek dzienny i wewn\u0119trzny w handlu, biurach i przemy\u015ble, a tak\u017ce w wej\u015bciach i pomieszczeniach og\u00f3lnodost\u0119pnych w budynkach wielorodzinnych. Przystosowany do monta\u017cu razem z automatyk\u0105 drzwiow\u0105. EL502 NIE mo\u017ce by\u0107 u\u017cywany jako zabezpieczenie przeciwpo\u017carowe w granicach strefy po\u017carowej i NIE mo\u017ce by\u0107 poddawany dzia\u0142aniu ci\u015bnienia ta\u015bmy. Funkcja odwrotna. Blokad\u0119 kasuje si\u0119 za pomoc\u0105 sterowania elektrycznego lub za pomoc\u0105 cylindra\/pokr\u0119t\u0142a. Po zwolnieniu blokady drzwi mo\u017cna poci\u0105gn\u0105\u0107\/przesun\u0105\u0107. Obudowy dwufunkcyjne nie s\u0105 chowane, lecz sk\u0142adane.<br \/>\nNapi\u0119cie: 12 \u2013 24 VDC (-10% +15%)<br \/>\nPob\u00f3r pr\u0105du przy 24 VDC: spoczynek 0 mA, praca 110 mA, start 270 mA (start &lt;0,1 s)<br \/>\nZakres temperatur: -20 do +60\u00b0C<br \/>\nWyst\u0119p przymiaru opadaj\u0105cego: 14 mm<br \/>\nG\u0142\u0119boko\u015b\u0107 trzpienia: 50 mm<br \/>\nS\u0142upek: 22 mm<br \/>\nP\u0142yta ko\u0144cowa: LP711<br \/>\nKabel po\u0142\u0105czeniowy: EA220<br \/>\nSzczelina drzwi: 3 \u2013 5 mm<\/p>\n<p>Numer artyku\u0142u dostawcy: 1005020100<\/p>\n<p>Wyprodukuj Abloy<\/p>","protected":false},"excerpt":{"rendered":"<p>Zamek elektromagnetyczny EL502 przystosowany jest do drzwi o du\u017cej cz\u0119stotliwo\u015bci z wn\u0119kami modu\u0142owymi. Zamek doskonale sprawdza si\u0119 jako zamek dzienny i wewn\u0119trzny w handlu, biurach i przemy\u015ble, a tak\u017ce w wej\u015bciach i pomieszczeniach og\u00f3lnodost\u0119pnych w budynkach wielorodzinnych.<\/p>","protected":false},"featured_media":140894,"template":"","meta":{"_acf_changed":false},"product_brand":[],"product_cat":[2429],"product_tag":[2930,2287,2417],"class_list":{"0":"post-76515","1":"product","2":"type-product","3":"status-publish","4":"has-post-thumbnail","6":"product_cat-ellas","7":"product_tag-abloy-el502","8":"product_tag-ellas-solenoidlas","9":"product_tag-rel-abloy-ellas","10":"product_shipping_class-tunga-paket","11":"pa_brands-abloy","12":"tm-no-options","14":"first","15":"instock","16":"sale","17":"featured","18":"taxable","19":"shipping-taxable","20":"purchasable","21":"product-type-simple"},"acf":[],"_links":{"self":[{"href":"https:\/\/secureus.se\/pl\/wp-json\/wp\/v2\/product\/76515","targetHints":{"allow":["GET"]}}],"collection":[{"href":"https:\/\/secureus.se\/pl\/wp-json\/wp\/v2\/product"}],"about":[{"href":"https:\/\/secureus.se\/pl\/wp-json\/wp\/v2\/types\/product"}],"wp:featuredmedia":[{"embeddable":true,"href":"https:\/\/secureus.se\/pl\/wp-json\/wp\/v2\/media\/140894"}],"wp:attachment":[{"href":"https:\/\/secureus.se\/pl\/wp-json\/wp\/v2\/media?parent=76515"}],"wp:term":[{"taxonomy":"product_brand","embeddable":true,"href":"https:\/\/secureus.se\/pl\/wp-json\/wp\/v2\/product_brand?post=76515"},{"taxonomy":"product_cat","embeddable":true,"href":"https:\/\/secureus.se\/pl\/wp-json\/wp\/v2\/product_cat?post=76515"},{"taxonomy":"product_tag","embeddable":true,"href":"https:\/\/secureus.se\/pl\/wp-json\/wp\/v2\/product_tag?post=76515"}],"curies":[{"name":"wp","href":"https:\/\/api.w.org\/{rel}","templated":true}]}}